{"id":4823,"date":"2022-09-20T19:49:58","date_gmt":"2022-09-20T19:49:58","guid":{"rendered":"https:\/\/dsb2b.assemblyweb.net\/dropshipping"},"modified":"2022-10-07T14:22:53","modified_gmt":"2022-10-07T14:22:53","slug":"dropshipping","status":"publish","type":"page","link":"https:\/\/dropshippingb2b.com\/es\/dropshipping","title":{"rendered":"Dropshipping"},"content":{"rendered":"\n<div class=\"wp-block-cover alignfull\" style=\"min-height:350px;aspect-ratio:unset;\"><span aria-hidden=\"true\" class=\"wp-block-cover__background has-background-dim-0 has-background-dim\"><\/span><img loading=\"lazy\" decoding=\"async\" width=\"1200\" height=\"1600\" class=\"wp-block-cover__image-background wp-image-2834\" alt=\"\" src=\"https:\/\/dropshippingb2b.com\/wp-content\/uploads\/2022\/01\/wwtech-portada-duotone.jpg\" data-object-fit=\"cover\" srcset=\"https:\/\/dropshippingb2b.com\/wp-content\/uploads\/2022\/01\/wwtech-portada-duotone.jpg 1200w, https:\/\/dropshippingb2b.com\/wp-content\/uploads\/2022\/01\/wwtech-portada-duotone-225x300.jpg 225w, https:\/\/dropshippingb2b.com\/wp-content\/uploads\/2022\/01\/wwtech-portada-duotone-768x1024.jpg 768w, https:\/\/dropshippingb2b.com\/wp-content\/uploads\/2022\/01\/wwtech-portada-duotone-1152x1536.jpg 1152w, https:\/\/dropshippingb2b.com\/wp-content\/uploads\/2022\/01\/wwtech-portada-duotone-300x400.jpg 300w\" sizes=\"auto, (max-width: 1200px) 100vw, 1200px\" \/><div class=\"wp-block-cover__inner-container is-layout-flow wp-block-cover-is-layout-flow\">\n<h2 class=\"has-text-color has-huge-font-size wp-block-heading\" style=\"color:#ffffff\"><strong>\u00bfQu\u00e9 es el dropshipping?<\/strong> <\/h2>\n\n\n\n<h4 class=\"has-text-color has-huge-font-size wp-block-heading\" style=\"color:#ffffff\">Gu\u00eda pr\u00e1ctica y r\u00e1pida para saber qu\u00e9 es el dropshipping y c\u00f3mo funciona<\/h4>\n<\/div><\/div>\n\n\n\n<div class=\"inherit-container-width wp-block-group alignfull has-background is-layout-constrained wp-block-group-is-layout-constrained\" style=\"background-color:#f6f6f6\"><div class=\"wp-block-group__inner-container\">\n<div class=\"inherit-container-width wp-block-group has-background is-layout-constrained wp-block-group-is-layout-constrained\" style=\"background-color:#ffffff\"><div class=\"wp-block-group__inner-container\">\n<p>Dropshipping es un modelo de ventas que permite a los revendedores B2C para expandir sus productos ofrecen sin inversi\u00f3n y sin tener que lidiar con la log\u00edstica y los problemas de env\u00edo.<\/p>\n\n\n\n<p>WWTech s.r.l. ofrece tanto un servicio de descarga de cat\u00e1logo Proveedores integrado y una plataforma basada en la web en el que colocar pedidos individuales para ser enviados en Dropshipping directamente a Clientes Privados.<\/p>\n\n\n\n<figure class=\"wp-block-embed is-type-video is-provider-youtube wp-block-embed-youtube wp-embed-aspect-16-9 wp-has-aspect-ratio\"><div class=\"wp-block-embed__wrapper\">\n<div class=\"ast-oembed-container \" style=\"height: 100%;\"><iframe loading=\"lazy\" title=\"\u200bDropshipping orologi, bigiotteria &amp; accessori moda by WWT\" width=\"500\" height=\"281\" src=\"https:\/\/www.youtube.com\/embed\/RHtsBEoeL9U?feature=oembed\" frameborder=\"0\" allow=\"accelerometer; autoplay; clipboard-write; encrypted-media; gyroscope; picture-in-picture; web-share\" referrerpolicy=\"strict-origin-when-cross-origin\" allowfullscreen><\/iframe><\/div>\n<\/div><\/figure>\n<\/div><\/div>\n\n\n\n<div style=\"height:20px\" aria-hidden=\"true\" class=\"wp-block-spacer\"><\/div>\n\n\n\n<div class=\"inherit-container-width wp-block-group has-background is-layout-constrained wp-block-group-is-layout-constrained\" style=\"background-color:#ffffff\"><div class=\"wp-block-group__inner-container\">\n<h3 class=\"has-text-align-center wp-block-heading\"><strong>\u00bfC\u00d3MO FUNCIONA EL SERVICIO DROPSHIPPING?<\/strong><\/h3>\n\n\n\n<h4 class=\"has-white-color has-text-color has-background wp-block-heading\" style=\"background-color:#e5742e\"><strong>1. <strong><strong>Seleccione la suscripci\u00f3n que mejor se adapte a usted<\/strong><\/strong><\/strong><\/h4>\n\n\n\n<p>Nuestras suscripciones est\u00e1n dise\u00f1adas para proporcionar un servicio b\u00e1sico para la realidad del comercio electr\u00f3nico de puesta en marcha y los servicios m\u00e1s completos para satisfacer los objetivos de crecimiento de las empresas de comercio electr\u00f3nico m\u00e1s exigentes y estructurados.<br>Adem\u00e1s de la oportunidad de ampliar f\u00e1cilmente su cat\u00e1logo de productos, tambi\u00e9n ofrecemos la oportunidad de integrar plenamente la log\u00edstica y el transporte mar\u00edtimo con el fin de dar un servicio r\u00e1pido y profesional a sus clientes privados.<\/p>\n\n\n\n<div style=\"height:50px\" aria-hidden=\"true\" class=\"wp-block-spacer\"><\/div>\n\n\n\n<h4 class=\"has-white-color has-text-color has-background wp-block-heading\" style=\"background-color:#e5742e\"><strong><strong><strong>2.&nbsp;<\/strong><\/strong>Descargue nuestro cat\u00e1logo y cargar los productos de su tienda en l\u00ednea<\/strong><\/h4>\n\n\n\n<p>Puede descargar todo el cat\u00e1logo de productos tanto de forma manual (flujo est\u00e1tica: archivos CSV de exportaci\u00f3n, incluyendo enlaces a im\u00e1genes, actualizados cada 2 horas) o de forma autom\u00e1tica (transmisi\u00f3n en vivo: a trav\u00e9s de la integraci\u00f3n de la API, actualizada en tiempo real).<\/p>\n\n\n\n<div style=\"height:50px\" aria-hidden=\"true\" class=\"wp-block-spacer\"><\/div>\n\n\n\n<h4 class=\"has-white-color has-text-color has-background wp-block-heading\" style=\"background-color:#e5742e\"><strong><strong><strong><strong>3. <strong>Transmitir sus pedidos<\/strong><\/strong><\/strong><\/strong><\/strong><\/h4>\n\n\n\n<p>A trav\u00e9s de nuestra plataforma, puede a\u00f1adir productos directamente en una cesta paralelo integrado a nuestro almac\u00e9n de Proveedores, con las siguientes ventajas:<br>&#8211; Cesta real: productos introducidos son retirados inmediatamente de la disponibilidad de proveedores para asegurar un mayor porcentaje de cumplimiento, impidiendo que otros usuarios puedan comprarlas a la espera de confirmaci\u00f3n.&nbsp;La operaci\u00f3n es reversible: los productos pueden ser retirados y reinsertados en la disponibilidad del cat\u00e1logo;<br>&#8211; Posibilidad de introducir una direcci\u00f3n de env\u00edo para cada orden de B2C y agregar archivos; (ex facturas, cupones de descuento, tarjetas de felicitaci\u00f3n, etc.) para cada orden est\u00e1 disponible el servicio de mensajer\u00eda interna para comunicarse de manera simple con la log\u00edstica.<\/p>\n\n\n\n<div style=\"height:50px\" aria-hidden=\"true\" class=\"wp-block-spacer\"><\/div>\n\n\n\n<h4 class=\"has-white-color has-text-color has-background wp-block-heading\" style=\"background-color:#e5742e\"><strong><strong><strong><strong><strong>4. <strong>Facturaci\u00f3n<\/strong><\/strong><\/strong><\/strong><\/strong><\/strong><\/h4>\n\n\n\n<p>Todos sus pedidos B2C se agrupar\u00e1n en una sola orden B2B, que le permite recibir una factura para su orden confirmada (o de acuerdo a sus necesidades), con el fin de simplificar su contabilidad y de gestionar el env\u00edo r\u00e1pido.<strong><\/strong><\/p>\n<\/div><\/div>\n\n\n\n<div style=\"height:20px\" aria-hidden=\"true\" class=\"wp-block-spacer\"><\/div>\n\n\n\n<div class=\"inherit-container-width wp-block-group has-background is-layout-constrained wp-block-group-is-layout-constrained\" style=\"background-color:#ffffff\"><div class=\"wp-block-group__inner-container\">\n<h2 class=\"has-text-align-center wp-block-heading\">Prestashop<\/h2>\n\n\n\n<figure class=\"wp-block-image aligncenter size-full is-resized\"><img loading=\"lazy\" decoding=\"async\" src=\"https:\/\/dropshippingb2b.com\/wp-content\/uploads\/2022\/01\/logo_prestashop.jpg\" alt=\"\" class=\"wp-image-3503\" width=\"175\" height=\"113\" srcset=\"https:\/\/dropshippingb2b.com\/wp-content\/uploads\/2022\/01\/logo_prestashop.jpg 700w, https:\/\/dropshippingb2b.com\/wp-content\/uploads\/2022\/01\/logo_prestashop-300x193.jpg 300w\" sizes=\"auto, (max-width: 175px) 100vw, 175px\" \/><\/figure>\n\n\n\n<p>Podemos desarrollar tu primer proyecto de e-commerce utilizando uno de los mejores y m\u00e1s populares CMS de Europa: PrestaShop.<br>Te ayudaremos a organizar tu sitio para que la gesti\u00f3n de tus contactos y tus ventas sea r\u00e1pida y sencilla.<br>No tendr\u00e1s que preocuparte por nada, conf\u00eda en nosotros y recibir\u00e1s el paquete completo para empezar a utilizar tu eCommerce.<br>Tambi\u00e9n est\u00e1 disponible el desarrollo de complementos para integrar todos los productos del cat\u00e1logo de WWT a su sitio.<\/p>\n\n\n\n<p>Si ya tienes un eCommerce desarrollado en base a PrestaShop (tanto en la versi\u00f3n 1.6 como en la 1.7) te puede interesar saber que anteriormente hemos tenido dos m\u00f3dulos de integraci\u00f3n desarrollados por una empresa externa que te permiten IMPORTAR f\u00e1cilmente todos los productos, para EXPORTAR autom\u00e1ticamente los pedidos al proveedor y gestionar la visibilidad de cat\u00e1logos, descuentos, m\u00e1rgenes de beneficio y mucho m\u00e1s!<\/p>\n<\/div><\/div>\n<\/div><\/div>\n\n\n\n<div class=\"inherit-container-width wp-block-group alignfull has-background is-layout-constrained wp-block-group-is-layout-constrained\" style=\"background-color:#fae4d6\"><div class=\"wp-block-group__inner-container\">\n<h3 class=\"has-text-align-center wp-block-heading\">\u00bfTODAV\u00cdA DUDAS?<\/h3>\n\n\n\n<p class=\"has-text-align-center\">Consulta las preguntas frecuentes o habla con uno de nosotros<\/p>\n\n\n\n<div class=\"wp-block-columns is-layout-flex wp-container-core-columns-is-layout-1 wp-block-columns-is-layout-flex\">\n<div class=\"wp-block-column is-vertically-aligned-center is-layout-flow wp-block-column-is-layout-flow\">\n<div class=\"wp-block-buttons is-horizontal is-content-justification-center is-layout-flex wp-container-core-buttons-is-layout-1 wp-block-buttons-is-layout-flex\">\n<div class=\"wp-block-button is-style-outline is-style-outline--1\"><a class=\"wp-block-button__link has-text-color\" href=\"\/es\/faq\" style=\"color:#e5742e\">VISITA LAS FAQ<\/a><\/div>\n\n\n\n<div class=\"wp-block-button is-style-fill\"><a class=\"wp-block-button__link\" href=\"\/es\/contactanos\">CONTACTANOS<\/a><\/div>\n<\/div>\n<\/div>\n<\/div>\n<\/div><\/div>\n","protected":false},"excerpt":{"rendered":"<p>Dropshipping es un modelo de ventas que permite a los revendedores B2C para expandir sus productos ofrecen sin inversi\u00f3n y sin tener que lidiar con la log\u00edstica y los problemas de env\u00edo. WWTech s.r.l. ofrece tanto un servicio de descarga de cat\u00e1logo Proveedores integrado y una plataforma basada en la web en el que colocar [&hellip;]<\/p>\n","protected":false},"author":1,"featured_media":0,"parent":0,"menu_order":0,"comment_status":"closed","ping_status":"closed","template":"","meta":{"inline_featured_image":false,"site-sidebar-layout":"default","site-content-layout":"page-builder","ast-site-content-layout":"","site-content-style":"default","site-sidebar-style":"default","ast-global-header-display":"","ast-banner-title-visibility":"","ast-main-header-display":"","ast-hfb-above-header-display":"","ast-hfb-below-header-display":"","ast-hfb-mobile-header-display":"","site-post-title":"disabled","ast-breadcrumbs-content":"","ast-featured-img":"","footer-sml-layout":"","theme-transparent-header-meta":"","adv-header-id-meta":"","stick-header-meta":"","header-above-stick-meta":"","header-main-stick-meta":"","header-below-stick-meta":"","astra-migrate-meta-layouts":"default","ast-page-background-enabled":"default","ast-page-background-meta":{"desktop":{"background-color":"","background-image":"","background-repeat":"repeat","background-position":"center center","background-size":"auto","background-attachment":"scroll","background-type":"","background-media":"","overlay-type":"","overlay-color":"","overlay-opacity":"","overlay-gradient":""},"tablet":{"background-color":"","background-image":"","background-repeat":"repeat","background-position":"center center","background-size":"auto","background-attachment":"scroll","background-type":"","background-media":"","overlay-type":"","overlay-color":"","overlay-opacity":"","overlay-gradient":""},"mobile":{"background-color":"","background-image":"","background-repeat":"repeat","background-position":"center center","background-size":"auto","background-attachment":"scroll","background-type":"","background-media":"","overlay-type":"","overlay-color":"","overlay-opacity":"","overlay-gradient":""}},"ast-content-background-meta":{"desktop":{"background-color":"var(--ast-global-color-5)","background-image":"","background-repeat":"repeat","background-position":"center center","background-size":"auto","background-attachment":"scroll","background-type":"","background-media":"","overlay-type":"","overlay-color":"","overlay-opacity":"","overlay-gradient":""},"tablet":{"background-color":"var(--ast-global-color-5)","background-image":"","background-repeat":"repeat","background-position":"center center","background-size":"auto","background-attachment":"scroll","background-type":"","background-media":"","overlay-type":"","overlay-color":"","overlay-opacity":"","overlay-gradient":""},"mobile":{"background-color":"var(--ast-global-color-5)","background-image":"","background-repeat":"repeat","background-position":"center center","background-size":"auto","background-attachment":"scroll","background-type":"","background-media":"","overlay-type":"","overlay-color":"","overlay-opacity":"","overlay-gradient":""}},"footnotes":""},"class_list":["post-4823","page","type-page","status-publish","hentry"],"_links":{"self":[{"href":"https:\/\/dropshippingb2b.com\/es\/wp-json\/wp\/v2\/pages\/4823","targetHints":{"allow":["GET"]}}],"collection":[{"href":"https:\/\/dropshippingb2b.com\/es\/wp-json\/wp\/v2\/pages"}],"about":[{"href":"https:\/\/dropshippingb2b.com\/es\/wp-json\/wp\/v2\/types\/page"}],"author":[{"embeddable":true,"href":"https:\/\/dropshippingb2b.com\/es\/wp-json\/wp\/v2\/users\/1"}],"replies":[{"embeddable":true,"href":"https:\/\/dropshippingb2b.com\/es\/wp-json\/wp\/v2\/comments?post=4823"}],"version-history":[{"count":3,"href":"https:\/\/dropshippingb2b.com\/es\/wp-json\/wp\/v2\/pages\/4823\/revisions"}],"predecessor-version":[{"id":5586,"href":"https:\/\/dropshippingb2b.com\/es\/wp-json\/wp\/v2\/pages\/4823\/revisions\/5586"}],"wp:attachment":[{"href":"https:\/\/dropshippingb2b.com\/es\/wp-json\/wp\/v2\/media?parent=4823"}],"curies":[{"name":"wp","href":"https:\/\/api.w.org\/{rel}","templated":true}]}}