{"id":2197,"date":"2021-07-16T19:22:26","date_gmt":"2021-07-16T19:22:26","guid":{"rendered":"https:\/\/dsb2b.assemblyweb.net\/partner-it"},"modified":"2023-01-10T15:24:29","modified_gmt":"2023-01-10T14:24:29","slug":"partner-it","status":"publish","type":"page","link":"https:\/\/dropshippingb2b.com\/es\/partner-it","title":{"rendered":"PARTNER IT"},"content":{"rendered":"\n<div class=\"wp-block-cover alignfull is-light\" style=\"min-height:350px;aspect-ratio:unset;\"><span aria-hidden=\"true\" class=\"wp-block-cover__background has-u-002-du-002-dast-global-color-6-background-color has-background-dim-0 has-background-dim\"><\/span><img loading=\"lazy\" decoding=\"async\" width=\"1200\" height=\"1600\" class=\"wp-block-cover__image-background wp-image-2834\" alt=\"\" src=\"https:\/\/dropshippingb2b.com\/wp-content\/uploads\/2022\/01\/wwtech-portada-duotone.jpg\" data-object-fit=\"cover\" srcset=\"https:\/\/dropshippingb2b.com\/wp-content\/uploads\/2022\/01\/wwtech-portada-duotone.jpg 1200w, https:\/\/dropshippingb2b.com\/wp-content\/uploads\/2022\/01\/wwtech-portada-duotone-225x300.jpg 225w, https:\/\/dropshippingb2b.com\/wp-content\/uploads\/2022\/01\/wwtech-portada-duotone-768x1024.jpg 768w, https:\/\/dropshippingb2b.com\/wp-content\/uploads\/2022\/01\/wwtech-portada-duotone-1152x1536.jpg 1152w, https:\/\/dropshippingb2b.com\/wp-content\/uploads\/2022\/01\/wwtech-portada-duotone-300x400.jpg 300w\" sizes=\"auto, (max-width: 1200px) 100vw, 1200px\" \/><div class=\"wp-block-cover__inner-container is-layout-flow wp-block-cover-is-layout-flow\">\n<h2 class=\"has-white-color has-text-color wp-block-heading\">Partner IT<\/h2>\n<\/div><\/div>\n\n\n\n<div class=\"inherit-container-width wp-block-group alignfull has-background is-layout-constrained wp-block-group-is-layout-constrained\" style=\"background-color:#f6f6f6\"><div class=\"wp-block-group__inner-container\">\n<div class=\"inherit-container-width wp-block-group mt--50 has-background is-layout-constrained wp-block-group-is-layout-constrained\" style=\"background-color:#ffffff\"><div class=\"wp-block-group__inner-container\">\n<figure class=\"wp-block-image alignwide size-large\"><img loading=\"lazy\" decoding=\"async\" width=\"1024\" height=\"335\" src=\"https:\/\/dropshippingb2b.com\/wp-content\/uploads\/2022\/10\/dropshipping_partnership_es-1024x335.png\" alt=\"\" class=\"wp-image-5911\" srcset=\"https:\/\/dropshippingb2b.com\/wp-content\/uploads\/2022\/10\/dropshipping_partnership_es-1024x335.png 1024w, https:\/\/dropshippingb2b.com\/wp-content\/uploads\/2022\/10\/dropshipping_partnership_es-300x98.png 300w, https:\/\/dropshippingb2b.com\/wp-content\/uploads\/2022\/10\/dropshipping_partnership_es-768x251.png 768w, https:\/\/dropshippingb2b.com\/wp-content\/uploads\/2022\/10\/dropshipping_partnership_es.png 1200w\" sizes=\"auto, (max-width: 1024px) 100vw, 1024px\" \/><\/figure>\n\n\n\n<p>\u00bfQuieres externalizar el desarrollo de integraci\u00f3n con nosotros? <br>\u00bfNo tiene un equipo de IT interno o simplemente prefiere confiar en una soluci\u00f3n existente y probada?<\/p>\n\n\n\n<h3 class=\"wp-block-heading\"><strong><strong>\u00a1Conf\u00eda en uno de nuestros partner!<\/strong><\/strong><\/h3>\n\n\n\n<p>Nuestros flujos son probados y utilizados por docenas de clientes, son flujos est\u00e1ndar y pueden integrarse en cada comercio electr\u00f3nico, y si su e-commerce se desarroll\u00f3 en uno de los CMS m\u00e1s utilizados en el mundo, probablemente alguien ya haya hecho esta integraci\u00f3n antes que usted. : \u00bfpor qu\u00e9 hacer un nuevo desarrollo cuando probablemente ya exista una soluci\u00f3n que le permita comenzar de inmediato?<\/p>\n\n\n\n<p>Por supuesto, una soluci\u00f3n personalizada es preferible por la independencia que ofrece, ya que le permite desarrollar la configuraci\u00f3n de acuerdo con su plan de negocios personal, pero sobre todo en la fase de inicio, puede ser interesante considerar una de las soluciones que ya se encuentran en el mercado: aqu\u00ed abajo, presentamos algunos de ellos.<\/p>\n<\/div><\/div>\n\n\n\n<div style=\"height:30px\" aria-hidden=\"true\" class=\"wp-block-spacer\"><\/div>\n\n\n\n<div class=\"inherit-container-width wp-block-group has-background is-layout-constrained wp-block-group-is-layout-constrained\" style=\"background-color:#ffffff\"><div class=\"wp-block-group__inner-container\">\n<h4 class=\"wp-block-heading\"><strong>Proveedor<\/strong>:<\/h4>\n\n\n\n<figure class=\"wp-block-image aligncenter size-full\"><img loading=\"lazy\" decoding=\"async\" width=\"300\" height=\"85\" src=\"https:\/\/dropshippingb2b.com\/wp-content\/uploads\/2023\/01\/wwtech-4.jpg\" alt=\"\" class=\"wp-image-7235\"\/><\/figure>\n\n\n\n<p class=\"has-text-align-center\">WWTech s.r.l. c\/o <img decoding=\"async\" class=\"footer-sellalab\" src=\"https:\/\/dropshippingb2b.com\/wp-content\/uploads\/2022\/09\/logo-sellalab-nuovo-positivo.png\" alt=\"\"><br>Via Corradino Sella, 10<br>13900 Biella (BI)<\/p>\n\n\n\n<p class=\"has-text-align-center\">Tel <strong>+39-02-87.15.68.53 int. 4<\/strong> <br>Fax <strong>+39-02-87.15.27.41<\/strong><br>Skype <strong>dropshipping.wwtech<\/strong> <br>E-mail <strong>dropshipping@wwt.it<\/strong><\/p>\n\n\n\n<h4 class=\"wp-block-heading\"><strong><strong>CMS soportados:<\/strong><\/strong><\/h4>\n\n\n\n<figure class=\"wp-block-image aligncenter size-full is-resized\"><img loading=\"lazy\" decoding=\"async\" src=\"https:\/\/dropshippingb2b.com\/wp-content\/uploads\/2022\/01\/logo_prestashop.jpg\" alt=\"\" class=\"wp-image-3503\" width=\"175\" height=\"113\" srcset=\"https:\/\/dropshippingb2b.com\/wp-content\/uploads\/2022\/01\/logo_prestashop.jpg 700w, https:\/\/dropshippingb2b.com\/wp-content\/uploads\/2022\/01\/logo_prestashop-300x193.jpg 300w\" sizes=\"auto, (max-width: 175px) 100vw, 175px\" \/><\/figure>\n\n\n\n<h4 class=\"wp-block-heading\"><strong><strong><strong>Que ofrece:<\/strong><\/strong><\/strong><\/h4>\n\n\n\n<p>Dos m\u00f3dulos dedicados, uno para importar productos del cat\u00e1logo + categor\u00edas y administraci\u00f3n de marca, ambos en t\u00e9rminos de visibilidad en su sitio (QU\u00c9 vender) y administraci\u00f3n de precios (a CU\u00c1NTO vender). Disponible para Prestashop 1.6 (todas las versiones) y 1.7 (todas las versiones). Soporte NBD (Next Business Day) incluido durante el primer a\u00f1o!<\/p>\n\n\n\n<div style=\"height:20px\" aria-hidden=\"true\" class=\"wp-block-spacer\"><\/div>\n\n\n\n<h4 class=\"wp-block-heading\"><strong>Cu\u00e1nto cuesta:<\/strong><\/h4>\n\n\n\n<p>Por un costo fijo \u00fanico, te ofrecemos la herramienta de integraci\u00f3n m\u00e1s completa y potente del mercado, probada con a\u00f1os de experiencia y desarrollada por el mismo equipo que supervis\u00f3 todo el sistema Dropshipping para WWT: \u00a1m\u00e1s seguridad en t\u00e9rminos de compatibilidad!<\/p>\n\n\n\n<div style=\"height:20px\" aria-hidden=\"true\" class=\"wp-block-spacer\"><\/div>\n\n\n\n<h4 class=\"wp-block-heading\"><strong><strong><strong><strong><strong>Oferta special:<\/strong><\/strong><\/strong><\/strong><\/strong><\/h4>\n\n\n\n<h4 class=\"has-text-align-center wp-block-heading\">Module PrestaShop 1.6:&nbsp;<strong class=\"partner-bg-orange\">-50%<\/strong><\/h4>\n\n\n\n<ul class=\"wp-block-list\">\n<li><strong class=\"partner-check\">\u2714&nbsp;<\/strong>M\u00f3dulo Importaci\u00f3n de productos desde la base de datos + M\u00f3dulo Exportar pedidos:&nbsp;&nbsp;<strong class=\"partner-bg-orange\">-20%<\/strong><\/li>\n\n\n\n<li><strong class=\"partner-check\">\u2714&nbsp;<\/strong>Instalaci\u00f3n:&nbsp;<strong class=\"partner-bg-orange\">INCLUIDA<\/strong><\/li>\n\n\n\n<li><strong class=\"partner-check\">\u2714<\/strong>&nbsp;&nbsp;Asistencia: para el primer a\u00f1o calendario <strong class=\"partner-bg-orange\">GRATIS<\/strong><\/li>\n<\/ul>\n<\/div><\/div>\n\n\n\n<div style=\"height:30px\" aria-hidden=\"true\" class=\"wp-block-spacer\"><\/div>\n\n\n\n<div class=\"inherit-container-width wp-block-group has-background is-layout-constrained wp-block-group-is-layout-constrained\" style=\"background-color:#ffffff\"><div class=\"wp-block-group__inner-container\">\n<figure class=\"wp-block-image aligncenter size-large is-resized\"><img loading=\"lazy\" decoding=\"async\" src=\"https:\/\/dropshippingb2b.com\/wp-content\/uploads\/2022\/09\/syncee_logo_no_background-1024x576.png\" alt=\"\" class=\"wp-image-4696\" width=\"256\" height=\"144\" srcset=\"https:\/\/dropshippingb2b.com\/wp-content\/uploads\/2022\/09\/syncee_logo_no_background-1024x576.png 1024w, https:\/\/dropshippingb2b.com\/wp-content\/uploads\/2022\/09\/syncee_logo_no_background-300x169.png 300w, https:\/\/dropshippingb2b.com\/wp-content\/uploads\/2022\/09\/syncee_logo_no_background-768x432.png 768w, https:\/\/dropshippingb2b.com\/wp-content\/uploads\/2022\/09\/syncee_logo_no_background.png 1200w\" sizes=\"auto, (max-width: 256px) 100vw, 256px\" \/><\/figure>\n\n\n\n<p>Syncee.co es una plataforma B2B para Dropshippers, Proveedores y Revendedores<\/p>\n\n\n\n<p>Ayuda a encontrar los productos que desea publicar en su tienda en l\u00ednea, lo que le permite elegir entre muchos proveedores confiables para establecer una asociaci\u00f3n duradera.<br>Permite gestionar cargas y actualizaciones f\u00e1ciles y r\u00e1pidas<\/p>\n\n\n\n<div style=\"height:20px\" aria-hidden=\"true\" class=\"wp-block-spacer\"><\/div>\n\n\n\n<div style=\"height:20px\" aria-hidden=\"true\" class=\"wp-block-spacer\"><\/div>\n\n\n\n<h4 class=\"wp-block-heading\"><strong>CMS compatibles:<\/strong><\/h4>\n\n\n\n<figure class=\"wp-block-image aligncenter size-large\"><img loading=\"lazy\" decoding=\"async\" width=\"1024\" height=\"156\" src=\"https:\/\/dropshippingb2b.com\/wp-content\/uploads\/2022\/09\/syncee_cms-1024x156.png\" alt=\"\" class=\"wp-image-4709\" srcset=\"https:\/\/dropshippingb2b.com\/wp-content\/uploads\/2022\/09\/syncee_cms-1024x156.png 1024w, https:\/\/dropshippingb2b.com\/wp-content\/uploads\/2022\/09\/syncee_cms-300x46.png 300w, https:\/\/dropshippingb2b.com\/wp-content\/uploads\/2022\/09\/syncee_cms-768x117.png 768w, https:\/\/dropshippingb2b.com\/wp-content\/uploads\/2022\/09\/syncee_cms-1536x233.png 1536w, https:\/\/dropshippingb2b.com\/wp-content\/uploads\/2022\/09\/syncee_cms.png 1632w\" sizes=\"auto, (max-width: 1024px) 100vw, 1024px\" \/><\/figure>\n\n\n\n<div style=\"height:20px\" aria-hidden=\"true\" class=\"wp-block-spacer\"><\/div>\n\n\n\n<h4 class=\"wp-block-heading\"><strong><strong>Qu\u00e9 ofrece:<\/strong><\/strong><\/h4>\n\n\n\n<p>Amplia gama de productos de alta calidad que se pueden importar f\u00e1cil y r\u00e1pidamente a la tienda en l\u00ednea<\/p>\n\n\n\n<div style=\"height:20px\" aria-hidden=\"true\" class=\"wp-block-spacer\"><\/div>\n\n\n\n<h4 class=\"wp-block-heading\"><strong><strong><strong>Cu\u00e1nto:<\/strong><\/strong><\/strong><\/h4>\n\n\n\n<div style=\"height:20px\" aria-hidden=\"true\" class=\"wp-block-spacer\"><\/div>\n\n\n\n<p>Hay diferentes suscripciones mensuales para satisfacer todas las diferentes necesidades comerciales.<\/p>\n\n\n\n<div class=\"wp-block-buttons is-horizontal is-content-justification-center is-layout-flex wp-container-core-buttons-is-layout-1 wp-block-buttons-is-layout-flex\">\n<div class=\"wp-block-button is-style-fill\"><a class=\"wp-block-button__link wp-element-button\" href=\"https:\/\/syncee.co\/\" target=\"_blank\" rel=\"noreferrer noopener\">M\u00c1S INFORMACI\u00d3N EN SYNCEE.CO<\/a><\/div>\n<\/div>\n\n\n\n<div style=\"height:30px\" aria-hidden=\"true\" class=\"wp-block-spacer\"><\/div>\n<\/div><\/div>\n\n\n\n<div style=\"height:30px\" aria-hidden=\"true\" class=\"wp-block-spacer\"><\/div>\n\n\n\n<div class=\"inherit-container-width wp-block-group has-background is-layout-constrained wp-block-group-is-layout-constrained\" style=\"background-color:#ffffff\"><div class=\"wp-block-group__inner-container\">\n<figure class=\"wp-block-image aligncenter size-full is-resized\"><img loading=\"lazy\" decoding=\"async\" src=\"https:\/\/dropshippingb2b.com\/wp-content\/uploads\/2022\/01\/logo_sellrapido_2020.png\" alt=\"\" class=\"wp-image-3522\" width=\"211\" height=\"104\" srcset=\"https:\/\/dropshippingb2b.com\/wp-content\/uploads\/2022\/01\/logo_sellrapido_2020.png 843w, https:\/\/dropshippingb2b.com\/wp-content\/uploads\/2022\/01\/logo_sellrapido_2020-300x147.png 300w, https:\/\/dropshippingb2b.com\/wp-content\/uploads\/2022\/01\/logo_sellrapido_2020-768x377.png 768w\" sizes=\"auto, (max-width: 211px) 100vw, 211px\" \/><\/figure>\n\n\n\n<p class=\"has-text-align-center\"><strong>VENDA F\u00c1CILMENTE EN TODOS LOS MARKETPLACE CON SELLRAPIDO<\/strong><br><strong>para usted descuento exclusivo del 20%!<\/strong><\/p>\n\n\n\n<p>Desde hoy hay grandes noticias \u00fatiles para administrar f\u00e1cilmente todas sus actividades en Amazon, eBay, Cdiscount y muchas m\u00e1s. \u00a1Dropshipping se ha convertido en socio de Sellrapido! La reventa de nuestros productos ser\u00e1 a\u00fan m\u00e1s f\u00e1cil: solo reg\u00edstrese en este servicio y comience a ganar de inmediato, gracias a la posibilidad de estar presente en su tienda en l\u00ednea en m\u00faltiples plataformas.<\/p>\n\n\n\n<div style=\"height:20px\" aria-hidden=\"true\" class=\"wp-block-spacer\"><\/div>\n\n\n\n<div class=\"wp-block-buttons is-horizontal is-content-justification-center is-layout-flex wp-container-core-buttons-is-layout-2 wp-block-buttons-is-layout-flex\"><\/div>\n\n\n\n<div style=\"height:20px\" aria-hidden=\"true\" class=\"wp-block-spacer\"><\/div>\n\n\n\n<h4 class=\"wp-block-heading\"><strong><strong>Proveedor<\/strong><\/strong>:<\/h4>\n\n\n\n<p class=\"has-text-align-center\">Sellrapido s.r.l.<br>via Montello 18, 40131 Bologna | P.IVA: 03270551207<br>tel <strong>+39-051-0217133<\/strong><\/p>\n\n\n\n<div style=\"height:20px\" aria-hidden=\"true\" class=\"wp-block-spacer\"><\/div>\n\n\n\n<h4 class=\"wp-block-heading\"><strong><strong>CMS soportados:<\/strong><\/strong><\/h4>\n\n\n\n<figure class=\"wp-block-image aligncenter size-large is-resized\"><img loading=\"lazy\" decoding=\"async\" src=\"https:\/\/dropshippingb2b.com\/wp-content\/uploads\/2022\/01\/sellrapido_cms-1024x134.png\" alt=\"\" class=\"wp-image-3580\" width=\"512\" height=\"67\" srcset=\"https:\/\/dropshippingb2b.com\/wp-content\/uploads\/2022\/01\/sellrapido_cms-1024x134.png 1024w, https:\/\/dropshippingb2b.com\/wp-content\/uploads\/2022\/01\/sellrapido_cms-300x39.png 300w, https:\/\/dropshippingb2b.com\/wp-content\/uploads\/2022\/01\/sellrapido_cms-768x100.png 768w, https:\/\/dropshippingb2b.com\/wp-content\/uploads\/2022\/01\/sellrapido_cms.png 1200w\" sizes=\"auto, (max-width: 512px) 100vw, 512px\" \/><\/figure>\n\n\n\n<div style=\"height:20px\" aria-hidden=\"true\" class=\"wp-block-spacer\"><\/div>\n\n\n\n<h4 class=\"wp-block-heading\"><strong><strong><strong>Marketplace soportados:<\/strong><\/strong><\/strong><\/h4>\n\n\n\n<figure class=\"wp-block-image aligncenter size-large is-resized\"><img loading=\"lazy\" decoding=\"async\" src=\"https:\/\/dropshippingb2b.com\/wp-content\/uploads\/2022\/01\/sellrapido_marketplace-1024x106.png\" alt=\"\" class=\"wp-image-3593\" width=\"768\" height=\"80\" srcset=\"https:\/\/dropshippingb2b.com\/wp-content\/uploads\/2022\/01\/sellrapido_marketplace-1024x106.png 1024w, https:\/\/dropshippingb2b.com\/wp-content\/uploads\/2022\/01\/sellrapido_marketplace-300x31.png 300w, https:\/\/dropshippingb2b.com\/wp-content\/uploads\/2022\/01\/sellrapido_marketplace-768x79.png 768w, https:\/\/dropshippingb2b.com\/wp-content\/uploads\/2022\/01\/sellrapido_marketplace.png 1200w\" sizes=\"auto, (max-width: 768px) 100vw, 768px\" \/><\/figure>\n\n\n\n<h4 class=\"wp-block-heading\"><strong><strong><strong>Que ofrece:<\/strong><\/strong><\/strong><\/h4>\n\n\n\n<p><a rel=\"noreferrer noopener\" href=\"https:\/\/www.sellrapido.com\/\" target=\"_blank\">SellRapido<\/a>&nbsp;es un producto extremadamente f\u00e1cil y simple de usar, creado para resolver problemas objetivos para aquellos que tienen una tienda on-line. La administraci\u00f3n de un e-commerce en m\u00faltiples marketplace puede ser dif\u00edcil: es necesario copiar y pegar datos en varios sitios, a menudo muy diferentes entre s\u00ed; Gestionar hojas de c\u00e1lculo de productos, precios, promociones y condiciones, env\u00edo y facturaci\u00f3n. Todo esto con SellRapido podr\u00eda ser gestionado bajo una interfaz \u00fanica.<\/p>\n\n\n\n<div style=\"height:20px\" aria-hidden=\"true\" class=\"wp-block-spacer\"><\/div>\n\n\n\n<h4 class=\"wp-block-heading\"><strong><strong><strong><strong>Cuanto cuesta:<\/strong><\/strong><\/strong><\/strong><\/h4>\n\n\n\n<figure class=\"wp-block-image aligncenter size-large\"><img loading=\"lazy\" decoding=\"async\" width=\"1024\" height=\"350\" src=\"https:\/\/dropshippingb2b.com\/wp-content\/uploads\/2022\/09\/sellrapido_price-en-1024x350.jpeg\" alt=\"\" class=\"wp-image-4641\" srcset=\"https:\/\/dropshippingb2b.com\/wp-content\/uploads\/2022\/09\/sellrapido_price-en-1024x350.jpeg 1024w, https:\/\/dropshippingb2b.com\/wp-content\/uploads\/2022\/09\/sellrapido_price-en-300x103.jpeg 300w, https:\/\/dropshippingb2b.com\/wp-content\/uploads\/2022\/09\/sellrapido_price-en-768x262.jpeg 768w, https:\/\/dropshippingb2b.com\/wp-content\/uploads\/2022\/09\/sellrapido_price-en.jpeg 1200w\" sizes=\"auto, (max-width: 1024px) 100vw, 1024px\" \/><\/figure>\n\n\n\n<div style=\"height:20px\" aria-hidden=\"true\" class=\"wp-block-spacer\"><\/div>\n\n\n\n<div class=\"wp-block-buttons is-horizontal is-content-justification-center is-layout-flex wp-container-core-buttons-is-layout-3 wp-block-buttons-is-layout-flex\">\n<div class=\"wp-block-button is-style-fill\"><a class=\"wp-block-button__link wp-element-button\" href=\"https:\/\/www.sellrapido.com\/\" target=\"_blank\" rel=\"noreferrer noopener\">M\u00c1S INFORMACI\u00d3N EN SELLRAPIDO.COM<\/a><\/div>\n<\/div>\n\n\n\n<div style=\"height:30px\" aria-hidden=\"true\" class=\"wp-block-spacer\"><\/div>\n<\/div><\/div>\n\n\n\n<div style=\"height:30px\" aria-hidden=\"true\" class=\"wp-block-spacer\"><\/div>\n\n\n\n<div class=\"inherit-container-width wp-block-group has-background is-layout-constrained wp-block-group-is-layout-constrained\" style=\"background-color:#ffffff\"><div class=\"wp-block-group__inner-container\">\n<h4 class=\"wp-block-heading\"><strong>Proveedor:<\/strong><\/h4>\n\n\n\n<figure class=\"wp-block-image aligncenter size-full\"><img loading=\"lazy\" decoding=\"async\" width=\"250\" height=\"84\" src=\"https:\/\/dropshippingb2b.com\/wp-content\/uploads\/2022\/01\/import2shop_logo.png\" alt=\"\" class=\"wp-image-3621\"\/><\/figure>\n\n\n\n<p>Dropshipping se enorgullece en anunciar la Asociaci\u00f3n con Import2shop, una empresa con sede en Alemania. La colaboraci\u00f3n proviene de la visi\u00f3n compartida que tenemos para brindarle la mejor tecnolog\u00eda, facilitando as\u00ed el proceso y la elecci\u00f3n de compra a los clientes.<\/p>\n\n\n\n<p class=\"has-text-align-center\"><a rel=\"noreferrer noopener\" href=\"https:\/\/import2shop.com\/de\/\" target=\"_blank\">Import2shop<\/a><br>Rudolf-Breitscheid-Str. 2b Lauchhammer 01979<br>Tel: <strong>+ 49 3574 86 93 342 <\/strong><br>e-mail:&nbsp;<a href=\"mailto:support@import2shop.com\">support@import2shop.com<\/a><\/p>\n\n\n\n<p class=\"has-text-align-center\"><\/p>\n\n\n\n<h4 class=\"wp-block-heading\"><strong><strong>CMS soportados:<\/strong><\/strong><\/h4>\n\n\n\n<figure class=\"wp-block-image aligncenter size-large is-resized\"><img loading=\"lazy\" decoding=\"async\" src=\"https:\/\/dropshippingb2b.com\/wp-content\/uploads\/2022\/01\/Screenshot-2022-01-11-at-17.38.37-1024x293.png\" alt=\"\" class=\"wp-image-3634\" width=\"512\" height=\"147\" srcset=\"https:\/\/dropshippingb2b.com\/wp-content\/uploads\/2022\/01\/Screenshot-2022-01-11-at-17.38.37-1024x293.png 1024w, https:\/\/dropshippingb2b.com\/wp-content\/uploads\/2022\/01\/Screenshot-2022-01-11-at-17.38.37-300x86.png 300w, https:\/\/dropshippingb2b.com\/wp-content\/uploads\/2022\/01\/Screenshot-2022-01-11-at-17.38.37-768x220.png 768w, https:\/\/dropshippingb2b.com\/wp-content\/uploads\/2022\/01\/Screenshot-2022-01-11-at-17.38.37.png 1224w\" sizes=\"auto, (max-width: 512px) 100vw, 512px\" \/><\/figure>\n\n\n\n<h4 class=\"wp-block-heading\"><strong><strong><strong>Que ofrece:<\/strong><\/strong><\/strong><\/h4>\n\n\n\n<p>Listas de precios CSV preformateadas para \u00abGAMBIO\u00bb CMS e integraci\u00f3n con el mercado de eBay.<\/p>\n\n\n\n<div style=\"height:20px\" aria-hidden=\"true\" class=\"wp-block-spacer\"><\/div>\n\n\n\n<h4 class=\"wp-block-heading\"><strong><strong><strong><strong>Cuanto cuesta:<\/strong><\/strong><\/strong><\/strong><\/h4>\n\n\n\n<p class=\"has-text-align-center\">INSTALACI\u00d3N (UNA SOLA VEZ) 169,00\u20ac<br>COSTO MENSUAL 69,00\u20ac en oferta en vez de 79,00\u20ac<\/p>\n\n\n\n<div style=\"height:20px\" aria-hidden=\"true\" class=\"wp-block-spacer\"><\/div>\n\n\n\n<div class=\"wp-block-buttons is-horizontal is-content-justification-center is-layout-flex wp-container-core-buttons-is-layout-4 wp-block-buttons-is-layout-flex\">\n<div class=\"wp-block-button\"><a class=\"wp-block-button__link wp-element-button\" href=\"https:\/\/import2shop.com\/\" target=\"_blank\" rel=\"noreferrer noopener\">DESCUBRE MAS EN SITE IMPORT2SHOP.DE<\/a><\/div>\n<\/div>\n\n\n\n<div style=\"height:30px\" aria-hidden=\"true\" class=\"wp-block-spacer\"><\/div>\n<\/div><\/div>\n\n\n\n<div class=\"inherit-container-width wp-block-group has-background is-layout-constrained wp-block-group-is-layout-constrained\" style=\"background-color:#ffffff\"><div class=\"wp-block-group__inner-container\"><\/div><\/div>\n<\/div><\/div>\n","protected":false},"excerpt":{"rendered":"<p>\u00bfQuieres externalizar el desarrollo de integraci\u00f3n con nosotros? \u00bfNo tiene un equipo de IT interno o simplemente prefiere confiar en una soluci\u00f3n existente y probada? \u00a1Conf\u00eda en uno de nuestros partner! Nuestros flujos son probados y utilizados por docenas de clientes, son flujos est\u00e1ndar y pueden integrarse en cada comercio electr\u00f3nico, y si su e-commerce [&hellip;]<\/p>\n","protected":false},"author":1,"featured_media":0,"parent":0,"menu_order":0,"comment_status":"closed","ping_status":"closed","template":"","meta":{"inline_featured_image":false,"site-sidebar-layout":"default","site-content-layout":"plain-container","ast-site-content-layout":"","site-content-style":"default","site-sidebar-style":"default","ast-global-header-display":"","ast-banner-title-visibility":"","ast-main-header-display":"","ast-hfb-above-header-display":"","ast-hfb-below-header-display":"","ast-hfb-mobile-header-display":"","site-post-title":"disabled","ast-breadcrumbs-content":"","ast-featured-img":"","footer-sml-layout":"","theme-transparent-header-meta":"default","adv-header-id-meta":"","stick-header-meta":"","header-above-stick-meta":"","header-main-stick-meta":"","header-below-stick-meta":"","astra-migrate-meta-layouts":"default","ast-page-background-enabled":"default","ast-page-background-meta":{"desktop":{"background-color":"","background-image":"","background-repeat":"repeat","background-position":"center center","background-size":"auto","background-attachment":"scroll","background-type":"","background-media":"","overlay-type":"","overlay-color":"","overlay-opacity":"","overlay-gradient":""},"tablet":{"background-color":"","background-image":"","background-repeat":"repeat","background-position":"center center","background-size":"auto","background-attachment":"scroll","background-type":"","background-media":"","overlay-type":"","overlay-color":"","overlay-opacity":"","overlay-gradient":""},"mobile":{"background-color":"","background-image":"","background-repeat":"repeat","background-position":"center center","background-size":"auto","background-attachment":"scroll","background-type":"","background-media":"","overlay-type":"","overlay-color":"","overlay-opacity":"","overlay-gradient":""}},"ast-content-background-meta":{"desktop":{"background-color":"var(--ast-global-color-5)","background-image":"","background-repeat":"repeat","background-position":"center center","background-size":"auto","background-attachment":"scroll","background-type":"","background-media":"","overlay-type":"","overlay-color":"","overlay-opacity":"","overlay-gradient":""},"tablet":{"background-color":"var(--ast-global-color-5)","background-image":"","background-repeat":"repeat","background-position":"center center","background-size":"auto","background-attachment":"scroll","background-type":"","background-media":"","overlay-type":"","overlay-color":"","overlay-opacity":"","overlay-gradient":""},"mobile":{"background-color":"var(--ast-global-color-5)","background-image":"","background-repeat":"repeat","background-position":"center center","background-size":"auto","background-attachment":"scroll","background-type":"","background-media":"","overlay-type":"","overlay-color":"","overlay-opacity":"","overlay-gradient":""}},"footnotes":""},"class_list":["post-2197","page","type-page","status-publish","hentry"],"_links":{"self":[{"href":"https:\/\/dropshippingb2b.com\/es\/wp-json\/wp\/v2\/pages\/2197","targetHints":{"allow":["GET"]}}],"collection":[{"href":"https:\/\/dropshippingb2b.com\/es\/wp-json\/wp\/v2\/pages"}],"about":[{"href":"https:\/\/dropshippingb2b.com\/es\/wp-json\/wp\/v2\/types\/page"}],"author":[{"embeddable":true,"href":"https:\/\/dropshippingb2b.com\/es\/wp-json\/wp\/v2\/users\/1"}],"replies":[{"embeddable":true,"href":"https:\/\/dropshippingb2b.com\/es\/wp-json\/wp\/v2\/comments?post=2197"}],"version-history":[{"count":17,"href":"https:\/\/dropshippingb2b.com\/es\/wp-json\/wp\/v2\/pages\/2197\/revisions"}],"predecessor-version":[{"id":7249,"href":"https:\/\/dropshippingb2b.com\/es\/wp-json\/wp\/v2\/pages\/2197\/revisions\/7249"}],"wp:attachment":[{"href":"https:\/\/dropshippingb2b.com\/es\/wp-json\/wp\/v2\/media?parent=2197"}],"curies":[{"name":"wp","href":"https:\/\/api.w.org\/{rel}","templated":true}]}}