{"id":1881,"date":"2021-07-16T18:57:17","date_gmt":"2021-07-16T18:57:17","guid":{"rendered":"https:\/\/dsb2b.assemblyweb.net\/returns"},"modified":"2022-10-26T11:13:54","modified_gmt":"2022-10-26T11:13:54","slug":"devoluciones","status":"publish","type":"page","link":"https:\/\/dropshippingb2b.com\/es\/devoluciones","title":{"rendered":"Devoluciones"},"content":{"rendered":"\n<div class=\"wp-block-cover alignfull is-light\" style=\"min-height:350px;aspect-ratio:unset;\"><span aria-hidden=\"true\" class=\"wp-block-cover__background has-background-dim-0 has-background-dim\"><\/span><img loading=\"lazy\" decoding=\"async\" width=\"1200\" height=\"1600\" class=\"wp-block-cover__image-background wp-image-2834\" alt=\"\" src=\"https:\/\/dropshippingb2b.com\/wp-content\/uploads\/2022\/01\/wwtech-portada-duotone.jpg\" data-object-fit=\"cover\" srcset=\"https:\/\/dropshippingb2b.com\/wp-content\/uploads\/2022\/01\/wwtech-portada-duotone.jpg 1200w, https:\/\/dropshippingb2b.com\/wp-content\/uploads\/2022\/01\/wwtech-portada-duotone-225x300.jpg 225w, https:\/\/dropshippingb2b.com\/wp-content\/uploads\/2022\/01\/wwtech-portada-duotone-768x1024.jpg 768w, https:\/\/dropshippingb2b.com\/wp-content\/uploads\/2022\/01\/wwtech-portada-duotone-1152x1536.jpg 1152w, https:\/\/dropshippingb2b.com\/wp-content\/uploads\/2022\/01\/wwtech-portada-duotone-300x400.jpg 300w\" sizes=\"auto, (max-width: 1200px) 100vw, 1200px\" \/><div class=\"wp-block-cover__inner-container is-layout-flow wp-block-cover-is-layout-flow\">\n<h2 class=\"has-text-color wp-block-heading\" style=\"color:#ffffff\">Devoluciones <\/h2>\n<\/div><\/div>\n\n\n\n<div class=\"inherit-container-width wp-block-group alignfull has-background is-layout-constrained wp-block-group-is-layout-constrained\" style=\"background-color:#f6f6f6\"><div class=\"wp-block-group__inner-container\">\n<div class=\"inherit-container-width wp-block-group has-white-background-color has-background is-layout-constrained wp-block-group-is-layout-constrained\"><div class=\"wp-block-group__inner-container\">\n<figure class=\"wp-block-image aligncenter size-full is-resized\"><img loading=\"lazy\" decoding=\"async\" src=\"https:\/\/dropshippingb2b.com\/wp-content\/uploads\/2022\/09\/infograph_reso_es.jpeg\" alt=\"\" class=\"wp-image-5243\" width=\"556\" height=\"587\" srcset=\"https:\/\/dropshippingb2b.com\/wp-content\/uploads\/2022\/09\/infograph_reso_es.jpeg 741w, https:\/\/dropshippingb2b.com\/wp-content\/uploads\/2022\/09\/infograph_reso_es-284x300.jpeg 284w, https:\/\/dropshippingb2b.com\/wp-content\/uploads\/2022\/09\/infograph_reso_es-300x317.jpeg 300w\" sizes=\"auto, (max-width: 556px) 100vw, 556px\" \/><\/figure>\n\n\n\n<h4 class=\"has-text-align-center wp-block-heading\">Devoluciones B2B vs B2C<\/h4>\n\n\n\n<p>Le recordamos que operar como vendedor\/proveedor de relaciones comerciales de vendedor de Dropshipping sigue las pautas B2B (empresa a empresa).<br><br>Las pol\u00edticas de devoluci\u00f3n son las mismas que obtiene al comprar al por mayor en el sitio web al que va a conectar su negocio de dropshipping.<\/p>\n\n\n\n<div class=\"wp-block-buttons is-horizontal is-content-justification-center is-layout-flex wp-container-core-buttons-is-layout-1 wp-block-buttons-is-layout-flex\">\n<div class=\"wp-block-button\"><a class=\"wp-block-button__link\" href=\"https:\/\/www.wwt.it\/en\/info\/backorders-&amp;-returns\/backorders-returns\" target=\"_blank\" rel=\"noreferrer noopener\">Lea las pol\u00edticas de devoluci\u00f3n B2B<\/a><\/div>\n<\/div>\n\n\n\n<div style=\"height:30px\" aria-hidden=\"true\" class=\"wp-block-spacer\"><\/div>\n\n\n\n<p>Si bien todos los productos ya est\u00e1n sujetos a una verificaci\u00f3n precisa cuando los recibimos (para evitar tener en nuestro almac\u00e9n productos defectuosos y que no funcionan), \u00fanicamente para los art\u00edculos vendidos a pedidos de dropshipping, log\u00edstica realiza una segunda verificaci\u00f3n antes de enviarlos, para garantizar todos los productos est\u00e1n en perfectas condiciones, incluida la verificaci\u00f3n de la carga de la bater\u00eda (ya que puede ocurrir una descarga durante el tiempo de permanencia en el almac\u00e9n).<\/p>\n\n\n\n<p>Este procedimiento ha sido estudiado para tener la doble seguridad de enviar siempre solo productos perfectos al cliente final, evitando disputas entre proveedor y vendedor, ya que ninguno de ellos ve o toca los productos vendidos. Para trabajar en dropshipping se requiere tener plena confianza en el trabajo que realiza Log\u00edstica, controlando y enviando la mercanc\u00eda a los clientes finales por cuenta del vendedor.<\/p>\n\n\n\n<p>Bas\u00e1ndonos en experiencias pasadas, lamentablemente ha sucedido que algunos clientes afirmaron haber recibido un art\u00edculo que no funcionaba e incluso dijeron que era usado: esto puede excluirse absolutamente con un tipo de servicio que brindamos, y todos los vendedores est\u00e1n invitados a visitar nuestra Log\u00edstica en en cualquier momento, para verificar personalmente la calidad y precisi\u00f3n del servicio ofrecido, pero de ninguna manera aceptaremos ser responsables de las quejas de compradores privados no completamente honestos.<\/p>\n\n\n\n<ul class=\"wp-block-list\"><li>Si est\u00e1 realizando el Servicio de Dropshipping real y adecuado, por lo que env\u00eda productos directamente a sus clientes finales, recuerde que las devoluciones no pueden enviarse desde su cliente privado a nosotros como proveedor, sino que deben devolverse al vendedor (usted). Los acuerdos entre el cliente final y el vendedor ser\u00e1n realizados por usted y sin importar c\u00f3mo se tratar\u00e1 eventualmente con el proveedor mayorista.I<\/li><li>Si, por el contrario, no est\u00e1 realizando un env\u00edo directo, pero recibe nuestros productos en sus instalaciones y los env\u00eda a sus clientes desde all\u00ed, en caso de problemas, recuerde (seg\u00fan la pol\u00edtica de devoluci\u00f3n anterior) que debe informarnos lo antes posible y en Cada caso dentro de los 8 d\u00edas desde que se reciben los bienes.olicy as above) you have to inform us know as soon as possible and in every case within&nbsp;8 days&nbsp;since good are received.<\/li><\/ul>\n\n\n\n<p class=\"has-text-color has-background\" style=\"background-color:#fae3d4;color:#e5742e\"><strong><strong>\u00a1ATENCI\u00d3N! Le recordamos que las reglas de devoluci\u00f3n B2B son diferentes del mercado B2C; en especial, la ley de \u201cDerecho de desistimiento\u201d es una norma prevista por el legislador para proteger a los consumidores particulares y se aplica \u00fanicamente a estos \u00faltimos.<\/strong><\/strong><\/p>\n\n\n\n<p>En vista de la colaboraci\u00f3n mutua y continuada, si gestionara un n\u00famero de devoluciones superior al que podr\u00eda absorber su negocio, nuestra empresa queda disponible para evaluar puntualmente las compras de mercanc\u00edas devueltas y volver a ponerlas a la venta en nuestro canal.<\/p>\n<\/div><\/div>\n<\/div><\/div>\n\n\n\n<div class=\"inherit-container-width wp-block-group alignfull has-background is-layout-constrained wp-block-group-is-layout-constrained\" style=\"background-color:#fae4d6\"><div class=\"wp-block-group__inner-container\">\n<h3 class=\"has-text-align-center wp-block-heading\">\u00bfTODAV\u00cdA DUDAS?<\/h3>\n\n\n\n<p class=\"has-text-align-center\">Consulta las preguntas frecuentes o habla con uno de nosotros<\/p>\n\n\n\n<div class=\"wp-block-columns is-layout-flex wp-container-core-columns-is-layout-1 wp-block-columns-is-layout-flex\">\n<div class=\"wp-block-column is-vertically-aligned-center is-layout-flow wp-block-column-is-layout-flow\">\n<div class=\"wp-block-buttons is-horizontal is-content-justification-center is-layout-flex wp-container-core-buttons-is-layout-2 wp-block-buttons-is-layout-flex\">\n<div class=\"wp-block-button is-style-outline is-style-outline--1\"><a class=\"wp-block-button__link has-text-color\" href=\"\/es\/faq\" style=\"color:#e5742e\">VISITA LAS FAQ<\/a><\/div>\n\n\n\n<div class=\"wp-block-button is-style-fill\"><a class=\"wp-block-button__link\" href=\"\/es\/contactanos\">CONTACTANOS<\/a><\/div>\n<\/div>\n<\/div>\n<\/div>\n<\/div><\/div>\n","protected":false},"excerpt":{"rendered":"<p>Devoluciones B2B vs B2C Le recordamos que operar como vendedor\/proveedor de relaciones comerciales de vendedor de Dropshipping sigue las pautas B2B (empresa a empresa). Las pol\u00edticas de devoluci\u00f3n son las mismas que obtiene al comprar al por mayor en el sitio web al que va a conectar su negocio de dropshipping. Si bien todos los [&hellip;]<\/p>\n","protected":false},"author":1,"featured_media":0,"parent":0,"menu_order":0,"comment_status":"closed","ping_status":"closed","template":"","meta":{"inline_featured_image":false,"site-sidebar-layout":"default","site-content-layout":"plain-container","ast-site-content-layout":"","site-content-style":"default","site-sidebar-style":"default","ast-global-header-display":"","ast-banner-title-visibility":"","ast-main-header-display":"","ast-hfb-above-header-display":"","ast-hfb-below-header-display":"","ast-hfb-mobile-header-display":"","site-post-title":"disabled","ast-breadcrumbs-content":"","ast-featured-img":"","footer-sml-layout":"","theme-transparent-header-meta":"default","adv-header-id-meta":"","stick-header-meta":"","header-above-stick-meta":"","header-main-stick-meta":"","header-below-stick-meta":"","astra-migrate-meta-layouts":"default","ast-page-background-enabled":"default","ast-page-background-meta":{"desktop":{"background-color":"","background-image":"","background-repeat":"repeat","background-position":"center center","background-size":"auto","background-attachment":"scroll","background-type":"","background-media":"","overlay-type":"","overlay-color":"","overlay-opacity":"","overlay-gradient":""},"tablet":{"background-color":"","background-image":"","background-repeat":"repeat","background-position":"center center","background-size":"auto","background-attachment":"scroll","background-type":"","background-media":"","overlay-type":"","overlay-color":"","overlay-opacity":"","overlay-gradient":""},"mobile":{"background-color":"","background-image":"","background-repeat":"repeat","background-position":"center center","background-size":"auto","background-attachment":"scroll","background-type":"","background-media":"","overlay-type":"","overlay-color":"","overlay-opacity":"","overlay-gradient":""}},"ast-content-background-meta":{"desktop":{"background-color":"var(--ast-global-color-5)","background-image":"","background-repeat":"repeat","background-position":"center center","background-size":"auto","background-attachment":"scroll","background-type":"","background-media":"","overlay-type":"","overlay-color":"","overlay-opacity":"","overlay-gradient":""},"tablet":{"background-color":"var(--ast-global-color-5)","background-image":"","background-repeat":"repeat","background-position":"center center","background-size":"auto","background-attachment":"scroll","background-type":"","background-media":"","overlay-type":"","overlay-color":"","overlay-opacity":"","overlay-gradient":""},"mobile":{"background-color":"var(--ast-global-color-5)","background-image":"","background-repeat":"repeat","background-position":"center center","background-size":"auto","background-attachment":"scroll","background-type":"","background-media":"","overlay-type":"","overlay-color":"","overlay-opacity":"","overlay-gradient":""}},"footnotes":""},"class_list":["post-1881","page","type-page","status-publish","hentry"],"_links":{"self":[{"href":"https:\/\/dropshippingb2b.com\/es\/wp-json\/wp\/v2\/pages\/1881","targetHints":{"allow":["GET"]}}],"collection":[{"href":"https:\/\/dropshippingb2b.com\/es\/wp-json\/wp\/v2\/pages"}],"about":[{"href":"https:\/\/dropshippingb2b.com\/es\/wp-json\/wp\/v2\/types\/page"}],"author":[{"embeddable":true,"href":"https:\/\/dropshippingb2b.com\/es\/wp-json\/wp\/v2\/users\/1"}],"replies":[{"embeddable":true,"href":"https:\/\/dropshippingb2b.com\/es\/wp-json\/wp\/v2\/comments?post=1881"}],"version-history":[{"count":11,"href":"https:\/\/dropshippingb2b.com\/es\/wp-json\/wp\/v2\/pages\/1881\/revisions"}],"predecessor-version":[{"id":6512,"href":"https:\/\/dropshippingb2b.com\/es\/wp-json\/wp\/v2\/pages\/1881\/revisions\/6512"}],"wp:attachment":[{"href":"https:\/\/dropshippingb2b.com\/es\/wp-json\/wp\/v2\/media?parent=1881"}],"curies":[{"name":"wp","href":"https:\/\/api.w.org\/{rel}","templated":true}]}}