{"id":1323,"date":"2021-07-14T21:36:52","date_gmt":"2021-07-14T21:36:52","guid":{"rendered":"https:\/\/dsb2b.assemblyweb.net\/data-flow"},"modified":"2025-03-17T16:47:28","modified_gmt":"2025-03-17T15:47:28","slug":"flujo-de-datos","status":"publish","type":"page","link":"https:\/\/dropshippingb2b.com\/es\/flujo-de-datos","title":{"rendered":"Flujo de datos"},"content":{"rendered":"\n<div class=\"wp-block-cover alignfull\" style=\"min-height:350px;aspect-ratio:unset;\"><span aria-hidden=\"true\" class=\"wp-block-cover__background has-background-dim-0 has-background-dim\"><\/span><img loading=\"lazy\" decoding=\"async\" width=\"1200\" height=\"1600\" class=\"wp-block-cover__image-background wp-image-2834\" alt=\"\" src=\"https:\/\/dropshippingb2b.com\/wp-content\/uploads\/2022\/01\/wwtech-portada-duotone.jpg\" data-object-fit=\"cover\" srcset=\"https:\/\/dropshippingb2b.com\/wp-content\/uploads\/2022\/01\/wwtech-portada-duotone.jpg 1200w, https:\/\/dropshippingb2b.com\/wp-content\/uploads\/2022\/01\/wwtech-portada-duotone-225x300.jpg 225w, https:\/\/dropshippingb2b.com\/wp-content\/uploads\/2022\/01\/wwtech-portada-duotone-768x1024.jpg 768w, https:\/\/dropshippingb2b.com\/wp-content\/uploads\/2022\/01\/wwtech-portada-duotone-1152x1536.jpg 1152w, https:\/\/dropshippingb2b.com\/wp-content\/uploads\/2022\/01\/wwtech-portada-duotone-300x400.jpg 300w\" sizes=\"auto, (max-width: 1200px) 100vw, 1200px\" \/><div class=\"wp-block-cover__inner-container is-layout-flow wp-block-cover-is-layout-flow\">\n<h2 class=\"wp-block-heading has-text-color has-huge-font-size\" style=\"color:#ffffff\">Flujo de datos<\/h2>\n<\/div><\/div>\n\n\n\n<div class=\"inherit-container-width wp-block-group alignfull has-background is-layout-constrained wp-block-group-is-layout-constrained\" style=\"background-color:#f6f6f6\"><div class=\"wp-block-group__inner-container\">\n<div class=\"inherit-container-width wp-block-group mt--50 has-background is-layout-constrained wp-block-group-is-layout-constrained\" style=\"background-color:#ffffff\"><div class=\"wp-block-group__inner-container\">\n<p>Nuestro cat\u00e1logo se puede integrar de forma manual (archivo CSV, XML, JSON exportaci\u00f3n incluyendo enlace de archivo a las im\u00e1genes) o autom\u00e1ticamente (integraci\u00f3n API, actualizaci\u00f3n en tiempo real VS Url call, de dos en dos horas).<\/p>\n\n\n\n<p>Cada art\u00edculo tiene la siguiente informaci\u00f3n:<\/p>\n\n\n\n<ul class=\"wp-block-list\">\n<li>Marca<\/li>\n\n\n\n<li>SKU\/ID producto<\/li>\n\n\n\n<li>Cantidad disponible<\/li>\n\n\n\n<li>SRP (Precio de venta sugerido)<\/li>\n\n\n\n<li>Descuento<\/li>\n\n\n\n<li>Precio neto<\/li>\n\n\n\n<li>Tiempo de env\u00edo<\/li>\n\n\n\n<li>Peso aproximado<\/li>\n\n\n\n<li>Enlace con im\u00e1genes dobles: un icono de 120x120px y una imagen de alta definici\u00f3n (generalmente de 300 a 800 px por lado): ambas im\u00e1genes tienen el mismo contenido si el producto se vende en caja est\u00e1ndar sin gadget\/accesorios; si, en cambio, el producto tiene una caja o un gadget espec\u00edfico, las dos im\u00e1genes son diferentes (el \u00edcono solo tiene el art\u00edculo; la imagen grande tambi\u00e9n tiene el gadget). Adem\u00e1s, algunas marcas tienen dentro im\u00e1genes grandes, iconos de caracter\u00edsticas espec\u00edficas del producto.<\/li>\n\n\n\n<li>Grupo: (exactamente como se puede ver en nuestro sitio web mayorista) Relojes, Joyas, Gafas de sol y Accesorios<\/li>\n\n\n\n<li>Categor\u00eda: Relojes listos para usar, Joyas listas para usar<\/li>\n<\/ul>\n\n\n\n<p>y los siguientes campos opcionales:<\/p>\n\n\n\n<ul class=\"wp-block-list\">\n<li>C\u00f3digo EAN (n\u00famero de art\u00edculo europeo), si est\u00e1 disponible<\/li>\n\n\n\n<li>Atributos: las caracter\u00edsticas principales del producto como \u00abg\u00e9nero\u00bb, \u00abmaterial de la caja\u00bb, \u00abresistente al agua\u00bb, etc., est\u00e1n disponibles para todos los art\u00edculos de \u00abcohete rojo\u00bb (id_del_proveedor: 68), mientras que para los productos de proveedores externos (distintos del ID_del_proveedor 68), estar\u00e1n disponibles \u00fanicamente si\/cuando el proveedor nos los pasa en su flujo de datos.<\/li>\n\n\n\n<li>Requisitos GPSR: fabricante y fabricante responsable<\/li>\n<\/ul>\n<\/div><\/div>\n\n\n\n<div style=\"height:30px\" aria-hidden=\"true\" class=\"wp-block-spacer\"><\/div>\n\n\n\n<div class=\"inherit-container-width wp-block-group has-background is-layout-constrained wp-block-group-is-layout-constrained\" style=\"background-color:#ffffff\"><div class=\"wp-block-group__inner-container\">\n<h3 class=\"wp-block-heading has-text-align-center\">A continuaci\u00f3n se muestran las principales diferencias entre nuestros sistemas de integraci\u00f3n:<\/h3>\n\n\n\n<figure class=\"wp-block-image aligncenter size-full\"><img loading=\"lazy\" decoding=\"async\" width=\"432\" height=\"346\" src=\"https:\/\/dropshippingb2b.com\/wp-content\/uploads\/2022\/09\/api_vs_csv_en.png\" alt=\"\" class=\"wp-image-4295\" srcset=\"https:\/\/dropshippingb2b.com\/wp-content\/uploads\/2022\/09\/api_vs_csv_en.png 432w, https:\/\/dropshippingb2b.com\/wp-content\/uploads\/2022\/09\/api_vs_csv_en-300x240.png 300w\" sizes=\"auto, (max-width: 432px) 100vw, 432px\" \/><\/figure>\n<\/div><\/div>\n\n\n\n<div style=\"height:30px\" aria-hidden=\"true\" class=\"wp-block-spacer\"><\/div>\n\n\n\n<div class=\"inherit-container-width wp-block-group has-background is-layout-constrained wp-block-group-is-layout-constrained\" style=\"background-color:#ffffff\"><div class=\"wp-block-group__inner-container\">\n<h3 class=\"wp-block-heading has-text-align-center\">INTEGRACI\u00d3N API<\/h3>\n\n\n\n<p>Es un bi-direccional de flujo de datos que permite:<\/p>\n\n\n\n<ul class=\"wp-block-list\">\n<li>Leer y enviar a su sitio todos los art\u00edculos que aparecen en la base de datos con actualizaci\u00f3n en tiempo real<\/li>\n\n\n\n<li>A\u00f1adir autom\u00e1ticamente a su amor por compras todas las ventas realizadas a trav\u00e9s de su sitio web, la recopilaci\u00f3n de todas las peticiones individuales en una sola petici\u00f3n al proveedor<\/li>\n<\/ul>\n\n\n\n<figure class=\"wp-block-image aligncenter size-full\"><img loading=\"lazy\" decoding=\"async\" width=\"601\" height=\"210\" src=\"https:\/\/dropshippingb2b.com\/wp-content\/uploads\/2022\/09\/schema_api_eng.jpeg\" alt=\"\" class=\"wp-image-4311\" srcset=\"https:\/\/dropshippingb2b.com\/wp-content\/uploads\/2022\/09\/schema_api_eng.jpeg 601w, https:\/\/dropshippingb2b.com\/wp-content\/uploads\/2022\/09\/schema_api_eng-300x105.jpeg 300w\" sizes=\"auto, (max-width: 601px) 100vw, 601px\" \/><\/figure>\n\n\n\n<p>Esta integraci\u00f3n de sistema dise\u00f1ado como un c\u00f3digo de servicio web y ver integra con cualquier software en formato JSON, independientemente del sistema de la lengua y de funcionamiento.<\/p>\n\n\n\n<figure class=\"wp-block-image aligncenter size-full\"><img loading=\"lazy\" decoding=\"async\" width=\"735\" height=\"193\" src=\"https:\/\/dropshippingb2b.com\/wp-content\/uploads\/2022\/09\/api_schema1.jpeg\" alt=\"\" class=\"wp-image-4324\" srcset=\"https:\/\/dropshippingb2b.com\/wp-content\/uploads\/2022\/09\/api_schema1.jpeg 735w, https:\/\/dropshippingb2b.com\/wp-content\/uploads\/2022\/09\/api_schema1-300x79.jpeg 300w\" sizes=\"auto, (max-width: 735px) 100vw, 735px\" \/><\/figure>\n\n\n\n<p>Una gu\u00eda completa para la integraci\u00f3n completo est\u00e1 disponible en el siguiente enlace:<\/p>\n\n\n\n<div class=\"wp-block-buttons is-horizontal is-content-justification-center is-layout-flex wp-container-core-buttons-is-layout-1 wp-block-buttons-is-layout-flex\">\n<div class=\"wp-block-button\"><a class=\"wp-block-button__link wp-element-button\" href=\"https:\/\/dropshippingb2b.com\/api\/guide\/en\/\" target=\"_blank\" rel=\"noreferrer noopener\">CONSULTA LA DOCUMENTACI\u00d3N &gt;<\/a><\/div>\n<\/div>\n<\/div><\/div>\n\n\n\n<div style=\"height:30px\" aria-hidden=\"true\" class=\"wp-block-spacer\"><\/div>\n\n\n\n<div class=\"inherit-container-width wp-block-group has-background is-layout-constrained wp-block-group-is-layout-constrained\" style=\"background-color:#ffffff\"><div class=\"wp-block-group__inner-container\">\n<h3 class=\"wp-block-heading has-text-align-center\">EXPORTACI\u00d3N CSV<\/h3>\n\n\n\n<p>Adem\u00e1s de la integraci\u00f3n autom\u00e1tica a trav\u00e9s de la API, se puede descargar el cat\u00e1logo manualmente mediante archivo CSV.<\/p>\n\n\n\n<div style=\"height:20px\" aria-hidden=\"true\" class=\"wp-block-spacer\"><\/div>\n\n\n\n<p><meta charset=\"utf-8\"><\/p>\n\n\n\n<p>El sistema actualizar\u00e1 a partir de dos horas al formato de archivo:<\/p>\n\n\n\n<figure class=\"wp-block-image size-large\"><img loading=\"lazy\" decoding=\"async\" width=\"1024\" height=\"75\" src=\"https:\/\/dropshippingb2b.com\/wp-content\/uploads\/2022\/01\/export_file-1024x75.png\" alt=\"\" class=\"wp-image-3272\" srcset=\"https:\/\/dropshippingb2b.com\/wp-content\/uploads\/2022\/01\/export_file-1024x75.png 1024w, https:\/\/dropshippingb2b.com\/wp-content\/uploads\/2022\/01\/export_file-300x22.png 300w, https:\/\/dropshippingb2b.com\/wp-content\/uploads\/2022\/01\/export_file-768x56.png 768w, https:\/\/dropshippingb2b.com\/wp-content\/uploads\/2022\/01\/export_file.png 1200w\" sizes=\"auto, (max-width: 1024px) 100vw, 1024px\" \/><\/figure>\n\n\n\n<p><meta charset=\"utf-8\"><\/p>\n\n\n\n<p>Despu\u00e9s de decidir la suscripci\u00f3n deseada le enviaremos su nombre de usuario y contrase\u00f1a para acceder al cat\u00e1logo completo.<\/p>\n\n\n\n<p>Usted puede acceder al cat\u00e1logo de dos maneras:<\/p>\n\n\n\n<ol class=\"wp-block-list\">\n<li>Manualmente a trav\u00e9s de&nbsp;<a rel=\"noreferrer noopener\" href=\"https:\/\/dropshippingb2b.com\/export\/\" target=\"_blank\">https:\/\/dropshippingb2b.com\/export\/<\/a><\/li>\n\n\n\n<li>Autom\u00e1ticamente a trav\u00e9s de una simple llamada de CURL&nbsp;(para desarrollador).<\/li>\n<\/ol>\n\n\n\n<div style=\"height:30px\" aria-hidden=\"true\" class=\"wp-block-spacer\"><\/div>\n\n\n\n<h4 class=\"wp-block-heading has-text-align-left\"><strong>CURL call Ejemplo<\/strong><\/h4>\n\n\n\n<pre class=\"wp-block-code\"><code lang=\"bash\" class=\"language-bash\">curl -k --data \"data=username%3DUSERNAME%26password%3DPASSWORD%26pid%3Dpid\" \nhttps:\/\/dropshippingb2b.com\/export\/csv.php     <\/code><\/pre>\n\n\n\n<div style=\"height:30px\" aria-hidden=\"true\" class=\"wp-block-spacer\"><\/div>\n\n\n\n<h4 class=\"wp-block-heading has-text-align-left\">PHP Ejemplo<\/h4>\n\n\n\n<pre class=\"wp-block-code\"><code lang=\"php\" class=\"language-php\">&lt;?php\n\n$params = array(\"username\" =&gt; \"YOUR USERNAME\",\n                \"password\" =&gt; \"YOUR PASSWORD\",\n                \"pid\"      =&gt; \"YOUR PORTAL ID NUMBER\");\n   \n\/*  PORTAL ID\n1    wwt.it\n2    b2buhren.de\n4    marcaspararevenda.com\n6    marcasalmayor.es\n7    b2bwatches.co.uk\n8    b2bhodinky.cz\n9    b2bmontres.fr\n10   b2bhorloges.nl\n11   emporiorologion.gr\n13   atacadodemarcas.com.br\n14   b2bsk.sk\n15   klockorb2b.se\n16   markihurt.pl\n*\/   \n   \n$params = http_build_query($params);\n$data = array('data' =&gt; $params);\n$ch = curl_init();\n\ncurl_setopt($ch, CURLOPT_URL, 'https:\/\/dropshippingb2b.com\/export\/csv.php');\ncurl_setopt($ch, CURLOPT_SSLVERSION , CURL_SSLVERSION_TLSv1_2);\ncurl_setopt($ch, CURLOPT_SSL_VERIFYPEER,FALSE);\ncurl_setopt($ch, CURLOPT_SSL_VERIFYHOST,2);\ncurl_setopt($ch, CURLOPT_POST, 1);\ncurl_setopt($ch, CURLOPT_RETURNTRANSFER, 1);\ncurl_setopt($ch, CURLOPT_POSTFIELDS, $data);\n\n$ce = curl_exec($ch); \/\/ $ce contain call response\ncurl_close($ch);   \necho $ce; \n?&gt; <\/code><\/pre>\n\n\n\n<div style=\"height:30px\" aria-hidden=\"true\" class=\"wp-block-spacer\"><\/div>\n\n\n\n<h4 class=\"wp-block-heading has-text-align-left\">VB .NET Ejemplo<\/h4>\n\n\n\n<pre class=\"wp-block-code\"><code lang=\"visual-basic\" class=\"language-visual-basic\">Imports System\nImports System.Net\nImports System.Web\n\n\nPublic Module Module1\n    Public Sub Main()\n         Using client As New WebClient\n            Dim result As String\n            client.Encoding = System.Text.Encoding.UTF8\n            client.Headers.Add(\"Content-Type\", \"application\/x-www-form-urlencoded\")\n            result = client.UploadString(\"https:\/\/dropshippingb2b.com\/export\/csv.php\", \"data=\"\n + HttpUtility.UrlEncode(\"username=USERNAME&amp;password=PASSWORD&amp;pid=PORTAL ID\"))\n            Console.WriteLine(result)\n        End Using\n    End Sub\nEnd Module<\/code><\/pre>\n\n\n\n<p>Ofrecemos un campo en la \u00faltima columna llamado \u00abspeed_shipping\u00bb. Este campo indica el tiempo promedio para que el producto sea recibido y luego reenviado.<\/p>\n\n\n\n<ul class=\"wp-block-list\">\n<li><strong>0 &#8211; Slow shipment<\/strong><\/li>\n<\/ul>\n\n\n\n<p>Este producto est\u00e1 disponible a trav\u00e9s del distribuidor oficial. Este art\u00edculo tarda hasta 10&nbsp;d\u00edas laborables.&nbsp;La entrega no es 100%&nbsp;garantizada. Recomendamos encarecidamente a los revendedores de dropshipping que NO integren estos productos en sus ofertas.<\/p>\n\n\n\n<ul class=\"wp-block-list\">\n<li><strong>1 &#8211; Env\u00edo est\u00e1ndar<\/strong><\/li>\n<\/ul>\n\n\n\n<p>Este es un producto almacenado en un almac\u00e9n diferente al de la log\u00edstica utilizada para el env\u00edo directo (log\u00edstica de comercio electr\u00f3nico de Delledonne&nbsp;https:\/\/www.delledonne.it\/logistica-per-l-ecommerce.cfm) El env\u00edo tarda en promedio&nbsp;4-5 d\u00edas h\u00e1biles La relaci\u00f3n \u00abPedido VS. Entrega\u00bb es de alrededor del 95 %. Al ser&nbsp;productos de socios externos, el control de existencias no est\u00e1 completamente en nuestras manos, por lo tanto, para&nbsp;aumentar el %&nbsp;de capacidad de entrega,&nbsp;recomendamos encarecidamente a los revendedores en modo dropshipping que apliquen un filtro \u00abpublicar si QTY&gt;X\u00bb, donde \u00abX\u00bb es el valor de EXISTENCIA (columna H en nuestro CSV). Al hacerlo, el revendedor decidir\u00e1 reducir la cantidad de art\u00edculos ofrecidos a sus clientes para aumentar la tasa de entrega.<\/p>\n\n\n\n<ul class=\"wp-block-list\">\n<li><strong>2 &#8211; Env\u00edo r\u00e1pido<\/strong><\/li>\n<\/ul>\n\n\n\n<p>Estos son productos de nuestro propio stock, listos en la log\u00edstica que tambi\u00e9n utilizamos como almac\u00e9n (log\u00edstica de e-commerce de Delledonne)&nbsp;https:\/\/www.delledonne.it\/logistica-per-l-ecommerce.cfm&nbsp;. El env\u00edo se realiza en 24h &#8211; 48h, si se pide por la ma\u00f1ana (Hora de Europa Central), normalmente incluso se env\u00edan el mismo d\u00eda. La relaci\u00f3n \u00abPedido VS entregado\u00bb es superior al 99,9%.<\/p>\n\n\n\n<p>Los vendedores que utilizan mercados externos (Amazon, eBay, etc.) en lugar de sus propios sitios web, sugerimos cruzar los valores de la columna M (id_supplier) y la columna P (speed_shipping), para lograr un mejor porcentaje de entrega.<\/p>\n\n\n\n<p>Estamos a su disposici\u00f3n para ofrecerle sugerencias sobre c\u00f3mo filtrar datos de forma cruzada en funci\u00f3n de las necesidades de cada cliente.<\/p>\n<\/div><\/div>\n<\/div><\/div>\n\n\n\n<div class=\"inherit-container-width wp-block-group alignfull has-background is-layout-constrained wp-block-group-is-layout-constrained\" style=\"background-color:#fae4d6\"><div class=\"wp-block-group__inner-container\">\n<h3 class=\"has-text-align-center wp-block-heading\">\u00bfTODAV\u00cdA DUDAS?<\/h3>\n\n\n\n<p class=\"has-text-align-center\">Consulta las preguntas frecuentes o habla con uno de nosotros<\/p>\n\n\n\n<div class=\"wp-block-columns is-layout-flex wp-container-core-columns-is-layout-1 wp-block-columns-is-layout-flex\">\n<div class=\"wp-block-column is-vertically-aligned-center is-layout-flow wp-block-column-is-layout-flow\">\n<div class=\"wp-block-buttons is-horizontal is-content-justification-center is-layout-flex wp-container-core-buttons-is-layout-2 wp-block-buttons-is-layout-flex\">\n<div class=\"wp-block-button is-style-outline is-style-outline--1\"><a class=\"wp-block-button__link has-text-color\" href=\"\/es\/faq\" style=\"color:#e5742e\">VISITA LAS FAQ<\/a><\/div>\n\n\n\n<div class=\"wp-block-button is-style-fill\"><a class=\"wp-block-button__link\" href=\"\/es\/contactanos\">CONTACTANOS<\/a><\/div>\n<\/div>\n<\/div>\n<\/div>\n<\/div><\/div>\n","protected":false},"excerpt":{"rendered":"<p>Nuestro cat\u00e1logo se puede integrar de forma manual (archivo CSV, XML, JSON exportaci\u00f3n incluyendo enlace de archivo a las im\u00e1genes) o autom\u00e1ticamente (integraci\u00f3n API, actualizaci\u00f3n en tiempo real VS Url call, de dos en dos horas). Cada art\u00edculo tiene la siguiente informaci\u00f3n: y los siguientes campos opcionales: A continuaci\u00f3n se muestran las principales diferencias entre [&hellip;]<\/p>\n","protected":false},"author":1,"featured_media":0,"parent":0,"menu_order":0,"comment_status":"closed","ping_status":"closed","template":"","meta":{"inline_featured_image":false,"site-sidebar-layout":"default","site-content-layout":"plain-container","ast-site-content-layout":"normal-width-container","site-content-style":"unboxed","site-sidebar-style":"unboxed","ast-global-header-display":"","ast-banner-title-visibility":"","ast-main-header-display":"","ast-hfb-above-header-display":"","ast-hfb-below-header-display":"","ast-hfb-mobile-header-display":"","site-post-title":"disabled","ast-breadcrumbs-content":"","ast-featured-img":"","footer-sml-layout":"","theme-transparent-header-meta":"default","adv-header-id-meta":"","stick-header-meta":"","header-above-stick-meta":"","header-main-stick-meta":"","header-below-stick-meta":"","astra-migrate-meta-layouts":"set","ast-page-background-enabled":"default","ast-page-background-meta":{"desktop":{"background-color":"","background-image":"","background-repeat":"repeat","background-position":"center center","background-size":"auto","background-attachment":"scroll","background-type":"","background-media":"","overlay-type":"","overlay-color":"","overlay-opacity":"","overlay-gradient":""},"tablet":{"background-color":"","background-image":"","background-repeat":"repeat","background-position":"center center","background-size":"auto","background-attachment":"scroll","background-type":"","background-media":"","overlay-type":"","overlay-color":"","overlay-opacity":"","overlay-gradient":""},"mobile":{"background-color":"","background-image":"","background-repeat":"repeat","background-position":"center center","background-size":"auto","background-attachment":"scroll","background-type":"","background-media":"","overlay-type":"","overlay-color":"","overlay-opacity":"","overlay-gradient":""}},"ast-content-background-meta":{"desktop":{"background-color":"var(--ast-global-color-5)","background-image":"","background-repeat":"repeat","background-position":"center center","background-size":"auto","background-attachment":"scroll","background-type":"","background-media":"","overlay-type":"","overlay-color":"","overlay-opacity":"","overlay-gradient":""},"tablet":{"background-color":"var(--ast-global-color-5)","background-image":"","background-repeat":"repeat","background-position":"center center","background-size":"auto","background-attachment":"scroll","background-type":"","background-media":"","overlay-type":"","overlay-color":"","overlay-opacity":"","overlay-gradient":""},"mobile":{"background-color":"var(--ast-global-color-5)","background-image":"","background-repeat":"repeat","background-position":"center center","background-size":"auto","background-attachment":"scroll","background-type":"","background-media":"","overlay-type":"","overlay-color":"","overlay-opacity":"","overlay-gradient":""}},"footnotes":""},"class_list":["post-1323","page","type-page","status-publish","hentry"],"_links":{"self":[{"href":"https:\/\/dropshippingb2b.com\/es\/wp-json\/wp\/v2\/pages\/1323","targetHints":{"allow":["GET"]}}],"collection":[{"href":"https:\/\/dropshippingb2b.com\/es\/wp-json\/wp\/v2\/pages"}],"about":[{"href":"https:\/\/dropshippingb2b.com\/es\/wp-json\/wp\/v2\/types\/page"}],"author":[{"embeddable":true,"href":"https:\/\/dropshippingb2b.com\/es\/wp-json\/wp\/v2\/users\/1"}],"replies":[{"embeddable":true,"href":"https:\/\/dropshippingb2b.com\/es\/wp-json\/wp\/v2\/comments?post=1323"}],"version-history":[{"count":7,"href":"https:\/\/dropshippingb2b.com\/es\/wp-json\/wp\/v2\/pages\/1323\/revisions"}],"predecessor-version":[{"id":8203,"href":"https:\/\/dropshippingb2b.com\/es\/wp-json\/wp\/v2\/pages\/1323\/revisions\/8203"}],"wp:attachment":[{"href":"https:\/\/dropshippingb2b.com\/es\/wp-json\/wp\/v2\/media?parent=1323"}],"curies":[{"name":"wp","href":"https:\/\/api.w.org\/{rel}","templated":true}]}}