{"id":1121,"date":"2021-07-13T21:57:05","date_gmt":"2021-07-13T21:57:05","guid":{"rendered":"https:\/\/dsb2b.assemblyweb.net\/web-platform"},"modified":"2022-10-07T14:49:23","modified_gmt":"2022-10-07T14:49:23","slug":"plataforma-web","status":"publish","type":"page","link":"https:\/\/dropshippingb2b.com\/es\/plataforma-web","title":{"rendered":"Plataforma web"},"content":{"rendered":"\n<div class=\"wp-block-cover alignfull\" style=\"min-height:350px;aspect-ratio:unset;\"><span aria-hidden=\"true\" class=\"wp-block-cover__background has-background-dim-0 has-background-dim\"><\/span><img loading=\"lazy\" decoding=\"async\" width=\"1200\" height=\"1600\" class=\"wp-block-cover__image-background wp-image-2834\" alt=\"\" src=\"https:\/\/dropshippingb2b.com\/wp-content\/uploads\/2022\/01\/wwtech-portada-duotone.jpg\" data-object-fit=\"cover\" srcset=\"https:\/\/dropshippingb2b.com\/wp-content\/uploads\/2022\/01\/wwtech-portada-duotone.jpg 1200w, https:\/\/dropshippingb2b.com\/wp-content\/uploads\/2022\/01\/wwtech-portada-duotone-225x300.jpg 225w, https:\/\/dropshippingb2b.com\/wp-content\/uploads\/2022\/01\/wwtech-portada-duotone-768x1024.jpg 768w, https:\/\/dropshippingb2b.com\/wp-content\/uploads\/2022\/01\/wwtech-portada-duotone-1152x1536.jpg 1152w, https:\/\/dropshippingb2b.com\/wp-content\/uploads\/2022\/01\/wwtech-portada-duotone-300x400.jpg 300w\" sizes=\"auto, (max-width: 1200px) 100vw, 1200px\" \/><div class=\"wp-block-cover__inner-container is-layout-flow wp-block-cover-is-layout-flow\">\n<h2 class=\"has-text-color has-huge-font-size wp-block-heading\" style=\"color:#ffffff\"><strong>Software online<\/strong>: La platforma<\/h2>\n<\/div><\/div>\n\n\n\n<div class=\"inherit-container-width wp-block-group alignfull has-background is-layout-constrained wp-block-group-is-layout-constrained\" style=\"background-color:#f6f6f6\"><div class=\"wp-block-group__inner-container\">\n<div class=\"inherit-container-width wp-block-group has-background is-layout-constrained wp-block-group-is-layout-constrained\" style=\"background-color:#ffffff\"><div class=\"wp-block-group__inner-container\">\n<h3 class=\"has-text-align-center wp-block-heading\">Diferencias entre Sitio Mayorista VS Plataforma Dropshipping<\/h3>\n\n\n\n<figure class=\"wp-block-image aligncenter size-large\"><img loading=\"lazy\" decoding=\"async\" width=\"1024\" height=\"604\" src=\"https:\/\/dropshippingb2b.com\/wp-content\/uploads\/2022\/09\/ingrosso_vs_piattaforma_en-1024x604.png\" alt=\"\" class=\"wp-image-4264\" srcset=\"https:\/\/dropshippingb2b.com\/wp-content\/uploads\/2022\/09\/ingrosso_vs_piattaforma_en-1024x604.png 1024w, https:\/\/dropshippingb2b.com\/wp-content\/uploads\/2022\/09\/ingrosso_vs_piattaforma_en-300x177.png 300w, https:\/\/dropshippingb2b.com\/wp-content\/uploads\/2022\/09\/ingrosso_vs_piattaforma_en-768x453.png 768w, https:\/\/dropshippingb2b.com\/wp-content\/uploads\/2022\/09\/ingrosso_vs_piattaforma_en.png 1200w\" sizes=\"auto, (max-width: 1024px) 100vw, 1024px\" \/><\/figure>\n<\/div><\/div>\n\n\n\n<div style=\"height:20px\" aria-hidden=\"true\" class=\"wp-block-spacer\"><\/div>\n\n\n\n<div class=\"inherit-container-width wp-block-group has-background is-layout-constrained wp-block-group-is-layout-constrained\" style=\"background-color:#ffffff\"><div class=\"wp-block-group__inner-container\">\n<h3 class=\"has-text-align-center wp-block-heading\">Video tutorial<\/h3>\n\n\n\n<p class=\"has-text-align-center\"><strong><strong>EL VIDEO TUTORIAL SE HALLA EN ITALIANO CON SUBTITULOS EN CASTELLANO<\/strong><\/strong><\/p>\n\n\n\n<figure class=\"wp-block-embed is-type-video is-provider-youtube wp-block-embed-youtube wp-embed-aspect-16-9 wp-has-aspect-ratio\"><div class=\"wp-block-embed__wrapper\">\n<div class=\"ast-oembed-container \" style=\"height: 100%;\"><iframe loading=\"lazy\" title=\"Tutorial: Software Dropshipping WWTech\" width=\"500\" height=\"281\" src=\"https:\/\/www.youtube.com\/embed\/giRg_5MZmXg?feature=oembed\" frameborder=\"0\" allow=\"accelerometer; autoplay; clipboard-write; encrypted-media; gyroscope; picture-in-picture; web-share\" referrerpolicy=\"strict-origin-when-cross-origin\" allowfullscreen><\/iframe><\/div>\n<\/div><\/figure>\n\n\n\n<p>La plataforma DropshippingB2B le permite tener un control total del servicio de Dropshipping: es utilizado por la log\u00edstica para enviar los productos directamente al cliente final. Los datos de los clientes finales pueden ser enviados de forma autom\u00e1tica (a trav\u00e9s de la integraci\u00f3n de la API) o manualmente por el distribuidor.<\/p>\n\n\n\n<div class=\"wp-block-media-text alignwide is-stacked-on-mobile webplatform-mediatext\" style=\"grid-template-columns:15% auto\"><figure class=\"wp-block-media-text__media\"><img loading=\"lazy\" decoding=\"async\" width=\"202\" height=\"103\" src=\"https:\/\/dropshippingb2b.com\/wp-content\/uploads\/2022\/01\/icona_dashboard.jpg\" alt=\"\" class=\"wp-image-3128 size-medium\" srcset=\"https:\/\/dropshippingb2b.com\/wp-content\/uploads\/2022\/01\/icona_dashboard.jpg 202w, https:\/\/dropshippingb2b.com\/wp-content\/uploads\/2022\/01\/icona_dashboard-200x103.jpg 200w\" sizes=\"auto, (max-width: 202px) 100vw, 202px\" \/><\/figure><div class=\"wp-block-media-text__content\">\n<p class=\"mt-0 has-medium-font-size\"><strong>The Dashboard<\/strong>:<\/p>\n\n\n\n<p>Es la p\u00e1gina principal de la plataforma, Contiene un resumen de la informaci\u00f3n m\u00e1s relevante, as\u00ed como informaci\u00f3n sobre los pedidos realizados (pendientes \/ envi\u00f3 mensajes le\u00eddos \/ no le\u00eddos, etc).<\/p>\n<\/div><\/div>\n\n\n\n<hr class=\"wp-block-separator has-css-opacity alignwide custom-line\"\/>\n\n\n\n<div class=\"wp-block-media-text alignwide is-stacked-on-mobile webplatform-mediatext\" style=\"grid-template-columns:15% auto\"><figure class=\"wp-block-media-text__media\"><img loading=\"lazy\" decoding=\"async\" width=\"190\" height=\"89\" src=\"https:\/\/dropshippingb2b.com\/wp-content\/uploads\/2022\/01\/icona_shopping_cart.jpg\" alt=\"\" class=\"wp-image-3141 size-medium\"\/><\/figure><div class=\"wp-block-media-text__content\">\n<p class=\"mt-0 has-medium-font-size\"><strong>Shopping Cart<\/strong>:<\/p>\n\n\n\n<p>permite al distribuidor a\u00f1adir art\u00edculos en su cesta y comprarlos.<\/p>\n<\/div><\/div>\n\n\n\n<hr class=\"wp-block-separator has-css-opacity alignfull custom-line\"\/>\n\n\n\n<div class=\"wp-block-media-text alignwide is-stacked-on-mobile webplatform-mediatext\" style=\"grid-template-columns:15% auto\"><figure class=\"wp-block-media-text__media\"><img loading=\"lazy\" decoding=\"async\" width=\"149\" height=\"72\" src=\"https:\/\/dropshippingb2b.com\/wp-content\/uploads\/2022\/01\/order.jpg\" alt=\"\" class=\"wp-image-3154 size-medium\"\/><\/figure><div class=\"wp-block-media-text__content\">\n<p class=\"mt-0 has-medium-font-size\"><strong>Order<\/strong>:<\/p>\n\n\n\n<p>contiene todos los pedidos B2C confirmados y ayuda a la gesti\u00f3n de entrega de la orden junto con los de la Log\u00edstica.<\/p>\n<\/div><\/div>\n\n\n\n<hr class=\"wp-block-separator has-css-opacity alignwide custom-line\"\/>\n\n\n\n<div class=\"wp-block-media-text alignwide is-stacked-on-mobile webplatform-mediatext\" style=\"grid-template-columns:15% auto\"><figure class=\"wp-block-media-text__media\"><img loading=\"lazy\" decoding=\"async\" width=\"191\" height=\"92\" src=\"https:\/\/dropshippingb2b.com\/wp-content\/uploads\/2022\/01\/icona_messages.jpg\" alt=\"\" class=\"wp-image-3167 size-medium\"\/><\/figure><div class=\"wp-block-media-text__content\">\n<p class=\"mt-0 has-medium-font-size\"><strong>Messages<\/strong>:<\/p>\n\n\n\n<p>para cada pedido esta disponible un chat online que permite que el distribuidor se comunique directamente con Logistica. Tambi\u00e9n es posible a\u00f1adir \/ adjuntar documentos, como facturas.<\/p>\n<\/div><\/div>\n\n\n\n<div style=\"height:70px\" aria-hidden=\"true\" class=\"wp-block-spacer\"><\/div>\n\n\n\n<figure class=\"wp-block-image aligncenter size-large\"><img loading=\"lazy\" decoding=\"async\" width=\"1024\" height=\"595\" src=\"https:\/\/dropshippingb2b.com\/wp-content\/uploads\/2022\/01\/dropshipping_admin-1024x595.jpg\" alt=\"\" class=\"wp-image-3191\" srcset=\"https:\/\/dropshippingb2b.com\/wp-content\/uploads\/2022\/01\/dropshipping_admin-1024x595.jpg 1024w, https:\/\/dropshippingb2b.com\/wp-content\/uploads\/2022\/01\/dropshipping_admin-300x174.jpg 300w, https:\/\/dropshippingb2b.com\/wp-content\/uploads\/2022\/01\/dropshipping_admin-768x446.jpg 768w, https:\/\/dropshippingb2b.com\/wp-content\/uploads\/2022\/01\/dropshipping_admin.jpg 1200w\" sizes=\"auto, (max-width: 1024px) 100vw, 1024px\" \/><\/figure>\n\n\n\n<p class=\"has-text-align-center\">Esta plataforma de respuesta se adapte a todos los dispositivos. Usted puede ingresar a la plataforma utilizando usuario y contrase\u00f1a para el siguiente enlace:<\/p>\n\n\n\n<div class=\"wp-block-buttons is-horizontal is-content-justification-center is-layout-flex wp-container-core-buttons-is-layout-1 wp-block-buttons-is-layout-flex\">\n<div class=\"wp-block-button\"><a class=\"wp-block-button__link\" href=\"https:\/\/www.dropshippingb2b.com\/admin\/\" target=\"_blank\" rel=\"noreferrer noopener\">Descubre la plataforma<\/a><\/div>\n<\/div>\n\n\n\n<figure class=\"wp-block-image aligncenter size-full\"><img loading=\"lazy\" decoding=\"async\" width=\"963\" height=\"682\" src=\"https:\/\/dropshippingb2b.com\/wp-content\/uploads\/2022\/01\/admin_2.png\" alt=\"\" class=\"wp-image-3204\" srcset=\"https:\/\/dropshippingb2b.com\/wp-content\/uploads\/2022\/01\/admin_2.png 963w, https:\/\/dropshippingb2b.com\/wp-content\/uploads\/2022\/01\/admin_2-300x212.png 300w, https:\/\/dropshippingb2b.com\/wp-content\/uploads\/2022\/01\/admin_2-768x544.png 768w\" sizes=\"auto, (max-width: 963px) 100vw, 963px\" \/><\/figure>\n\n\n\n<div class=\"wp-block-buttons is-horizontal is-content-justification-center is-layout-flex wp-container-core-buttons-is-layout-2 wp-block-buttons-is-layout-flex\">\n<div class=\"wp-block-button\"><a class=\"wp-block-button__link\" href=\"\/wp-content\/uploads\/2022\/09\/dropshippingb2b_user_guide_eng.pdf\" target=\"_blank\" rel=\"noreferrer noopener\">Descarga nuestra Gu\u00eda en formato PDF<\/a><\/div>\n<\/div>\n<\/div><\/div>\n<\/div><\/div>\n\n\n\n<div class=\"inherit-container-width wp-block-group alignfull has-background is-layout-constrained wp-block-group-is-layout-constrained\" style=\"background-color:#fae4d6\"><div class=\"wp-block-group__inner-container\">\n<h3 class=\"has-text-align-center wp-block-heading\">\u00bfTODAV\u00cdA DUDAS?<\/h3>\n\n\n\n<p class=\"has-text-align-center\">Consulta las preguntas frecuentes o habla con uno de nosotros<\/p>\n\n\n\n<div class=\"wp-block-columns is-layout-flex wp-container-core-columns-is-layout-1 wp-block-columns-is-layout-flex\">\n<div class=\"wp-block-column is-vertically-aligned-center is-layout-flow wp-block-column-is-layout-flow\">\n<div class=\"wp-block-buttons is-horizontal is-content-justification-center is-layout-flex wp-container-core-buttons-is-layout-3 wp-block-buttons-is-layout-flex\">\n<div class=\"wp-block-button is-style-outline is-style-outline--1\"><a class=\"wp-block-button__link has-text-color\" href=\"\/es\/faq\" style=\"color:#e5742e\">VISITA LAS FAQ<\/a><\/div>\n\n\n\n<div class=\"wp-block-button is-style-fill\"><a class=\"wp-block-button__link\" href=\"\/es\/contactanos\">CONTACTANOS<\/a><\/div>\n<\/div>\n<\/div>\n<\/div>\n<\/div><\/div>\n","protected":false},"excerpt":{"rendered":"<p>Diferencias entre Sitio Mayorista VS Plataforma Dropshipping Video tutorial EL VIDEO TUTORIAL SE HALLA EN ITALIANO CON SUBTITULOS EN CASTELLANO La plataforma DropshippingB2B le permite tener un control total del servicio de Dropshipping: es utilizado por la log\u00edstica para enviar los productos directamente al cliente final. Los datos de los clientes finales pueden ser enviados [&hellip;]<\/p>\n","protected":false},"author":1,"featured_media":0,"parent":0,"menu_order":0,"comment_status":"closed","ping_status":"closed","template":"","meta":{"inline_featured_image":false,"site-sidebar-layout":"default","site-content-layout":"plain-container","ast-site-content-layout":"","site-content-style":"default","site-sidebar-style":"default","ast-global-header-display":"","ast-banner-title-visibility":"","ast-main-header-display":"","ast-hfb-above-header-display":"","ast-hfb-below-header-display":"","ast-hfb-mobile-header-display":"","site-post-title":"disabled","ast-breadcrumbs-content":"","ast-featured-img":"","footer-sml-layout":"","theme-transparent-header-meta":"default","adv-header-id-meta":"","stick-header-meta":"","header-above-stick-meta":"","header-main-stick-meta":"","header-below-stick-meta":"","astra-migrate-meta-layouts":"default","ast-page-background-enabled":"default","ast-page-background-meta":{"desktop":{"background-color":"","background-image":"","background-repeat":"repeat","background-position":"center center","background-size":"auto","background-attachment":"scroll","background-type":"","background-media":"","overlay-type":"","overlay-color":"","overlay-opacity":"","overlay-gradient":""},"tablet":{"background-color":"","background-image":"","background-repeat":"repeat","background-position":"center center","background-size":"auto","background-attachment":"scroll","background-type":"","background-media":"","overlay-type":"","overlay-color":"","overlay-opacity":"","overlay-gradient":""},"mobile":{"background-color":"","background-image":"","background-repeat":"repeat","background-position":"center center","background-size":"auto","background-attachment":"scroll","background-type":"","background-media":"","overlay-type":"","overlay-color":"","overlay-opacity":"","overlay-gradient":""}},"ast-content-background-meta":{"desktop":{"background-color":"var(--ast-global-color-5)","background-image":"","background-repeat":"repeat","background-position":"center center","background-size":"auto","background-attachment":"scroll","background-type":"","background-media":"","overlay-type":"","overlay-color":"","overlay-opacity":"","overlay-gradient":""},"tablet":{"background-color":"var(--ast-global-color-5)","background-image":"","background-repeat":"repeat","background-position":"center center","background-size":"auto","background-attachment":"scroll","background-type":"","background-media":"","overlay-type":"","overlay-color":"","overlay-opacity":"","overlay-gradient":""},"mobile":{"background-color":"var(--ast-global-color-5)","background-image":"","background-repeat":"repeat","background-position":"center center","background-size":"auto","background-attachment":"scroll","background-type":"","background-media":"","overlay-type":"","overlay-color":"","overlay-opacity":"","overlay-gradient":""}},"footnotes":""},"class_list":["post-1121","page","type-page","status-publish","hentry"],"_links":{"self":[{"href":"https:\/\/dropshippingb2b.com\/es\/wp-json\/wp\/v2\/pages\/1121","targetHints":{"allow":["GET"]}}],"collection":[{"href":"https:\/\/dropshippingb2b.com\/es\/wp-json\/wp\/v2\/pages"}],"about":[{"href":"https:\/\/dropshippingb2b.com\/es\/wp-json\/wp\/v2\/types\/page"}],"author":[{"embeddable":true,"href":"https:\/\/dropshippingb2b.com\/es\/wp-json\/wp\/v2\/users\/1"}],"replies":[{"embeddable":true,"href":"https:\/\/dropshippingb2b.com\/es\/wp-json\/wp\/v2\/comments?post=1121"}],"version-history":[{"count":6,"href":"https:\/\/dropshippingb2b.com\/es\/wp-json\/wp\/v2\/pages\/1121\/revisions"}],"predecessor-version":[{"id":5609,"href":"https:\/\/dropshippingb2b.com\/es\/wp-json\/wp\/v2\/pages\/1121\/revisions\/5609"}],"wp:attachment":[{"href":"https:\/\/dropshippingb2b.com\/es\/wp-json\/wp\/v2\/media?parent=1121"}],"curies":[{"name":"wp","href":"https:\/\/api.w.org\/{rel}","templated":true}]}}