{"id":2442,"date":"2021-08-02T07:03:21","date_gmt":"2021-08-02T07:03:21","guid":{"rendered":"https:\/\/dsb2b.assemblyweb.net\/product\/album"},"modified":"2022-09-25T20:41:24","modified_gmt":"2022-09-25T20:41:24","slug":"data-flow-service","status":"publish","type":"product","link":"https:\/\/dropshippingb2b.com\/de\/product\/data-flow-service","title":{"rendered":"Data flow Service"},"content":{"rendered":"<p>Unser Basisservice: Im Rahmen dieses Service erwirbt der Wiederverk\u00e4ufer Zugangsdaten f\u00fcr den Zugangsdatenfluss unseres Katalogs (Referenzen, Codes, Namen, Preise, Bilder). Es handelt sich um einen schreibgesch\u00fctzten Datendienst, der es beispielsweise erm\u00f6glicht, die eigene E-Commerce-Site oder externe Plattformen wie eBay und Amazon zu f\u00fcllen.<\/p>\n<p>Es enth\u00e4lt:<\/p>\n<p>\u2013 Datenfluss aller verf\u00fcgbaren Produkte in unserer integrierten Lieferantendatenbank.<\/p>\n<p>\u2013 Bearbeitungsrabatt: Wenn der Wiederverk\u00e4ufer die vom Lieferanten\/Dropshipper geforderte Mindestbestellmenge nicht erreicht, kann er die Bestellung trotzdem best\u00e4tigen und erh\u00e4lt einen Rabatt von 50 % auf die Bearbeitungsgeb\u00fchr<\/p>\n<p>\u2013 kostenloser Service: bei nur 1.000,00\u20ac* Monatsumsatz erhalten Sie am Ende des Quartals eine R\u00fcckerstattung auf gekaufte Waren in H\u00f6he der abonnierten Servicekosten (150,00\u20ac\/netto pro Quartal)<\/p>\n<p>(*Betrag auf Quartalsbasis, MwSt. &#038; Zusatzkosten exklusive.)<\/p>\n","protected":false},"excerpt":{"rendered":"<p>Unser Basisservice: Im Rahmen dieses Service erwirbt der Wiederverk\u00e4ufer Zugangsdaten f\u00fcr den Zugangsdatenfluss unseres Katalogs (Referenzen, Codes, Namen, Preise, Bilder). Es handelt sich um einen schreibgesch\u00fctzten Datendienst, der es beispielsweise erm\u00f6glicht, die eigene E-Commerce-Site oder externe Plattformen wie eBay und Amazon zu f\u00fcllen. Es enth\u00e4lt: \u2013 Datenfluss aller verf\u00fcgbaren Produkte in unserer integrierten Lieferantendatenbank. \u2013 [&hellip;]<\/p>\n","protected":false},"featured_media":5403,"template":"","meta":{"inline_featured_image":false,"site-sidebar-layout":"default","site-content-layout":"default","ast-site-content-layout":"default","site-content-style":"default","site-sidebar-style":"default","ast-global-header-display":"","ast-banner-title-visibility":"","ast-main-header-display":"","ast-hfb-above-header-display":"","ast-hfb-below-header-display":"","ast-hfb-mobile-header-display":"","site-post-title":"","ast-breadcrumbs-content":"","ast-featured-img":"","footer-sml-layout":"","theme-transparent-header-meta":"default","adv-header-id-meta":"","stick-header-meta":"","header-above-stick-meta":"","header-main-stick-meta":"","header-below-stick-meta":"","astra-migrate-meta-layouts":"default","ast-page-background-enabled":"default","ast-page-background-meta":{"desktop":{"background-color":"","background-image":"","background-repeat":"repeat","background-position":"center center","background-size":"auto","background-attachment":"scroll","background-type":"","background-media":"","overlay-type":"","overlay-color":"","overlay-opacity":"","overlay-gradient":""},"tablet":{"background-color":"","background-image":"","background-repeat":"repeat","background-position":"center center","background-size":"auto","background-attachment":"scroll","background-type":"","background-media":"","overlay-type":"","overlay-color":"","overlay-opacity":"","overlay-gradient":""},"mobile":{"background-color":"","background-image":"","background-repeat":"repeat","background-position":"center center","background-size":"auto","background-attachment":"scroll","background-type":"","background-media":"","overlay-type":"","overlay-color":"","overlay-opacity":"","overlay-gradient":""}},"ast-content-background-meta":{"desktop":{"background-color":"var(--ast-global-color-5)","background-image":"","background-repeat":"repeat","background-position":"center center","background-size":"auto","background-attachment":"scroll","background-type":"","background-media":"","overlay-type":"","overlay-color":"","overlay-opacity":"","overlay-gradient":""},"tablet":{"background-color":"var(--ast-global-color-5)","background-image":"","background-repeat":"repeat","background-position":"center center","background-size":"auto","background-attachment":"scroll","background-type":"","background-media":"","overlay-type":"","overlay-color":"","overlay-opacity":"","overlay-gradient":""},"mobile":{"background-color":"var(--ast-global-color-5)","background-image":"","background-repeat":"repeat","background-position":"center center","background-size":"auto","background-attachment":"scroll","background-type":"","background-media":"","overlay-type":"","overlay-color":"","overlay-opacity":"","overlay-gradient":""}}},"product_cat":[104],"product_tag":[],"class_list":["post-2442","product","type-product","status-publish","has-post-thumbnail","hentry","product_cat-quarterly-payment-de","desktop-align-left","tablet-align-left","mobile-align-left"],"_links":{"self":[{"href":"https:\/\/dropshippingb2b.com\/de\/wp-json\/wp\/v3\/product\/2442","targetHints":{"allow":["GET"]}}],"collection":[{"href":"https:\/\/dropshippingb2b.com\/de\/wp-json\/wp\/v3\/product"}],"about":[{"href":"https:\/\/dropshippingb2b.com\/de\/wp-json\/wp\/v2\/types\/product"}],"wp:featuredmedia":[{"embeddable":true,"href":"https:\/\/dropshippingb2b.com\/de\/wp-json\/wp\/v2\/media\/5403"}],"wp:attachment":[{"href":"https:\/\/dropshippingb2b.com\/de\/wp-json\/wp\/v2\/media?parent=2442"}],"wp:term":[{"taxonomy":"product_cat","embeddable":true,"href":"https:\/\/dropshippingb2b.com\/de\/wp-json\/wp\/v2\/product_cat?post=2442"},{"taxonomy":"product_tag","embeddable":true,"href":"https:\/\/dropshippingb2b.com\/de\/wp-json\/wp\/v2\/product_tag?post=2442"}],"curies":[{"name":"wp","href":"https:\/\/api.w.org\/{rel}","templated":true}]}}