{"id":560,"date":"2021-06-22T14:53:35","date_gmt":"2021-06-22T14:53:35","guid":{"rendered":"https:\/\/dsb2b.assemblyweb.net\/?page_id=560"},"modified":"2023-01-03T22:09:53","modified_gmt":"2023-01-03T21:09:53","slug":"home","status":"publish","type":"page","link":"https:\/\/dropshippingb2b.com\/de","title":{"rendered":"Home"},"content":{"rendered":"\n<div class=\"inherit-container-width wp-block-group is-layout-constrained wp-block-group-is-layout-constrained\"><div class=\"wp-block-group__inner-container\">\n<div class=\"wp-block-cover alignfull is-light\" style=\"min-height:502px;aspect-ratio:unset;\"><span aria-hidden=\"true\" class=\"wp-block-cover__background has-background-dim-0 has-background-dim\"><\/span><img loading=\"lazy\" decoding=\"async\" width=\"1200\" height=\"1600\" class=\"wp-block-cover__image-background wp-image-2828\" alt=\"\" src=\"https:\/\/dropshippingb2b.com\/wp-content\/uploads\/2022\/01\/wwtech-portada-duotone.jpg\" style=\"object-position:50% 50%\" data-object-fit=\"cover\" data-object-position=\"50% 50%\" srcset=\"https:\/\/dropshippingb2b.com\/wp-content\/uploads\/2022\/01\/wwtech-portada-duotone.jpg 1200w, https:\/\/dropshippingb2b.com\/wp-content\/uploads\/2022\/01\/wwtech-portada-duotone-300x400.jpg 300w, https:\/\/dropshippingb2b.com\/wp-content\/uploads\/2022\/01\/wwtech-portada-duotone-225x300.jpg 225w, https:\/\/dropshippingb2b.com\/wp-content\/uploads\/2022\/01\/wwtech-portada-duotone-768x1024.jpg 768w, https:\/\/dropshippingb2b.com\/wp-content\/uploads\/2022\/01\/wwtech-portada-duotone-1152x1536.jpg 1152w\" sizes=\"auto, (max-width: 1200px) 100vw, 1200px\" \/><div class=\"wp-block-cover__inner-container is-layout-flow wp-block-cover-is-layout-flow\">\n<h1 class=\"has-text-align-left has-text-color wp-block-heading\" style=\"color:#e5742e\">Dropshipping<\/h1>\n\n\n\n<p class=\"hero-slogan has-white-color has-text-color\" style=\"font-size:32px\">Die einfache Erweiterung Ihres Business<\/p>\n<\/div><\/div>\n\n\n\n<div class=\"wp-block-cover alignfull is-light\" style=\"min-height:126px;aspect-ratio:unset;\"><span aria-hidden=\"true\" class=\"wp-block-cover__background has-background-dim-100 has-background-dim\" style=\"background-color:#e5742e\"><\/span><div class=\"wp-block-cover__inner-container is-layout-flow wp-block-cover-is-layout-flow\">\n<div style=\"height:10px\" aria-hidden=\"true\" class=\"wp-block-spacer\"><\/div>\n\n\n\n<p class=\"has-text-align-center has-medium-font-size\">Die Plattform DropshippingB2B stellt ein komplettes Set an Instrumente zur Verf\u00fcgung mit welcher eine Shop Integration m\u00f6glich ist und damit neue Bestellungen einfach bearbeitet werden k\u00f6nnen.<\/p>\n<\/div><\/div>\n\n\n\n<div class=\"inherit-container-width wp-block-group alignfull is-layout-constrained wp-block-group-is-layout-constrained\"><div class=\"wp-block-group__inner-container\">\n<div class=\"wp-block-columns are-vertically-aligned-top is-layout-flex wp-container-core-columns-is-layout-1 wp-block-columns-is-layout-flex\">\n<div class=\"wp-block-column is-vertically-aligned-top is-layout-flow wp-block-column-is-layout-flow\">\n<h3 class=\"has-text-align-center wp-block-heading\" style=\"text-transform:uppercase\">Dropshipping<\/h3>\n\n\n\n<p class=\"has-text-align-left has-black-color has-text-color\">Was ist Dropshipping? Dropshipping ist ein B2B Service welche es dem Wiederverk\u00e4ufer erlaubt im Bereich des B2C ein Produkt anzubieten bzw. dieses an einen Verbraucher zu verkaufen ohne das Produkt selbst auf Lager zu haben. Der Wiedeverk\u00e4ufer vollzieht einen Verkauf und \u00fcbermittelt seine Bestellung an den Lieferanten (auch Dropshipper genannt). Dieser widerum versendet das Produkt im Namen des Wiederverk\u00e4ufer an den privaten Endverbraucher.<\/p>\n\n\n\n<div class=\"wp-block-buttons button-mobile is-horizontal is-content-justification-center is-layout-flex wp-container-core-buttons-is-layout-1 wp-block-buttons-is-layout-flex\">\n<div class=\"wp-block-button button-mobile\"><a class=\"wp-block-button__link wp-element-button\" href=\"#howItWorks\">WEITERLESEN<\/a><\/div>\n<\/div>\n<\/div>\n\n\n\n<div class=\"wp-block-column is-vertically-aligned-top is-layout-flow wp-block-column-is-layout-flow\">\n<h3 class=\"has-text-align-center wp-block-heading\" style=\"text-transform:uppercase\">Unser Service<\/h3>\n\n\n\n<p class=\"has-text-align-left has-black-color has-text-color has-normal-font-size\">Wir freuen uns Ihnen eine IT-L\u00f6sungen anbieten zu k\u00f6nnen um Ihren Shop mit Lieferanten \/ Dropshippern integrieren zu k\u00f6nnen. Dadurch haben Sie die M\u00f6glichkeit Ware als Bsp. an Endverbraucher zu verkaufen ohne das Produkt selbst auf Lager vorzuhalten. Wir verwalten f\u00fcr Sie Logistik und Versand. Hierzu haben wir diverse Abonnement.<br><br>W\u00e4hlen Sie das beste Abonnement f\u00fcr Ihre Bed\u00fcrfnisse!<\/p>\n\n\n\n<div class=\"wp-block-buttons button-mobile is-horizontal is-content-justification-center is-layout-flex wp-container-core-buttons-is-layout-2 wp-block-buttons-is-layout-flex\">\n<div class=\"wp-block-button button-mobile\"><a class=\"wp-block-button__link wp-element-button\" href=\"\/de\/unser-service\">WEITERLESEN<\/a><\/div>\n<\/div>\n<\/div>\n\n\n\n<div class=\"wp-block-column is-vertically-aligned-top is-layout-flow wp-block-column-is-layout-flow\">\n<h3 class=\"has-text-align-center wp-block-heading\" style=\"text-transform:uppercase\">Datenfluss<\/h3>\n\n\n\n<p class=\"has-text-align-left has-black-color has-text-color has-normal-font-size\">W\u00e4hlen Sie die passende L\u00f6sung f\u00fcr Sie. Man kann das gesamte Angebot entweder manuell herunterladen (statischer Datenfluss: XML, JSON und CSV-Datei Export Links f\u00fcr die Bilder) oder automatisch (Live-Stream: API-Integration mit Echtzeitaktualisierung).<\/p>\n\n\n\n<div class=\"wp-block-buttons button-mobile is-horizontal is-content-justification-center is-layout-flex wp-container-core-buttons-is-layout-3 wp-block-buttons-is-layout-flex\">\n<div class=\"wp-block-button button-mobile\"><a class=\"wp-block-button__link wp-element-button\" href=\"\/de\/daten-fluss\">WEITERLESEN<\/a><\/div>\n<\/div>\n<\/div>\n\n\n\n<div class=\"wp-block-column is-vertically-aligned-top is-layout-flow wp-block-column-is-layout-flow\">\n<h3 class=\"has-text-align-center wp-block-heading\" style=\"text-transform:uppercase\">Dropshipping Interface<\/h3>\n\n\n\n<p class=\"has-black-color has-text-color\">DropshippingB2B ist eine webbasierte Plattform, die ein schnelles und einfaches Bestellungsmanagement interaktiv erm\u00f6glicht. Es hilft Wiederverk\u00e4ufern schnell und unkompliziert mit der Logistik zu kommunizieren und die Fortschritte der einzelnen Auftr\u00e4ge zu \u00fcberwachen.<\/p>\n\n\n\n<div class=\"wp-block-buttons button-mobile is-horizontal is-content-justification-center is-layout-flex wp-container-core-buttons-is-layout-4 wp-block-buttons-is-layout-flex\">\n<div class=\"wp-block-button button-mobile\"><a class=\"wp-block-button__link wp-element-button\" href=\"\/de\/web-platform\">WEITERLESEN<\/a><\/div>\n<\/div>\n<\/div>\n<\/div>\n\n\n\n<div class=\"wp-block-columns are-vertically-aligned-top buttons-desktop is-layout-flex wp-container-core-columns-is-layout-2 wp-block-columns-is-layout-flex\">\n<div class=\"wp-block-column is-vertically-aligned-top is-layout-flow wp-block-column-is-layout-flow\">\n<div class=\"wp-block-buttons is-horizontal is-content-justification-center is-layout-flex wp-container-core-buttons-is-layout-5 wp-block-buttons-is-layout-flex\">\n<div class=\"wp-block-button\"><a class=\"wp-block-button__link wp-element-button\" href=\"#howItWorks\">WEITERLESEN<\/a><\/div>\n<\/div>\n<\/div>\n\n\n\n<div class=\"wp-block-column is-vertically-aligned-top is-layout-flow wp-block-column-is-layout-flow\">\n<div class=\"wp-block-buttons is-horizontal is-content-justification-center is-layout-flex wp-container-core-buttons-is-layout-6 wp-block-buttons-is-layout-flex\">\n<div class=\"wp-block-button\"><a class=\"wp-block-button__link wp-element-button\" href=\"\/de\/unser-service\">WEITERLESEN<\/a><\/div>\n<\/div>\n<\/div>\n\n\n\n<div class=\"wp-block-column is-vertically-aligned-top is-layout-flow wp-block-column-is-layout-flow\">\n<div class=\"wp-block-buttons is-horizontal is-content-justification-center is-layout-flex wp-container-core-buttons-is-layout-7 wp-block-buttons-is-layout-flex\">\n<div class=\"wp-block-button\"><a class=\"wp-block-button__link wp-element-button\" href=\"\/de\/daten-fluss\">WEITERLESEN<\/a><\/div>\n<\/div>\n<\/div>\n\n\n\n<div class=\"wp-block-column is-vertically-aligned-top is-layout-flow wp-block-column-is-layout-flow\">\n<div class=\"wp-block-buttons is-horizontal is-content-justification-center is-layout-flex wp-container-core-buttons-is-layout-8 wp-block-buttons-is-layout-flex\">\n<div class=\"wp-block-button\"><a class=\"wp-block-button__link wp-element-button\" href=\"\/de\/web-platform\">WEITERLESEN<\/a><\/div>\n<\/div>\n<\/div>\n<\/div>\n<\/div><\/div>\n\n\n\n<div class=\"inherit-container-width wp-block-group alignfull has-background is-layout-constrained wp-block-group-is-layout-constrained\" id=\"vantaggi\" style=\"background-color:#fafafa\"><div class=\"wp-block-group__inner-container\">\n<div class=\"wp-block-columns is-layout-flex wp-container-core-columns-is-layout-3 wp-block-columns-is-layout-flex\">\n<div class=\"wp-block-column is-vertically-aligned-center is-layout-flow wp-block-column-is-layout-flow\" style=\"flex-basis:33.33%\">\n<figure class=\"wp-block-image aligncenter size-large\"><img decoding=\"async\" src=\"https:\/\/dropshippingb2b.com\/wp-content\/uploads\/\/2021\/12\/pingu_boxes.svg\" alt=\"\"\/><\/figure>\n<\/div>\n\n\n\n<div class=\"wp-block-column is-vertically-aligned-center is-layout-flow wp-block-column-is-layout-flow\" style=\"flex-basis:66.66%\">\n<h3 class=\"wp-block-heading\"><strong><strong>Welche Vorteile hat der Dropshipping Service?<\/strong><\/strong><\/h3>\n\n\n\n<ul class=\"wp-block-list\">\n<li>Ein riesiger Katalog zur Intergration an Ihr e-commerce<\/li>\n\n\n\n<li>Keine Lagerhaltungskosten<\/li>\n\n\n\n<li>T\u00e4glicher Versand mit g\u00fcnstigen Versandtarifen<\/li>\n\n\n\n<li>Realer Warenkorb (die verf\u00fcgbare Menge der in Ihrem Warenkorb inserierten Produkte werden sofort aus dem Katalog der Grossh\u00e4ndler reduziert bzw. entfernt)<\/li>\n\n\n\n<li>M\u00f6glichkeit der Inserierung von Versandadressen und das Hinzuf\u00fcgen von Dokumenten pro einzelnen Artikel<\/li>\n\n\n\n<li>Direkte Kommunikation mit der Logistik<\/li>\n\n\n\n<li>Support online &amp; telefonisch<\/li>\n<\/ul>\n<\/div>\n<\/div>\n<\/div><\/div>\n\n\n\n<div id=\"howItWorks\" class=\"inherit-container-width wp-block-group is-layout-constrained wp-block-group-is-layout-constrained\"><div class=\"wp-block-group__inner-container\">\n<div style=\"height:100px\" aria-hidden=\"true\" class=\"wp-block-spacer\"><\/div>\n\n\n\n<h3 class=\"has-text-align-center wp-block-heading\"><strong><strong>Wie funktionerts?<\/strong><\/strong><\/h3>\n\n\n\n<h2 class=\"has-text-align-center has-luminous-vivid-orange-color has-text-color wp-block-heading\" style=\"text-transform:uppercase\">Es ist ganz Einfach!<\/h2>\n\n\n\n<div style=\"height:30px\" aria-hidden=\"true\" class=\"wp-block-spacer\"><\/div>\n\n\n\n<div class=\"wp-block-columns alignwide is-layout-flex wp-container-core-columns-is-layout-4 wp-block-columns-is-layout-flex\">\n<div class=\"wp-block-column is-layout-flow wp-block-column-is-layout-flow\">\n<h4 class=\"has-text-align-center home-circle has-luminous-vivid-orange-color has-text-color has-background wp-block-heading\" style=\"background-color:#fae3d4\">1<\/h4>\n\n\n\n<p>Der Wiederverk\u00e4ufer ver\u00f6ffentlich die Produkte des Katalog im eigenen Shop und \/ oder auf Online Marktpl\u00e4tzen (Bsp eBay, Amazon).<\/p>\n<\/div>\n\n\n\n<div class=\"wp-block-column is-layout-flow wp-block-column-is-layout-flow\">\n<h4 class=\"has-text-align-center home-circle has-luminous-vivid-orange-color has-text-color has-background wp-block-heading\" style=\"background-color:#fae3d4\">2<\/h4>\n\n\n\n<p>Ein Endverbraucher erwirbt ein Produkt vom Wiederverk\u00e4ufer.<\/p>\n<\/div>\n\n\n\n<div class=\"wp-block-column is-layout-flow wp-block-column-is-layout-flow\">\n<h4 class=\"has-text-align-center home-circle has-luminous-vivid-orange-color has-text-color has-background wp-block-heading\" style=\"background-color:#fae3d4\">3<\/h4>\n\n\n\n<p>Der Wiederverk\u00e4ufer \u00fcbermittelt die Bestellung und die Versandadresse \u00fcber die Plattform DropshippingB2B.<\/p>\n<\/div>\n\n\n\n<div class=\"wp-block-column is-layout-flow wp-block-column-is-layout-flow\">\n<h4 class=\"has-text-align-center home-circle has-luminous-vivid-orange-color has-text-color has-background wp-block-heading\" style=\"background-color:#fae3d4\">4<\/h4>\n\n\n\n<p>Die Ware wird direkt an den Endverbraucher versendet.<\/p>\n<\/div>\n<\/div>\n\n\n\n<figure class=\"wp-block-image aligncenter size-full\"><img loading=\"lazy\" decoding=\"async\" width=\"1000\" height=\"556\" src=\"https:\/\/dropshippingb2b.com\/wp-content\/uploads\/2022\/09\/infograph_de.png\" alt=\"\" class=\"wp-image-4918\" srcset=\"https:\/\/dropshippingb2b.com\/wp-content\/uploads\/2022\/09\/infograph_de.png 1000w, https:\/\/dropshippingb2b.com\/wp-content\/uploads\/2022\/09\/infograph_de-300x167.png 300w, https:\/\/dropshippingb2b.com\/wp-content\/uploads\/2022\/09\/infograph_de-768x427.png 768w\" sizes=\"auto, (max-width: 1000px) 100vw, 1000px\" \/><\/figure>\n\n\n\n<div style=\"height:30px\" aria-hidden=\"true\" class=\"wp-block-spacer\"><\/div>\n\n\n\n<div class=\"wp-block-buttons is-horizontal is-content-justification-center is-layout-flex wp-container-core-buttons-is-layout-9 wp-block-buttons-is-layout-flex\">\n<div class=\"wp-block-button is-style-outline is-style-outline--1\"><a class=\"wp-block-button__link has-text-color wp-element-button\" href=\"\/de\/kontakt\" style=\"color:#e5742e\">KONTAKTIEREN UNS F\u00dcR WEITERE INFORMATIONEN<\/a><\/div>\n<\/div>\n<\/div><\/div>\n\n\n\n<div class=\"inherit-container-width wp-block-group alignfull has-background is-layout-constrained wp-block-group-is-layout-constrained\" style=\"background-color:#fae4d6\"><div class=\"wp-block-group__inner-container\">\n<h3 class=\"has-text-align-center wp-block-heading\">IMMER NOCH ZWEIFEL?<\/h3>\n\n\n\n<p class=\"has-text-align-center\">Sehen Sie sich die h\u00e4ufig gestellten Fragen an oder sprechen Sie mit einem von uns<\/p>\n\n\n\n<div class=\"wp-block-columns is-layout-flex wp-container-core-columns-is-layout-5 wp-block-columns-is-layout-flex\">\n<div class=\"wp-block-column is-vertically-aligned-center is-layout-flow wp-block-column-is-layout-flow\">\n<div class=\"wp-block-buttons is-horizontal is-content-justification-center is-layout-flex wp-container-core-buttons-is-layout-10 wp-block-buttons-is-layout-flex\">\n<div class=\"wp-block-button is-style-outline is-style-outline--2\"><a class=\"wp-block-button__link has-text-color\" href=\"\/de\/faq\" style=\"color:#e5742e\">BESUCHEN SIE DIE FAQ<\/a><\/div>\n\n\n\n<div class=\"wp-block-button is-style-fill button-no-outline\"><a class=\"wp-block-button__link\" href=\"\/de\/kontakt\">KONTAKTIERE UNS<\/a><\/div>\n<\/div>\n<\/div>\n<\/div>\n<\/div><\/div>\n<\/div><\/div>\n","protected":false},"excerpt":{"rendered":"<p>Dropshipping Was ist Dropshipping? Dropshipping ist ein B2B Service welche es dem Wiederverk\u00e4ufer erlaubt im Bereich des B2C ein Produkt anzubieten bzw. dieses an einen Verbraucher zu verkaufen ohne das Produkt selbst auf Lager zu haben. Der Wiedeverk\u00e4ufer vollzieht einen Verkauf und \u00fcbermittelt seine Bestellung an den Lieferanten (auch Dropshipper genannt). Dieser widerum versendet das [&hellip;]<\/p>\n","protected":false},"author":1,"featured_media":0,"parent":0,"menu_order":0,"comment_status":"closed","ping_status":"closed","template":"","meta":{"inline_featured_image":false,"site-sidebar-layout":"no-sidebar","site-content-layout":"plain-container","ast-site-content-layout":"","site-content-style":"default","site-sidebar-style":"default","ast-global-header-display":"","ast-banner-title-visibility":"","ast-main-header-display":"","ast-hfb-above-header-display":"","ast-hfb-below-header-display":"","ast-hfb-mobile-header-display":"","site-post-title":"disabled","ast-breadcrumbs-content":"disabled","ast-featured-img":"disabled","footer-sml-layout":"","theme-transparent-header-meta":"enabled","adv-header-id-meta":"","stick-header-meta":"","header-above-stick-meta":"","header-main-stick-meta":"","header-below-stick-meta":"","astra-migrate-meta-layouts":"default","ast-page-background-enabled":"default","ast-page-background-meta":{"desktop":{"background-color":"","background-image":"","background-repeat":"repeat","background-position":"center center","background-size":"auto","background-attachment":"scroll","background-type":"","background-media":"","overlay-type":"","overlay-color":"","overlay-opacity":"","overlay-gradient":""},"tablet":{"background-color":"","background-image":"","background-repeat":"repeat","background-position":"center center","background-size":"auto","background-attachment":"scroll","background-type":"","background-media":"","overlay-type":"","overlay-color":"","overlay-opacity":"","overlay-gradient":""},"mobile":{"background-color":"","background-image":"","background-repeat":"repeat","background-position":"center center","background-size":"auto","background-attachment":"scroll","background-type":"","background-media":"","overlay-type":"","overlay-color":"","overlay-opacity":"","overlay-gradient":""}},"ast-content-background-meta":{"desktop":{"background-color":"var(--ast-global-color-5)","background-image":"","background-repeat":"repeat","background-position":"center center","background-size":"auto","background-attachment":"scroll","background-type":"","background-media":"","overlay-type":"","overlay-color":"","overlay-opacity":"","overlay-gradient":""},"tablet":{"background-color":"var(--ast-global-color-5)","background-image":"","background-repeat":"repeat","background-position":"center center","background-size":"auto","background-attachment":"scroll","background-type":"","background-media":"","overlay-type":"","overlay-color":"","overlay-opacity":"","overlay-gradient":""},"mobile":{"background-color":"var(--ast-global-color-5)","background-image":"","background-repeat":"repeat","background-position":"center center","background-size":"auto","background-attachment":"scroll","background-type":"","background-media":"","overlay-type":"","overlay-color":"","overlay-opacity":"","overlay-gradient":""}},"footnotes":""},"class_list":["post-560","page","type-page","status-publish","hentry"],"_links":{"self":[{"href":"https:\/\/dropshippingb2b.com\/de\/wp-json\/wp\/v2\/pages\/560","targetHints":{"allow":["GET"]}}],"collection":[{"href":"https:\/\/dropshippingb2b.com\/de\/wp-json\/wp\/v2\/pages"}],"about":[{"href":"https:\/\/dropshippingb2b.com\/de\/wp-json\/wp\/v2\/types\/page"}],"author":[{"embeddable":true,"href":"https:\/\/dropshippingb2b.com\/de\/wp-json\/wp\/v2\/users\/1"}],"replies":[{"embeddable":true,"href":"https:\/\/dropshippingb2b.com\/de\/wp-json\/wp\/v2\/comments?post=560"}],"version-history":[{"count":12,"href":"https:\/\/dropshippingb2b.com\/de\/wp-json\/wp\/v2\/pages\/560\/revisions"}],"predecessor-version":[{"id":7034,"href":"https:\/\/dropshippingb2b.com\/de\/wp-json\/wp\/v2\/pages\/560\/revisions\/7034"}],"wp:attachment":[{"href":"https:\/\/dropshippingb2b.com\/de\/wp-json\/wp\/v2\/media?parent=560"}],"curies":[{"name":"wp","href":"https:\/\/api.w.org\/{rel}","templated":true}]}}