{"id":4902,"date":"2022-09-20T19:49:58","date_gmt":"2022-09-20T19:49:58","guid":{"rendered":"https:\/\/dsb2b.assemblyweb.net\/dropshipping"},"modified":"2022-10-07T14:19:12","modified_gmt":"2022-10-07T14:19:12","slug":"dropshipping","status":"publish","type":"page","link":"https:\/\/dropshippingb2b.com\/de\/dropshipping","title":{"rendered":"Dropshipping"},"content":{"rendered":"\n<div class=\"wp-block-cover alignfull\" style=\"min-height:350px;aspect-ratio:unset;\"><span aria-hidden=\"true\" class=\"wp-block-cover__background has-background-dim-0 has-background-dim\"><\/span><img loading=\"lazy\" decoding=\"async\" width=\"1200\" height=\"1600\" class=\"wp-block-cover__image-background wp-image-2834\" alt=\"\" src=\"https:\/\/dropshippingb2b.com\/wp-content\/uploads\/2022\/01\/wwtech-portada-duotone.jpg\" data-object-fit=\"cover\" srcset=\"https:\/\/dropshippingb2b.com\/wp-content\/uploads\/2022\/01\/wwtech-portada-duotone.jpg 1200w, https:\/\/dropshippingb2b.com\/wp-content\/uploads\/2022\/01\/wwtech-portada-duotone-225x300.jpg 225w, https:\/\/dropshippingb2b.com\/wp-content\/uploads\/2022\/01\/wwtech-portada-duotone-768x1024.jpg 768w, https:\/\/dropshippingb2b.com\/wp-content\/uploads\/2022\/01\/wwtech-portada-duotone-1152x1536.jpg 1152w, https:\/\/dropshippingb2b.com\/wp-content\/uploads\/2022\/01\/wwtech-portada-duotone-300x400.jpg 300w\" sizes=\"auto, (max-width: 1200px) 100vw, 1200px\" \/><div class=\"wp-block-cover__inner-container is-layout-flow wp-block-cover-is-layout-flow\">\n<h2 class=\"has-text-color has-huge-font-size wp-block-heading\" style=\"color:#ffffff\"><strong>Was ist dropshipping?<\/strong><\/h2>\n\n\n\n<h4 class=\"has-text-color has-huge-font-size wp-block-heading\" style=\"color:#ffffff\">Praktische und schnelle Anleitung, um herauszufinden, was Dropshipping ist und wie es funktioniert<\/h4>\n<\/div><\/div>\n\n\n\n<div class=\"inherit-container-width wp-block-group alignfull has-background is-layout-constrained wp-block-group-is-layout-constrained\" style=\"background-color:#f6f6f6\"><div class=\"wp-block-group__inner-container\">\n<div class=\"inherit-container-width wp-block-group has-background is-layout-constrained wp-block-group-is-layout-constrained\" style=\"background-color:#ffffff\"><div class=\"wp-block-group__inner-container\">\n<p>Dropshipping ist ein Business Modell welches einem Wiederverk\u00e4ufer erm\u00f6glicht ohne gro\u00dfe Investitionen f\u00fcr Ware und ohne sich mit logstischen T\u00e4tigkeiten (Bsp. verpacken, versenden) zu befassen, seinen Shop mit diversen Produkten bzw. Angebote zu bef\u00fcllen.<\/p>\n\n\n\n<p>WWTech s.r.l. bietet einen Service anhand welchem ein Katalog download integrierter Gro\u00dfh\u00e4ndler vollzogen werden kann und eine Plattform in welche einzelne Bestellungen inseriert werden k\u00f6nnen welche im Dropshipping versenden werden sollen.<\/p>\n\n\n\n<figure class=\"wp-block-embed is-type-video is-provider-youtube wp-block-embed-youtube wp-embed-aspect-16-9 wp-has-aspect-ratio\"><div class=\"wp-block-embed__wrapper\">\n<div class=\"ast-oembed-container \" style=\"height: 100%;\"><iframe loading=\"lazy\" title=\"\u200bDropshipping orologi, bigiotteria &amp; accessori moda by WWT\" width=\"500\" height=\"281\" src=\"https:\/\/www.youtube.com\/embed\/RHtsBEoeL9U?feature=oembed\" frameborder=\"0\" allow=\"accelerometer; autoplay; clipboard-write; encrypted-media; gyroscope; picture-in-picture; web-share\" referrerpolicy=\"strict-origin-when-cross-origin\" allowfullscreen><\/iframe><\/div>\n<\/div><\/figure>\n<\/div><\/div>\n\n\n\n<div style=\"height:20px\" aria-hidden=\"true\" class=\"wp-block-spacer\"><\/div>\n\n\n\n<div class=\"inherit-container-width wp-block-group has-background is-layout-constrained wp-block-group-is-layout-constrained\" style=\"background-color:#ffffff\"><div class=\"wp-block-group__inner-container\">\n<h3 class=\"has-text-align-center wp-block-heading\"><strong>WIE FUNKTIONIERT DER DROPSHIPPING SERVICE?<\/strong><\/h3>\n\n\n\n<h4 class=\"has-white-color has-text-color has-background wp-block-heading\" style=\"background-color:#e5742e\"><strong><strong>1. W\u00e4hlen Sie ein passende Abonoment<\/strong><\/strong><\/h4>\n\n\n\n<p>W\u00e4hlen Sie einen unserer Abos, welches zu Ihren Bed\u00fcrfnisse und Business passt.<br>Unsere Abos sind f\u00fcr den jeweiligen unternehmerischen Status gew\u00e4hlt. Wir bieten einen Basis Service an, welches als Bsp. f\u00fcr neu gegr\u00fcndete Firmen oder Start-Ups interessant ist. Gleichzeitig haben wir auch weitere Abos welche f\u00fcr Firmen gemacht sind, die eine hohe Automatisierung und der damit verbundene betriebswirtschaftliche Vorteile anstreben.<br>Neben der M\u00f6glichkeit mit einem Klick riesige Mengen an Produktdaten im Shop zu haben, bieten wir Ihnen auch die M\u00f6glichkeit s\u00e4mtliche Versandabl\u00e4ufe von der Logistik automatisiert vollziehen zu lassen. Dies erm\u00f6glicht Ihnen schnell und professionel verpackte Versendungen auf dem Weg Richtung Ihrer Kunden bringen zu lassen.<\/p>\n\n\n\n<div style=\"height:50px\" aria-hidden=\"true\" class=\"wp-block-spacer\"><\/div>\n\n\n\n<h4 class=\"has-white-color has-text-color has-background wp-block-heading\" style=\"background-color:#e5742e\"><strong><strong><strong><strong>2. Laden Sie den Katalog runter und laden Sie die Produkte in Ihren Onlineshop<\/strong><\/strong><\/strong><\/strong><\/h4>\n\n\n\n<p>Es besteht die M\u00f6glichkeit den Produktkatalog manuel herunterzualden (statischer Datenfluss: file export CSV, Aktualisierung alle 2 Std.) oder automatisch (Live Datenfluss: \u00fcber API Integration, Echtzeit Aktualisierung).<\/p>\n\n\n\n<div style=\"height:50px\" aria-hidden=\"true\" class=\"wp-block-spacer\"><\/div>\n\n\n\n<h4 class=\"has-white-color has-text-color has-background wp-block-heading\" style=\"background-color:#e5742e\"><strong><strong><strong><strong><strong>3. \u00dcbertragen Sie Ihre Auftr\u00e4ge<\/strong><\/strong><\/strong><\/strong><\/strong><\/h4>\n\n\n\n<p>\u00dcber unsere Plattform besteht die M\u00f6glichkeit einzelne Produkte in den Warenkorb zu inserieren. Praktisch ein parallel Warenkorb der integrierten Gro\u00dfh\u00e4ndler. Folgende Vorteile ergeben sich hierdurch:<br>&#8211; realer Warenkorb: die in den Warenkorb inserierte Produkte werden sofort aus dem Bestand des Gro\u00dfh\u00e4ndler entfernt. Dies erlaubt Ihnen eine h\u00f6here Bestellungsabwicklung da somit der Artikel f\u00fcr Sie reserviert wurde und somit nicht f\u00fcr Dritte zum Kauf zur Verf\u00fcgung steht. Somit k\u00f6nnen andere H\u00e4ndler Ihnen den gew\u00fcnschten Artikel nicht wegkaufen bzw. nicht leer kaufen. Dieser Vorgang kann nat\u00fcrlich immer wieder aktualisiert werden. D.h. Sie k\u00f6nnen den Artikel raus und wieder rein nehmen in den Warenkorb.<\/p>\n\n\n\n<p>&#8211; eine weitere M\u00f6glichkeit ist, pro bestelltem Artikel kann eine Lieferadresse eingegeben werden. Des Weiteren k\u00f6nnen Dokumente (Bsp. Rechnung, Lieferschein) f\u00fcr jeden Artikel angeh\u00e4ngt werden. F\u00fcr jeden Artikel ist auch eine Chat Funktionalit\u00e4t vorhanden, mit welcher simpel und schnell mit der Logistik kommuniziert werden kann. Somit k\u00f6nnen als Beispiel Kundenw\u00fcnsche abgestimmt werden.<\/p>\n\n\n\n<div style=\"height:50px\" aria-hidden=\"true\" class=\"wp-block-spacer\"><\/div>\n\n\n\n<h4 class=\"has-white-color has-text-color has-background wp-block-heading\" style=\"background-color:#e5742e\"><strong><strong><strong><strong><strong><strong>4. Fakturierung<\/strong><\/strong><\/strong><\/strong><\/strong><\/strong><\/h4>\n\n\n\n<p>Alle Ihre B2C Bestellungen werden in eine einzige B2B Bestellung zusammengefasst. Dies erlaubt die Erstellung einer einzigen Rechnung und somit die Vereinfachung der Abrechnung der Bestellungen.<strong><br><\/strong><\/p>\n<\/div><\/div>\n\n\n\n<div style=\"height:20px\" aria-hidden=\"true\" class=\"wp-block-spacer\"><\/div>\n\n\n\n<div class=\"inherit-container-width wp-block-group has-background is-layout-constrained wp-block-group-is-layout-constrained\" style=\"background-color:#ffffff\"><div class=\"wp-block-group__inner-container\">\n<h2 class=\"has-text-align-center wp-block-heading\">Prestashop<\/h2>\n\n\n\n<figure class=\"wp-block-image aligncenter size-full is-resized\"><img loading=\"lazy\" decoding=\"async\" src=\"https:\/\/dropshippingb2b.com\/wp-content\/uploads\/2022\/01\/logo_prestashop.jpg\" alt=\"\" class=\"wp-image-3503\" width=\"175\" height=\"113\" srcset=\"https:\/\/dropshippingb2b.com\/wp-content\/uploads\/2022\/01\/logo_prestashop.jpg 700w, https:\/\/dropshippingb2b.com\/wp-content\/uploads\/2022\/01\/logo_prestashop-300x193.jpg 300w\" sizes=\"auto, (max-width: 175px) 100vw, 175px\" \/><\/figure>\n\n\n\n<p>Wir k\u00f6nnen Ihr erstes E-Commerce-Projekt mit einem der besten und beliebtesten CMS in Europa entwickeln: PrestaShop.<br>Wir helfen Ihnen, Ihre Homepage so zu organisieren, dass die Verwaltung Ihrer Kontakte und Ihrer Verk\u00e4ufe schnell und einfach sind.<br>Sie m\u00fcssen sich um nichts k\u00fcmmern, vertrauen Sie sich uns an und Sie erhalten das komplette Paket um im E-Commerce direkt zu starten.<br>Ebenfalls verf\u00fcgbar, ist die Entwicklung von Plugins um alle Produkte aus dem B2BUhren-Katalog in Ihre Homepage zu integrieren.<\/p>\n\n\n\n<p>Wenn Sie bereits \u00fcber einen auf PrestaShop basierenden Onlineshop verf\u00fcgen (in Version 1.6 oder Version 1.7), sind Sie m\u00f6glicherweise daran interessiert unsere bereits entwickelte Integrationsmodule zu nutzen. Sie k\u00f6nnen mit diesen Modulen problemlos alle Produkte importieren und Ihre Bestellungen zum jeweiligen Lieferanten exportieren. Weitere Funktionen wie die Kalkulation der Gewinnspanne, Einstellung der Rabatte und die Sichtbarkeit des Katalogsinhalt sind u.a. nat\u00fcrlich ebenfalls vorhanden.<\/p>\n\n\n\n<p><a href=\"https:\/\/dropshippingb2b.com\/de\/kontakt\">Kontaktieren Sie uns f\u00fcr weitere Details.<\/a><\/p>\n<\/div><\/div>\n<\/div><\/div>\n\n\n\n<div class=\"inherit-container-width wp-block-group alignfull has-background is-layout-constrained wp-block-group-is-layout-constrained\" style=\"background-color:#fae4d6\"><div class=\"wp-block-group__inner-container\">\n<h3 class=\"has-text-align-center wp-block-heading\">IMMER NOCH ZWEIFEL?<\/h3>\n\n\n\n<p class=\"has-text-align-center\">Sehen Sie sich die h\u00e4ufig gestellten Fragen an oder sprechen Sie mit einem von uns<\/p>\n\n\n\n<div class=\"wp-block-columns is-layout-flex wp-container-core-columns-is-layout-1 wp-block-columns-is-layout-flex\">\n<div class=\"wp-block-column is-vertically-aligned-center is-layout-flow wp-block-column-is-layout-flow\">\n<div class=\"wp-block-buttons is-horizontal is-content-justification-center is-layout-flex wp-container-core-buttons-is-layout-1 wp-block-buttons-is-layout-flex\">\n<div class=\"wp-block-button is-style-outline is-style-outline--1\"><a class=\"wp-block-button__link has-text-color\" href=\"\/de\/faq\" style=\"color:#e5742e\">BESUCHEN SIE DIE FAQ<\/a><\/div>\n\n\n\n<div class=\"wp-block-button is-style-fill button-no-outline\"><a class=\"wp-block-button__link\" href=\"\/de\/kontakt\">KONTAKTIERE UNS<\/a><\/div>\n<\/div>\n<\/div>\n<\/div>\n<\/div><\/div>\n","protected":false},"excerpt":{"rendered":"<p>Dropshipping ist ein Business Modell welches einem Wiederverk\u00e4ufer erm\u00f6glicht ohne gro\u00dfe Investitionen f\u00fcr Ware und ohne sich mit logstischen T\u00e4tigkeiten (Bsp. verpacken, versenden) zu befassen, seinen Shop mit diversen Produkten bzw. Angebote zu bef\u00fcllen. WWTech s.r.l. bietet einen Service anhand welchem ein Katalog download integrierter Gro\u00dfh\u00e4ndler vollzogen werden kann und eine Plattform in welche einzelne [&hellip;]<\/p>\n","protected":false},"author":1,"featured_media":0,"parent":0,"menu_order":0,"comment_status":"closed","ping_status":"closed","template":"","meta":{"inline_featured_image":false,"site-sidebar-layout":"default","site-content-layout":"page-builder","ast-site-content-layout":"","site-content-style":"default","site-sidebar-style":"default","ast-global-header-display":"","ast-banner-title-visibility":"","ast-main-header-display":"","ast-hfb-above-header-display":"","ast-hfb-below-header-display":"","ast-hfb-mobile-header-display":"","site-post-title":"disabled","ast-breadcrumbs-content":"","ast-featured-img":"","footer-sml-layout":"","theme-transparent-header-meta":"","adv-header-id-meta":"","stick-header-meta":"","header-above-stick-meta":"","header-main-stick-meta":"","header-below-stick-meta":"","astra-migrate-meta-layouts":"default","ast-page-background-enabled":"default","ast-page-background-meta":{"desktop":{"background-color":"","background-image":"","background-repeat":"repeat","background-position":"center center","background-size":"auto","background-attachment":"scroll","background-type":"","background-media":"","overlay-type":"","overlay-color":"","overlay-opacity":"","overlay-gradient":""},"tablet":{"background-color":"","background-image":"","background-repeat":"repeat","background-position":"center center","background-size":"auto","background-attachment":"scroll","background-type":"","background-media":"","overlay-type":"","overlay-color":"","overlay-opacity":"","overlay-gradient":""},"mobile":{"background-color":"","background-image":"","background-repeat":"repeat","background-position":"center center","background-size":"auto","background-attachment":"scroll","background-type":"","background-media":"","overlay-type":"","overlay-color":"","overlay-opacity":"","overlay-gradient":""}},"ast-content-background-meta":{"desktop":{"background-color":"var(--ast-global-color-5)","background-image":"","background-repeat":"repeat","background-position":"center center","background-size":"auto","background-attachment":"scroll","background-type":"","background-media":"","overlay-type":"","overlay-color":"","overlay-opacity":"","overlay-gradient":""},"tablet":{"background-color":"var(--ast-global-color-5)","background-image":"","background-repeat":"repeat","background-position":"center center","background-size":"auto","background-attachment":"scroll","background-type":"","background-media":"","overlay-type":"","overlay-color":"","overlay-opacity":"","overlay-gradient":""},"mobile":{"background-color":"var(--ast-global-color-5)","background-image":"","background-repeat":"repeat","background-position":"center center","background-size":"auto","background-attachment":"scroll","background-type":"","background-media":"","overlay-type":"","overlay-color":"","overlay-opacity":"","overlay-gradient":""}},"footnotes":""},"class_list":["post-4902","page","type-page","status-publish","hentry"],"_links":{"self":[{"href":"https:\/\/dropshippingb2b.com\/de\/wp-json\/wp\/v2\/pages\/4902","targetHints":{"allow":["GET"]}}],"collection":[{"href":"https:\/\/dropshippingb2b.com\/de\/wp-json\/wp\/v2\/pages"}],"about":[{"href":"https:\/\/dropshippingb2b.com\/de\/wp-json\/wp\/v2\/types\/page"}],"author":[{"embeddable":true,"href":"https:\/\/dropshippingb2b.com\/de\/wp-json\/wp\/v2\/users\/1"}],"replies":[{"embeddable":true,"href":"https:\/\/dropshippingb2b.com\/de\/wp-json\/wp\/v2\/comments?post=4902"}],"version-history":[{"count":2,"href":"https:\/\/dropshippingb2b.com\/de\/wp-json\/wp\/v2\/pages\/4902\/revisions"}],"predecessor-version":[{"id":5582,"href":"https:\/\/dropshippingb2b.com\/de\/wp-json\/wp\/v2\/pages\/4902\/revisions\/5582"}],"wp:attachment":[{"href":"https:\/\/dropshippingb2b.com\/de\/wp-json\/wp\/v2\/media?parent=4902"}],"curies":[{"name":"wp","href":"https:\/\/api.w.org\/{rel}","templated":true}]}}