{"id":3667,"date":"2022-09-21T20:55:14","date_gmt":"2022-09-21T20:55:14","guid":{"rendered":"https:\/\/dsb2b.assemblyweb.net\/?page_id=3667"},"modified":"2022-10-12T03:26:24","modified_gmt":"2022-10-12T03:26:24","slug":"faq","status":"publish","type":"page","link":"https:\/\/dropshippingb2b.com\/de\/faq","title":{"rendered":"FAQ"},"content":{"rendered":"\n<div class=\"wp-block-cover alignfull\" style=\"min-height:350px;aspect-ratio:unset;\"><span aria-hidden=\"true\" class=\"wp-block-cover__background has-u-002-du-002-dast-global-color-0-background-color has-background-dim-0 has-background-dim\"><\/span><img loading=\"lazy\" decoding=\"async\" width=\"1200\" height=\"1600\" class=\"wp-block-cover__image-background wp-image-2834\" alt=\"\" src=\"https:\/\/dropshippingb2b.com\/wp-content\/uploads\/2022\/01\/wwtech-portada-duotone.jpg\" data-object-fit=\"cover\" srcset=\"https:\/\/dropshippingb2b.com\/wp-content\/uploads\/2022\/01\/wwtech-portada-duotone.jpg 1200w, https:\/\/dropshippingb2b.com\/wp-content\/uploads\/2022\/01\/wwtech-portada-duotone-225x300.jpg 225w, https:\/\/dropshippingb2b.com\/wp-content\/uploads\/2022\/01\/wwtech-portada-duotone-768x1024.jpg 768w, https:\/\/dropshippingb2b.com\/wp-content\/uploads\/2022\/01\/wwtech-portada-duotone-1152x1536.jpg 1152w, https:\/\/dropshippingb2b.com\/wp-content\/uploads\/2022\/01\/wwtech-portada-duotone-300x400.jpg 300w\" sizes=\"auto, (max-width: 1200px) 100vw, 1200px\" \/><div class=\"wp-block-cover__inner-container is-layout-flow wp-block-cover-is-layout-flow\">\n<div class=\"inherit-container-width wp-block-group is-layout-constrained wp-block-group-is-layout-constrained\"><div class=\"wp-block-group__inner-container\">\n<h2 class=\"has-text-align-left has-white-color has-text-color wp-block-heading\"><strong>H\u00e4ufige Fragen<\/strong><\/h2>\n<\/div><\/div>\n<\/div><\/div>\n\n\n\n<div class=\"inherit-container-width wp-block-group alignfull has-background is-layout-constrained wp-block-group-is-layout-constrained\" style=\"background-color:#fafafa\"><div class=\"wp-block-group__inner-container\">\n<div class=\"inherit-container-width wp-block-group mt--50 has-background is-layout-constrained wp-block-group-is-layout-constrained\" style=\"background-color:#ffffff\"><div class=\"wp-block-group__inner-container\">\n<div class=\"wp-block-columns is-layout-flex wp-container-core-columns-is-layout-1 wp-block-columns-is-layout-flex\">\n<div class=\"wp-block-column is-layout-flow wp-block-column-is-layout-flow\">\n<div class=\"wp-block-pb-accordion-item c-accordion__item js-accordion-item no-js\" data-initially-open=\"false\" data-click-to-close=\"true\" data-auto-close=\"true\" data-scroll=\"false\" data-scroll-offset=\"0\"><h2 id=\"at-36670\" class=\"c-accordion__title js-accordion-controller\" role=\"button\"><strong>WIE FUNKTIONIERT DIE INTEGRATION DES PRODUKTKATALOGS?<\/strong><\/h2><div id=\"ac-36670\" class=\"c-accordion__content\">\n<p>Der von uns \u00fcbergebene Produktkatalog (Datenfluss) ist Standard und kann daher durch die Entwicklung einer Schnittstelle in jedes System integriert werden.<br>Es ist in 4 Formaten verf\u00fcgbar: statische Datei (CSV, XML, JSON), die alle 2 Stunden von unseren Systemen aktualisiert wird; LVE-Stream (API) in Echtzeit aktualisiert<br>Wir raten unseren Kunden im Allgemeinen, sich auf die IT-Mitarbeiter in ihrem Unternehmen oder den Entwickler zu verlassen, der die Website erstellt hat, da jedes System seine eigenen Funktionen hat<\/p>\n\n\n\n<div class=\"wp-block-buttons is-layout-flex wp-block-buttons-is-layout-flex\">\n<div class=\"wp-block-button is-style-fill\"><a class=\"wp-block-button__link\" href=\"\/de\/daten-fluss\">Hier sind alle Informationen dazu<\/a><\/div>\n<\/div>\n<\/div><\/div>\n\n\n\n<div class=\"wp-block-pb-accordion-item c-accordion__item js-accordion-item no-js\" data-initially-open=\"false\" data-click-to-close=\"true\" data-auto-close=\"true\" data-scroll=\"false\" data-scroll-offset=\"0\"><h2 id=\"at-36671\" class=\"c-accordion__title js-accordion-controller\" role=\"button\">WAS SIND DIE VERSANDKOSTEN?<\/h2><div id=\"ac-36671\" class=\"c-accordion__content\">\n<p>Durch des <strong>DROPSHIPPING<\/strong>-Service<strong> <\/strong>k\u00f6nnen Sie einen Service namens &#8222;Turnkey&#8220; nutzen, bei dem Sendungen im Namen und im Auftrag des Einzelh\u00e4ndlers, jedoch unter Verwendung unserer Kuriercodes, durchgef\u00fchrt werden.<br>So profitieren Sie von Festpreisen f\u00fcr den Versand und die logistische Abwicklung der Pakete.<\/p>\n\n\n\n<div class=\"wp-block-buttons is-layout-flex wp-block-buttons-is-layout-flex\">\n<div class=\"wp-block-button is-style-fill\"><a class=\"wp-block-button__link\" href=\"\/de\/logistik\">Hier sind alle Informationen dazu<\/a><\/div>\n<\/div>\n<\/div><\/div>\n\n\n\n<div class=\"wp-block-pb-accordion-item c-accordion__item js-accordion-item no-js\" data-initially-open=\"false\" data-click-to-close=\"true\" data-auto-close=\"true\" data-scroll=\"false\" data-scroll-offset=\"0\"><h2 id=\"at-36672\" class=\"c-accordion__title js-accordion-controller\" role=\"button\">MUSS ICH EIN ABONNEMENT ABSCHLIESSEN, UM MIT IHNEN ZU ARBEITEN?<\/h2><div id=\"ac-36672\" class=\"c-accordion__content\">\n<p>Ja, es gibt zwei Arten von Abonnements:<strong> DATA FLOW<\/strong> und<strong> DROPSHIPPING<\/strong><br>Beide erm\u00f6glichen Ihnen den Zugriff auf den Produktkatalog, aber:<\/p>\n\n\n\n<ul class=\"wp-block-list\"><li>Mit dem<strong> DATA FLOW<\/strong>-Service greifen Sie auf das Gro\u00dfhandelsportal zu und geben eine B2B-Bestellung mit allen Artikeln auf, die Sie ben\u00f6tigen. Die Ware wird an das Lager des Kunden geliefert und von dort an die Endverbraucher weitergeleitet<\/li><\/ul>\n\n\n\n<ul class=\"wp-block-list\"><li>Mit dem <strong>DROPSHIPPING<\/strong>-Service greifen Sie auf die von uns entwickelte Online-Software (DROPSHIPPING-PLATTFORM genannt) zu, mit der Sie eine einzelne Gro\u00dfhandelsbestellung mit so vielen Lieferadressen aufgeben k\u00f6nnen, wie Artikel in der Bestellung gekauft wurden; Jedes einzelne Produkt wird direkt aus der externen Logistik, mit der wir zusammenarbeiten, an den Endverbraucher gesendet.<\/li><\/ul>\n\n\n\n<div class=\"wp-block-buttons is-layout-flex wp-block-buttons-is-layout-flex\">\n<div class=\"wp-block-button is-style-fill\"><a class=\"wp-block-button__link\" href=\"\/de\/unser-service\">Hier sind alle Informationen dazu<\/a><\/div>\n<\/div>\n\n\n\n<p>Einer der wichtigsten Aspekte ist der kostenlose Service: Bei Erreichen eines vorher festgelegten Mindestumsatzes im Abo-Quartal erfolgt eine Gutschrift auf die gekaufte Ware in H\u00f6he des Servicepreises.<\/p>\n<\/div><\/div>\n\n\n\n<div class=\"wp-block-buttons is-layout-flex wp-block-buttons-is-layout-flex\"><\/div>\n\n\n\n<p><br><\/p>\n<\/div>\n\n\n\n<div class=\"wp-block-column is-layout-flow wp-block-column-is-layout-flow\">\n<div class=\"wp-block-pb-accordion-item c-accordion__item js-accordion-item no-js\" data-initially-open=\"false\" data-click-to-close=\"true\" data-auto-close=\"true\" data-scroll=\"false\" data-scroll-offset=\"0\"><h2 id=\"at-36673\" class=\"c-accordion__title js-accordion-controller\" role=\"button\"><strong>WAS SIND DIE LIEFERZEITEN?<\/strong><\/h2><div id=\"ac-36673\" class=\"c-accordion__content\">\n<p>Die Lieferzeiten h\u00e4ngen von den Kurieren ab; Wir verwenden nur prim\u00e4re Kuriere wie UPS, FedEx, DHL.<br>Weitere Informationen finden Sie auf deren Websites.<br>Was wir garantieren k\u00f6nnen, ist, wie schnell ein Artikel unser Lager verl\u00e4sst; Dazu haben wir die Produkte anhand des Zeitpunkts der Erf\u00fcllung in drei Kategorien eingeteilt:<br><strong>Rapid-Produkte<\/strong> (rotes Raketensymbol auf der Seite &#8211; speed_shipping 2 im Datenfluss) sind in unserem Lager vorr\u00e4tig und haben eine Bearbeitungszeit von 24 Stunden. Bei Bestelleingang bis 12:00 Uhr werden diese Produkte noch am selben Tag versendet. Der Prozentsatz der Umgehung ist gleich 100%;<br><strong>Standardversand:<\/strong> Diese Produkte (blaues Lieferwagensymbol auf der Website &#8211; speed_shipping 1 im Datenfluss) sind in externen Lagern auf Lager und haben eine durchschnittliche Bearbeitungszeit von 3\/5 Werktagen; Die durchschnittliche Ausweichquote liegt bei rund 90%.<br><strong>Langsamer Versand:<\/strong> Diese Produkte (Schildkr\u00f6tensymbol &#8211; speed_shipping 0) sind bei der Muttergesellschaft zu bestellen und haben eine Bearbeitungszeit von 10 Werktagen. Die Erf\u00fcllung dieser Produkte ist nicht zu 100% garantiert.<\/p>\n\n\n\n<div class=\"wp-block-buttons is-layout-flex wp-block-buttons-is-layout-flex\"><\/div>\n<\/div><\/div>\n\n\n\n<div class=\"wp-block-pb-accordion-item c-accordion__item js-accordion-item no-js\" data-initially-open=\"false\" data-click-to-close=\"true\" data-auto-close=\"true\" data-scroll=\"false\" data-scroll-offset=\"0\"><h2 id=\"at-36674\" class=\"c-accordion__title js-accordion-controller\" role=\"button\"><strong><strong>WIE FUNKTIONIERT DIE R\u00dcCKGABE?<\/strong><\/strong><\/h2><div id=\"ac-36674\" class=\"c-accordion__content\">\n<p>Dabei ist zu beachten, dass sich die B2B-R\u00fcckgaberegeln von denen des B2C-Marktes unterscheiden.<\/p>\n\n\n\n<div class=\"wp-block-buttons is-layout-flex wp-block-buttons-is-layout-flex\">\n<div class=\"wp-block-button is-style-fill\"><a class=\"wp-block-button__link\" href=\"\/de\/retouren\">Unsere R\u00fcckgaberichtlinien finden Sie hier<\/a><\/div>\n<\/div>\n<\/div><\/div>\n\n\n\n<div class=\"wp-block-pb-accordion-item c-accordion__item js-accordion-item no-js\" data-initially-open=\"false\" data-click-to-close=\"true\" data-auto-close=\"true\" data-scroll=\"false\" data-scroll-offset=\"0\"><h2 id=\"at-36675\" class=\"c-accordion__title js-accordion-controller\" role=\"button\"><strong><strong>WIE HOCH SIND DIE BEARBEITUNGSKOSTEN?<\/strong><\/strong><\/h2><div id=\"ac-36675\" class=\"c-accordion__content\">\n<p>Hierbei handelt es sich um Verwaltungskosten, die auf alle Gro\u00dfhandelsbestellungen angewendet werden, deren Gesamtsumme unter einem zuvor festgelegten Mindestbetrag liegt; In unserem Fall betr\u00e4gt der vorab festgelegte Mindestbetrag 300,00 \u20ac und die Bearbeitungsgeb\u00fchr 20,00 \u20ac.<br>Beim Abonnieren des <strong>DATA FLOW<\/strong>-Service werden diese Kosten um 50% reduziert, beim <strong>DROPSHIPPING<\/strong>-Service um 100%.<\/p>\n\n\n\n<div class=\"wp-block-buttons is-layout-flex wp-block-buttons-is-layout-flex\"><\/div>\n<\/div><\/div>\n<\/div>\n<\/div>\n<\/div><\/div>\n<\/div><\/div>\n\n\n\n<div class=\"inherit-container-width wp-block-group alignfull has-background is-layout-constrained wp-block-group-is-layout-constrained\" style=\"background-color:#fae4d6\"><div class=\"wp-block-group__inner-container\">\n<h3 class=\"has-text-align-center wp-block-heading\">IMMER NOCH ZWEIFEL?<\/h3>\n\n\n\n<p class=\"has-text-align-center\">Sehen Sie sich die h\u00e4ufig gestellten Fragen an oder sprechen Sie mit einem von uns<\/p>\n\n\n\n<div class=\"wp-block-columns is-layout-flex wp-container-core-columns-is-layout-2 wp-block-columns-is-layout-flex\">\n<div class=\"wp-block-column is-vertically-aligned-center is-layout-flow wp-block-column-is-layout-flow\">\n<div class=\"wp-block-buttons is-horizontal is-content-justification-center is-layout-flex wp-container-core-buttons-is-layout-8 wp-block-buttons-is-layout-flex\">\n<div class=\"wp-block-button is-style-outline is-style-outline--1\"><a class=\"wp-block-button__link has-text-color\" href=\"\/de\/faq\" style=\"color:#e5742e\">BESUCHEN SIE DIE FAQ<\/a><\/div>\n\n\n\n<div class=\"wp-block-button is-style-fill button-no-outline\"><a class=\"wp-block-button__link\" href=\"\/de\/kontakt\">KONTAKTIERE UNS<\/a><\/div>\n<\/div>\n<\/div>\n<\/div>\n<\/div><\/div>\n","protected":false},"excerpt":{"rendered":"","protected":false},"author":1,"featured_media":0,"parent":0,"menu_order":0,"comment_status":"closed","ping_status":"closed","template":"","meta":{"inline_featured_image":false,"site-sidebar-layout":"default","site-content-layout":"plain-container","ast-site-content-layout":"","site-content-style":"default","site-sidebar-style":"default","ast-global-header-display":"","ast-banner-title-visibility":"","ast-main-header-display":"","ast-hfb-above-header-display":"","ast-hfb-below-header-display":"","ast-hfb-mobile-header-display":"","site-post-title":"disabled","ast-breadcrumbs-content":"","ast-featured-img":"","footer-sml-layout":"","theme-transparent-header-meta":"default","adv-header-id-meta":"","stick-header-meta":"","header-above-stick-meta":"","header-main-stick-meta":"","header-below-stick-meta":"","astra-migrate-meta-layouts":"default","ast-page-background-enabled":"default","ast-page-background-meta":{"desktop":{"background-color":"","background-image":"","background-repeat":"repeat","background-position":"center center","background-size":"auto","background-attachment":"scroll","background-type":"","background-media":"","overlay-type":"","overlay-color":"","overlay-opacity":"","overlay-gradient":""},"tablet":{"background-color":"","background-image":"","background-repeat":"repeat","background-position":"center center","background-size":"auto","background-attachment":"scroll","background-type":"","background-media":"","overlay-type":"","overlay-color":"","overlay-opacity":"","overlay-gradient":""},"mobile":{"background-color":"","background-image":"","background-repeat":"repeat","background-position":"center center","background-size":"auto","background-attachment":"scroll","background-type":"","background-media":"","overlay-type":"","overlay-color":"","overlay-opacity":"","overlay-gradient":""}},"ast-content-background-meta":{"desktop":{"background-color":"var(--ast-global-color-5)","background-image":"","background-repeat":"repeat","background-position":"center center","background-size":"auto","background-attachment":"scroll","background-type":"","background-media":"","overlay-type":"","overlay-color":"","overlay-opacity":"","overlay-gradient":""},"tablet":{"background-color":"var(--ast-global-color-5)","background-image":"","background-repeat":"repeat","background-position":"center center","background-size":"auto","background-attachment":"scroll","background-type":"","background-media":"","overlay-type":"","overlay-color":"","overlay-opacity":"","overlay-gradient":""},"mobile":{"background-color":"var(--ast-global-color-5)","background-image":"","background-repeat":"repeat","background-position":"center center","background-size":"auto","background-attachment":"scroll","background-type":"","background-media":"","overlay-type":"","overlay-color":"","overlay-opacity":"","overlay-gradient":""}},"footnotes":""},"class_list":["post-3667","page","type-page","status-publish","hentry"],"_links":{"self":[{"href":"https:\/\/dropshippingb2b.com\/de\/wp-json\/wp\/v2\/pages\/3667","targetHints":{"allow":["GET"]}}],"collection":[{"href":"https:\/\/dropshippingb2b.com\/de\/wp-json\/wp\/v2\/pages"}],"about":[{"href":"https:\/\/dropshippingb2b.com\/de\/wp-json\/wp\/v2\/types\/page"}],"author":[{"embeddable":true,"href":"https:\/\/dropshippingb2b.com\/de\/wp-json\/wp\/v2\/users\/1"}],"replies":[{"embeddable":true,"href":"https:\/\/dropshippingb2b.com\/de\/wp-json\/wp\/v2\/comments?post=3667"}],"version-history":[{"count":4,"href":"https:\/\/dropshippingb2b.com\/de\/wp-json\/wp\/v2\/pages\/3667\/revisions"}],"predecessor-version":[{"id":6018,"href":"https:\/\/dropshippingb2b.com\/de\/wp-json\/wp\/v2\/pages\/3667\/revisions\/6018"}],"wp:attachment":[{"href":"https:\/\/dropshippingb2b.com\/de\/wp-json\/wp\/v2\/media?parent=3667"}],"curies":[{"name":"wp","href":"https:\/\/api.w.org\/{rel}","templated":true}]}}