{"id":1874,"date":"2021-07-16T18:57:17","date_gmt":"2021-07-16T18:57:17","guid":{"rendered":"https:\/\/dsb2b.assemblyweb.net\/returns"},"modified":"2022-10-26T10:43:38","modified_gmt":"2022-10-26T10:43:38","slug":"retouren","status":"publish","type":"page","link":"https:\/\/dropshippingb2b.com\/de\/retouren","title":{"rendered":"Retouren"},"content":{"rendered":"\n<div class=\"wp-block-cover alignfull\" style=\"min-height:350px;aspect-ratio:unset;\"><span aria-hidden=\"true\" class=\"wp-block-cover__background has-background-dim-0 has-background-dim\"><\/span><img loading=\"lazy\" decoding=\"async\" width=\"1200\" height=\"1600\" class=\"wp-block-cover__image-background wp-image-2834\" alt=\"\" src=\"https:\/\/dropshippingb2b.com\/wp-content\/uploads\/2022\/01\/wwtech-portada-duotone.jpg\" data-object-fit=\"cover\" srcset=\"https:\/\/dropshippingb2b.com\/wp-content\/uploads\/2022\/01\/wwtech-portada-duotone.jpg 1200w, https:\/\/dropshippingb2b.com\/wp-content\/uploads\/2022\/01\/wwtech-portada-duotone-225x300.jpg 225w, https:\/\/dropshippingb2b.com\/wp-content\/uploads\/2022\/01\/wwtech-portada-duotone-768x1024.jpg 768w, https:\/\/dropshippingb2b.com\/wp-content\/uploads\/2022\/01\/wwtech-portada-duotone-1152x1536.jpg 1152w, https:\/\/dropshippingb2b.com\/wp-content\/uploads\/2022\/01\/wwtech-portada-duotone-300x400.jpg 300w\" sizes=\"auto, (max-width: 1200px) 100vw, 1200px\" \/><div class=\"wp-block-cover__inner-container is-layout-flow wp-block-cover-is-layout-flow\">\n<h2 class=\"has-text-color wp-block-heading\" style=\"color:#ffffff\">Retouren <\/h2>\n<\/div><\/div>\n\n\n\n<div class=\"inherit-container-width wp-block-group alignfull has-background is-layout-constrained wp-block-group-is-layout-constrained\" style=\"background-color:#f6f6f6\"><div class=\"wp-block-group__inner-container\">\n<div class=\"inherit-container-width wp-block-group has-white-background-color has-background is-layout-constrained wp-block-group-is-layout-constrained\"><div class=\"wp-block-group__inner-container\">\n<figure class=\"wp-block-image aligncenter size-full is-resized\"><img loading=\"lazy\" decoding=\"async\" src=\"https:\/\/dropshippingb2b.com\/wp-content\/uploads\/2022\/09\/infograph_refund_de.png\" alt=\"\" class=\"wp-image-5221\" width=\"852\" height=\"900\" srcset=\"https:\/\/dropshippingb2b.com\/wp-content\/uploads\/2022\/09\/infograph_refund_de.png 1136w, https:\/\/dropshippingb2b.com\/wp-content\/uploads\/2022\/09\/infograph_refund_de-284x300.png 284w, https:\/\/dropshippingb2b.com\/wp-content\/uploads\/2022\/09\/infograph_refund_de-969x1024.png 969w, https:\/\/dropshippingb2b.com\/wp-content\/uploads\/2022\/09\/infograph_refund_de-768x811.png 768w, https:\/\/dropshippingb2b.com\/wp-content\/uploads\/2022\/09\/infograph_refund_de-300x317.png 300w\" sizes=\"auto, (max-width: 852px) 100vw, 852px\" \/><\/figure>\n\n\n\n<h3 class=\"has-text-align-center wp-block-heading\"><strong>Retouren B2B vs B2C<\/strong><\/h3>\n\n\n\n<p>Wir erinnern Sie daran, dass der Verk\u00e4ufer\/Lieferant, der als Dropshipping-Verk\u00e4ufer f\u00fcr Gesch\u00e4ftsbeziehungen agiert, die B2B-Richtlinien (Business-to-Business) befolgt.<\/p>\n\n\n\n<p>Die R\u00fcckgaberichtlinien sind die gleichen, die Sie beim Kauf von Gro\u00dfhandelsartikeln auf der Website erhalten, auf der Sie Ihr Dropshipping-Gesch\u00e4ft verbinden werden.<\/p>\n\n\n\n<div style=\"height:30px\" aria-hidden=\"true\" class=\"wp-block-spacer\"><\/div>\n\n\n\n<div class=\"wp-block-buttons is-horizontal is-content-justification-center is-layout-flex wp-container-core-buttons-is-layout-1 wp-block-buttons-is-layout-flex\">\n<div class=\"wp-block-button\"><a class=\"wp-block-button__link\" href=\"https:\/\/www.wwt.it\/en\/info\/backorders-&amp;-returns\/backorders-returns\" target=\"_blank\" rel=\"noreferrer noopener\">Lesen Sie die B2B-R\u00fcckgaberichtlinien<\/a><\/div>\n<\/div>\n\n\n\n<div style=\"height:30px\" aria-hidden=\"true\" class=\"wp-block-spacer\"><\/div>\n\n\n\n<p>Although all products are already subject to an accurate check when we get them (in order to avoid having in our warehouse defective and not working products), uniquely for items sold to dropshipping orders, logistics makes a second check prior shipping them, to grant all products are in perfect conditions, including verifying battery charged (as a discharged might happen during the time spent in warehouse).<\/p>\n\n\n\n<p>Obwohl alle Produkte bereits bei Erhalt einer genauen Pr\u00fcfung unterzogen werden (um zu vermeiden, dass in unserem Lager fehlerhafte und nicht funktionierende Produkte eingelagert werden), f\u00fchrt die Logistik vor dem Versand eine zweite Pr\u00fcfung durch. Die Produkte befinden sich in einwandfreiem Zustand, einschlie\u00dflich der \u00dcberpr\u00fcfung, ob der Akku geladen ist (eine Entladung kann w\u00e4hrend der Lagerzeit auftreten).<\/p>\n\n\n\n<p>Dieses Verfahren wurde entwickelt, um sicherzustellen, dass immer nur einwandfreie Produkte an den Endkunden versandt werden, um Streitigkeiten zwischen Anbieter und Verk\u00e4ufer zu vermeiden, da keiner von ihnen tats\u00e4chlich verkaufte Produkte sieht oder anfasst. Beim Dropshipping ist volles Vertrauen in die Arbeit der Logistik erforderlich. Daher werden die Produkte erst nach Pr\u00fcfung an den Endkunden im Namen des Verk\u00e4ufers versendet.<\/p>\n\n\n\n<p>Aufgrund der bisherigen Erfahrungen ist es leider vorgekommen, dass einige Kunden behaupteten, einen nicht funktionierenden Artikel erhalten zu haben, und sogar sagten, er sei gebraucht: Dies kann mit einer von uns erbrachten Dienstleistung absolut ausgeschlossen werden. Jeder Verk\u00e4ufer ist eingeladen unsere Logistik jederzeit zu besuchen, um die Qualit\u00e4t und Richtigkeit der angebotenen Dienstleistungen pers\u00f6nlich zu \u00fcberpr\u00fcfen. Aus diesem Grund, k\u00f6nnen wir in keiner Weise die Verantwortung f\u00fcr Beschwerden von nicht ganz ehrlichen privaten K\u00e4ufern \u00fcbernehmen.<\/p>\n\n\n\n<ul class=\"wp-block-list\"><li>Wenn Sie den tats\u00e4chlichen und ordnungsgem\u00e4\u00dfen Dropshipping-Service w\u00e4hlen, sodass Waren direkt an Ihre Endkunden versandt werden, so k\u00f6nnen R\u00fccksendungen von Ihrem Privatkunden nicht an uns als Ihren Lieferanten gesendet werden. Diese m\u00fcssen stattdessen an den Verk\u00e4ufer (Sie) zur\u00fcckgesandt werden. Vereinbarungen zwischen Endkunde und Verk\u00e4ufer werden von Ihnen getroffen und sind unabh\u00e4ngig davon zu betrachten wie letztendlich dies vom jeweiligen Gro\u00dfhandelslieferanten bearbeitet werden w\u00fcrde.<\/li><li>Wenn Sie stattdessen keine Direktlieferung durchf\u00fchren lassen, sondern unsere Waren zu Ihrer Lieferadresse senden lassen. Im Anschluss von Ihnen zu Ihren Kunden versendet. Im Falle von Problemen m\u00f6chten wir Sie daran erinnern, dass Sie uns (gem\u00e4\u00df den oben genannten R\u00fcckgaberichtlinien), innerhalb max. 8 Tagen ab Lieferdatum in Kenntnis setzen m\u00fcssen.<\/li><\/ul>\n\n\n\n<p class=\"has-text-color has-background\" style=\"background-color:#fae3d4;color:#e5742e\"><strong><strong><strong>ACHTUNG!<\/strong>&nbsp;Wir erinnern Sie daran, dass B2B-R\u00fcckgaberegeln sich vom B2C-Markt unterscheiden. Insbesondere das \u201eWiderrufsrecht\u201c ist eine vom Gesetzgeber vorgesehene Norm zum Schutz der privaten Verbraucher und gilt nur f\u00fcr diese.<\/strong><\/strong><\/p>\n\n\n\n<p><strong>PS:<\/strong>&nbsp;In Anbetracht der gegenseitigen und kontinuierlichen Zusammenarbeit steht Ihnen unser Unternehmen weiterhin zur Verf\u00fcgung, um gelegentlich die K\u00e4ufe von zur\u00fcckgegebenen Waren zu bewerten und sie in unserem Vertriebskanal wieder in den Verkauf zu bringen, wenn Sie eine h\u00f6here Anzahl von R\u00fcckgaben verwalten, als von Ihrem Unternehmen absorbiert werden k\u00f6nnten.<\/p>\n<\/div><\/div>\n<\/div><\/div>\n\n\n\n<div class=\"inherit-container-width wp-block-group alignfull has-background is-layout-constrained wp-block-group-is-layout-constrained\" style=\"background-color:#fae4d6\"><div class=\"wp-block-group__inner-container\">\n<h3 class=\"has-text-align-center wp-block-heading\">IMMER NOCH ZWEIFEL?<\/h3>\n\n\n\n<p class=\"has-text-align-center\">Sehen Sie sich die h\u00e4ufig gestellten Fragen an oder sprechen Sie mit einem von uns<\/p>\n\n\n\n<div class=\"wp-block-columns is-layout-flex wp-container-core-columns-is-layout-1 wp-block-columns-is-layout-flex\">\n<div class=\"wp-block-column is-vertically-aligned-center is-layout-flow wp-block-column-is-layout-flow\">\n<div class=\"wp-block-buttons is-horizontal is-content-justification-center is-layout-flex wp-container-core-buttons-is-layout-2 wp-block-buttons-is-layout-flex\">\n<div class=\"wp-block-button is-style-outline is-style-outline--1\"><a class=\"wp-block-button__link has-text-color\" href=\"\/de\/faq\" style=\"color:#e5742e\">BESUCHEN SIE DIE FAQ<\/a><\/div>\n\n\n\n<div class=\"wp-block-button is-style-fill button-no-outline\"><a class=\"wp-block-button__link\" href=\"\/de\/kontakt\">KONTAKTIERE UNS<\/a><\/div>\n<\/div>\n<\/div>\n<\/div>\n<\/div><\/div>\n","protected":false},"excerpt":{"rendered":"<p>Retouren B2B vs B2C Wir erinnern Sie daran, dass der Verk\u00e4ufer\/Lieferant, der als Dropshipping-Verk\u00e4ufer f\u00fcr Gesch\u00e4ftsbeziehungen agiert, die B2B-Richtlinien (Business-to-Business) befolgt. Die R\u00fcckgaberichtlinien sind die gleichen, die Sie beim Kauf von Gro\u00dfhandelsartikeln auf der Website erhalten, auf der Sie Ihr Dropshipping-Gesch\u00e4ft verbinden werden. Although all products are already subject to an accurate check when we [&hellip;]<\/p>\n","protected":false},"author":1,"featured_media":0,"parent":0,"menu_order":0,"comment_status":"closed","ping_status":"closed","template":"","meta":{"inline_featured_image":false,"site-sidebar-layout":"default","site-content-layout":"plain-container","ast-site-content-layout":"","site-content-style":"default","site-sidebar-style":"default","ast-global-header-display":"","ast-banner-title-visibility":"","ast-main-header-display":"","ast-hfb-above-header-display":"","ast-hfb-below-header-display":"","ast-hfb-mobile-header-display":"","site-post-title":"disabled","ast-breadcrumbs-content":"","ast-featured-img":"","footer-sml-layout":"","theme-transparent-header-meta":"default","adv-header-id-meta":"","stick-header-meta":"","header-above-stick-meta":"","header-main-stick-meta":"","header-below-stick-meta":"","astra-migrate-meta-layouts":"default","ast-page-background-enabled":"default","ast-page-background-meta":{"desktop":{"background-color":"","background-image":"","background-repeat":"repeat","background-position":"center center","background-size":"auto","background-attachment":"scroll","background-type":"","background-media":"","overlay-type":"","overlay-color":"","overlay-opacity":"","overlay-gradient":""},"tablet":{"background-color":"","background-image":"","background-repeat":"repeat","background-position":"center center","background-size":"auto","background-attachment":"scroll","background-type":"","background-media":"","overlay-type":"","overlay-color":"","overlay-opacity":"","overlay-gradient":""},"mobile":{"background-color":"","background-image":"","background-repeat":"repeat","background-position":"center center","background-size":"auto","background-attachment":"scroll","background-type":"","background-media":"","overlay-type":"","overlay-color":"","overlay-opacity":"","overlay-gradient":""}},"ast-content-background-meta":{"desktop":{"background-color":"var(--ast-global-color-5)","background-image":"","background-repeat":"repeat","background-position":"center center","background-size":"auto","background-attachment":"scroll","background-type":"","background-media":"","overlay-type":"","overlay-color":"","overlay-opacity":"","overlay-gradient":""},"tablet":{"background-color":"var(--ast-global-color-5)","background-image":"","background-repeat":"repeat","background-position":"center center","background-size":"auto","background-attachment":"scroll","background-type":"","background-media":"","overlay-type":"","overlay-color":"","overlay-opacity":"","overlay-gradient":""},"mobile":{"background-color":"var(--ast-global-color-5)","background-image":"","background-repeat":"repeat","background-position":"center center","background-size":"auto","background-attachment":"scroll","background-type":"","background-media":"","overlay-type":"","overlay-color":"","overlay-opacity":"","overlay-gradient":""}},"footnotes":""},"class_list":["post-1874","page","type-page","status-publish","hentry"],"_links":{"self":[{"href":"https:\/\/dropshippingb2b.com\/de\/wp-json\/wp\/v2\/pages\/1874","targetHints":{"allow":["GET"]}}],"collection":[{"href":"https:\/\/dropshippingb2b.com\/de\/wp-json\/wp\/v2\/pages"}],"about":[{"href":"https:\/\/dropshippingb2b.com\/de\/wp-json\/wp\/v2\/types\/page"}],"author":[{"embeddable":true,"href":"https:\/\/dropshippingb2b.com\/de\/wp-json\/wp\/v2\/users\/1"}],"replies":[{"embeddable":true,"href":"https:\/\/dropshippingb2b.com\/de\/wp-json\/wp\/v2\/comments?post=1874"}],"version-history":[{"count":9,"href":"https:\/\/dropshippingb2b.com\/de\/wp-json\/wp\/v2\/pages\/1874\/revisions"}],"predecessor-version":[{"id":6504,"href":"https:\/\/dropshippingb2b.com\/de\/wp-json\/wp\/v2\/pages\/1874\/revisions\/6504"}],"wp:attachment":[{"href":"https:\/\/dropshippingb2b.com\/de\/wp-json\/wp\/v2\/media?parent=1874"}],"curies":[{"name":"wp","href":"https:\/\/api.w.org\/{rel}","templated":true}]}}