{"id":1450,"date":"2021-07-14T21:42:39","date_gmt":"2021-07-14T21:42:39","guid":{"rendered":"https:\/\/dsb2b.assemblyweb.net\/logistics"},"modified":"2026-02-20T17:22:23","modified_gmt":"2026-02-20T16:22:23","slug":"logistik","status":"publish","type":"page","link":"https:\/\/dropshippingb2b.com\/de\/logistik","title":{"rendered":"Logistik"},"content":{"rendered":"\n<div class=\"wp-block-cover alignfull\" style=\"min-height:350px;aspect-ratio:unset;\"><span aria-hidden=\"true\" class=\"wp-block-cover__background has-background-dim-0 has-background-dim\" style=\"background-color:#000000\"><\/span><img loading=\"lazy\" decoding=\"async\" width=\"1200\" height=\"1600\" class=\"wp-block-cover__image-background wp-image-2834\" alt=\"\" src=\"https:\/\/dropshippingb2b.com\/wp-content\/uploads\/2022\/01\/wwtech-portada-duotone.jpg\" data-object-fit=\"cover\" srcset=\"https:\/\/dropshippingb2b.com\/wp-content\/uploads\/2022\/01\/wwtech-portada-duotone.jpg 1200w, https:\/\/dropshippingb2b.com\/wp-content\/uploads\/2022\/01\/wwtech-portada-duotone-225x300.jpg 225w, https:\/\/dropshippingb2b.com\/wp-content\/uploads\/2022\/01\/wwtech-portada-duotone-768x1024.jpg 768w, https:\/\/dropshippingb2b.com\/wp-content\/uploads\/2022\/01\/wwtech-portada-duotone-1152x1536.jpg 1152w, https:\/\/dropshippingb2b.com\/wp-content\/uploads\/2022\/01\/wwtech-portada-duotone-300x400.jpg 300w\" sizes=\"auto, (max-width: 1200px) 100vw, 1200px\" \/><div class=\"wp-block-cover__inner-container is-layout-flow wp-block-cover-is-layout-flow\">\n<h2 class=\"wp-block-heading alignwide has-text-color\" style=\"color:#ffffff\">Logistik und Versand<\/h2>\n<\/div><\/div>\n\n\n\n<div class=\"inherit-container-width wp-block-group alignfull has-background is-layout-constrained wp-block-group-is-layout-constrained\" style=\"background-color:#f6f6f6\"><div class=\"wp-block-group__inner-container\">\n<div class=\"inherit-container-width wp-block-group mt--50 has-background is-layout-constrained wp-block-group-is-layout-constrained\" style=\"background-color:#ffffff\"><div class=\"wp-block-group__inner-container\">\n<p>Mit unserem Schl\u00fcssel fertigen Logistikpaket erhalten Sie einen Service in welchem der komplette Versand an Ihre Endkunden bearbeitet wird. In diesem Service sind inbegriffen die sichere und korrekte Verpackung Ihrer verkauften Artikel und nat\u00fcrlich letztlich die Versendung \u00fcber den von Ihnen gew\u00e4hlten Paketdienst.&nbsp;<\/p>\n\n\n\n<p>F\u00fcr diese Option werden wie folgt die Versand Bereitstellungskosten und die Versandkosten der jeweiligen Paketdienste berechnet. (FeDex, DHL, UPS).<\/p>\n\n\n\n<p>Kosten:<\/p>\n\n\n\n<figure class=\"wp-block-table\"><table><tbody><tr><td><strong><strong>DESTINATION<\/strong><\/strong><\/td><td><strong><strong>COST<\/strong><\/strong><\/td><td><strong><strong>COURIER<\/strong><\/strong><\/td><\/tr><tr><td>Italien<\/td><td>(6,50\u20ac + 3,90\u20ac) 10,40\u20ac<\/td><td>DHL \u2013 GLS &#8211; TNT<\/td><\/tr><tr><td>West-EU (AT, BE, DE, DK, ES, FI, FR, GR, IE, LU, NL, PT, SE)<\/td><td>(12,50\u20ac + 3,90\u20ac) 16,40\u20ac<\/td><td>DHL \u2013 FedEx<br>UPS &#8211; GLS<\/td><\/tr><tr><td>Ost-EU (BG, CY, CZ, EE, HR, HU, LT, LV, MT, PL, RO, SK, SI)<\/td><td>(14,00\u20ac + 3,90\u20ac) 17,90\u20ac<\/td><td>DHL \u2013 FedEx<br>UPS &#8211; GLS<\/td><\/tr><tr><td>USA\/Kanada + europ\u00e4ische L\u00e4nder, die NICHT zur EU geh\u00f6ren (AD, CH, GB, GI, IS, LI, NO)&nbsp;<\/td><td>(17,00\u20ac + 4,00\u20ac + 3,90\u20ac) 24,90\u20ac<\/td><td>DHL \u2013 FedEx &#8211; UPS<\/td><\/tr><tr><td>Nordafrika (DZ, EG, LY, MA, TN), Naher Osten (AE, KW, OM, QA, SA), Mexiko, Singapur, HK, Japan<\/td><td>(26,00\u20ac + 4,00\u20ac + 3,90\u20ac) 33,90\u20ac<\/td><td>DHL \u2013 FedEx \u2013 UPS<\/td><\/tr><tr><td>Osteurop\u00e4ische L\u00e4nder, die NICHT zur EU geh\u00f6ren (AL, BA, MD, ME, MK, RS, TR, UA, XK)<\/td><td>(29,00\u20ac + 4,00\u20ac + 3,90\u20ac) 36,90\u20ac<\/td><td>DHL \u2013 FedEx \u2013 UPS<\/td><\/tr><tr><td>Rest der Welt (Russische F\u00f6deration und Belarus ausgeschlossen)<\/td><td>(36,00\u20ac + 4,00\u20ac + 3,90\u20ac) 43,90\u20ac<\/td><td>DHL \u2013 FedEx \u2013 UPS<\/td><\/tr><\/tbody><\/table><\/figure>\n<\/div><\/div>\n\n\n\n<div style=\"height:30px\" aria-hidden=\"true\" class=\"wp-block-spacer\"><\/div>\n\n\n\n<div class=\"inherit-container-width wp-block-group has-background is-layout-constrained wp-block-group-is-layout-constrained\" style=\"background-color:#ffffff\"><div class=\"wp-block-group__inner-container\">\n<h3 class=\"wp-block-heading has-text-align-center\">Logistische Bearbeitung<\/h3>\n\n\n\n<p>Die Logistik bereitet jedes Paket optimal f\u00fcr den Versand an Endkunden vor. Des weiteren wird das Paket korrekt mit den entsprechenden Versand Labels beklebt und dem jeweiligen Paketdienst \u00fcbergeben.<\/p>\n\n\n\n<ol class=\"wp-block-list\">\n<li><strong>Um die Versandkosten gering zu halten<\/strong>, wird je nach Artikel verschieden Kartonagen in entsprechend passender Gr\u00f6sse benutzt.<\/li>\n\n\n\n<li><strong>Vorbereitung<\/strong> des Versand Label<\/li>\n\n\n\n<li><strong>Thermo Versieglung<\/strong> jedes Paket<\/li>\n\n\n\n<li><strong>\u00dcbergabe des Paket<\/strong> an den Paketdienst<\/li>\n\n\n\n<li><strong>Eintragen der Sendungsnr<\/strong>. in die Dropshipping Plattform, um stets \u00fcber den Versandstatus informiert zu sein<\/li>\n<\/ol>\n\n\n\n<p>F\u00fcr jeden zus\u00e4tzlichen Artikel an die gleiche Zieladresse wir<strong> mit 50% berechnet.<\/strong><\/p>\n\n\n\n<div style=\"height:50px\" aria-hidden=\"true\" class=\"wp-block-spacer\"><\/div>\n\n\n\n<p class=\"has-text-align-center has-text-color has-background\" style=\"color:#e5742e;background-color:#fae3d4\"><strong>Zus\u00e4tzlich zum Standardprozedere k\u00f6nnen Sie nat\u00fcrlich zus\u00e4tzliche Dienstleistungen \/ Personalisierungen anfordern.<\/strong><\/p>\n\n\n\n<div style=\"height:20px\" aria-hidden=\"true\" class=\"wp-block-spacer\"><\/div>\n\n\n\n<div class=\"wp-block-buttons is-horizontal is-content-justification-center is-layout-flex wp-container-core-buttons-is-layout-1 wp-block-buttons-is-layout-flex\">\n<div class=\"wp-block-button\"><a class=\"wp-block-button__link wp-element-button\" href=\"\/wp-content\/uploads\/2022\/09\/personalized_logistic_options_eng.pdf\" target=\"_blank\" rel=\"noreferrer noopener\">PERSONALISIERTE L\u00d6SUNGEN<\/a><\/div>\n<\/div>\n\n\n\n<div style=\"height:30px\" aria-hidden=\"true\" class=\"wp-block-spacer\"><\/div>\n<\/div><\/div>\n\n\n\n<div style=\"height:30px\" aria-hidden=\"true\" class=\"wp-block-spacer\"><\/div>\n\n\n\n<div class=\"inherit-container-width wp-block-group has-background is-layout-constrained wp-block-group-is-layout-constrained\" style=\"background-color:#ffffff\"><div class=\"wp-block-group__inner-container\">\n<h3 class=\"wp-block-heading has-text-align-center\"><strong>Verpackung welche unsere Logistik nutzt<\/strong><\/h3>\n\n\n\n<figure class=\"wp-block-image aligncenter size-full\"><img loading=\"lazy\" decoding=\"async\" width=\"537\" height=\"612\" src=\"https:\/\/dropshippingb2b.com\/wp-content\/uploads\/2022\/01\/boxbrick.png\" alt=\"\" class=\"wp-image-3327\" srcset=\"https:\/\/dropshippingb2b.com\/wp-content\/uploads\/2022\/01\/boxbrick.png 537w, https:\/\/dropshippingb2b.com\/wp-content\/uploads\/2022\/01\/boxbrick-300x342.png 300w, https:\/\/dropshippingb2b.com\/wp-content\/uploads\/2022\/01\/boxbrick-263x300.png 263w\" sizes=\"auto, (max-width: 537px) 100vw, 537px\" \/><\/figure>\n<\/div><\/div>\n\n\n\n<div style=\"height:30px\" aria-hidden=\"true\" class=\"wp-block-spacer\"><\/div>\n\n\n\n<div class=\"inherit-container-width wp-block-group has-background is-layout-constrained wp-block-group-is-layout-constrained\" style=\"background-color:#ffffff\"><div class=\"wp-block-group__inner-container\">\n<div style=\"height:30px\" aria-hidden=\"true\" class=\"wp-block-spacer\"><\/div>\n\n\n\n<h3 class=\"wp-block-heading has-text-align-center\"><strong>Laden Sie hier ein Beispiel f\u00fcr die Kommunikation herunter, welchen Sie Ihren Paket hinzuf\u00fcgen lassen k\u00f6nnen<\/strong><\/h3>\n\n\n\n<p>Wie so oft, sind es die kleinen Dinge, die den Unterschied ausmachen. Proaktive Kommunikation zu Ihrer Kundschaft, antizipieren ihre Bed\u00fcrfnisse. Es hilft, Kundenbindung und Vertrauen zu steigern. Weiteres erh\u00f6ht man dadurch in der Regel auch die Quote der Kundschaft, welche wieder zu Ihnen zur\u00fcckkommt.<\/p>\n\n\n\n<div class=\"wp-block-buttons is-horizontal is-content-justification-center is-layout-flex wp-container-core-buttons-is-layout-2 wp-block-buttons-is-layout-flex\">\n<div class=\"wp-block-button\"><a class=\"wp-block-button__link wp-element-button\" href=\"\/wp-content\/uploads\/2022\/09\/example_of_communication.pdf\" target=\"_blank\" rel=\"noreferrer noopener\">GENANNTEN INFORMATIONEN<\/a><\/div>\n<\/div>\n\n\n\n<div style=\"height:20px\" aria-hidden=\"true\" class=\"wp-block-spacer\"><\/div>\n<\/div><\/div>\n\n\n\n<div style=\"height:20px\" aria-hidden=\"true\" class=\"wp-block-spacer\"><\/div>\n\n\n\n<div class=\"inherit-container-width wp-block-group has-background is-layout-constrained wp-block-group-is-layout-constrained\" style=\"background-color:#ffffff\"><div class=\"wp-block-group__inner-container\">\n<div style=\"height:20px\" aria-hidden=\"true\" class=\"wp-block-spacer\"><\/div>\n\n\n\n<h3 class=\"wp-block-heading has-text-align-center\"><strong>Laden Sie die Zollanmeldung f\u00fcr den italienischen Zoll herunter, welche f\u00fcr Ihre internationalen Versendungen (Non EU) notwendig ist!<\/strong><\/h3>\n\n\n\n<div class=\"wp-block-buttons is-horizontal is-content-justification-center is-layout-flex wp-container-core-buttons-is-layout-3 wp-block-buttons-is-layout-flex\">\n<div class=\"wp-block-button\"><a class=\"wp-block-button__link wp-element-button\" href=\"https:\/\/dropshippingb2b.com\/wp-content\/uploads\/2024\/04\/ENG-dichiarazione-libera-esportazione-MARZO-2024.pdf\">LADEN SIE DIE ERKL\u00c4RUNG HERUNTER<\/a><\/div>\n<\/div>\n\n\n\n<div style=\"height:50px\" aria-hidden=\"true\" class=\"wp-block-spacer\"><\/div>\n\n\n\n<h3 class=\"wp-block-heading has-text-align-center\">Laden Sie die Dokumentation f\u00fcr Exporte nach USA herunter<\/h3>\n\n\n\n<div class=\"wp-block-buttons is-horizontal is-content-justification-center is-layout-flex wp-container-core-buttons-is-layout-4 wp-block-buttons-is-layout-flex\">\n<div class=\"wp-block-button\"><a class=\"wp-block-button__link wp-element-button\" href=\"\/wp-content\/uploads\/2022\/09\/drop_ball_usa.pdf\" target=\"_blank\" rel=\"noreferrer noopener\">DROPP BALL (Brillenb)<\/a><\/div>\n\n\n\n<div class=\"wp-block-button is-style-fill\"><a class=\"wp-block-button__link wp-element-button\" href=\"\/wp-content\/uploads\/2022\/09\/breakdown_value_model.pdf\" target=\"_blank\" rel=\"noreferrer noopener\">BREAKDOWN VALUE (Uhren)<\/a><\/div>\n<\/div>\n\n\n\n<div style=\"height:20px\" aria-hidden=\"true\" class=\"wp-block-spacer\"><\/div>\n<\/div><\/div>\n\n\n\n<div style=\"height:30px\" aria-hidden=\"true\" class=\"wp-block-spacer\"><\/div>\n\n\n\n<div class=\"wp-block-media-text alignwide has-media-on-the-right is-stacked-on-mobile is-image-fill-element has-background\" style=\"background-color:#ffffff;grid-template-columns:auto 29%\"><div class=\"wp-block-media-text__content\">\n<p>Als Alternative zum \u201eschl\u00fcsselfertigen\u201c Paket k\u00f6nnen Sie die Abwicklung Ihrer Bestellungen direkt mit der Logistik vereinbaren und sich f\u00fcr den endg\u00fcltigen Versand auf den Kurier Ihres Vertrauens verlassen. Diese L\u00f6sung kann f\u00fcr Wiederverk\u00e4ufer mit gro\u00dfen Mengen und erm\u00e4\u00dfigten Preisen gelten.<\/p>\n\n\n\n<p class=\"mt-0\">Unsere Logistik wird verwaltet von:<\/p>\n\n\n\n<figure class=\"wp-block-image size-large is-resized\"><img loading=\"lazy\" decoding=\"async\" width=\"1024\" height=\"180\" src=\"https:\/\/dropshippingb2b.com\/wp-content\/uploads\/2022\/11\/logo-dd-3-1024x180.png\" alt=\"\" class=\"wp-image-6739\" style=\"width:450px;height:90px\" srcset=\"https:\/\/dropshippingb2b.com\/wp-content\/uploads\/2022\/11\/logo-dd-3-1024x180.png 1024w, https:\/\/dropshippingb2b.com\/wp-content\/uploads\/2022\/11\/logo-dd-3-300x53.png 300w, https:\/\/dropshippingb2b.com\/wp-content\/uploads\/2022\/11\/logo-dd-3-768x135.png 768w, https:\/\/dropshippingb2b.com\/wp-content\/uploads\/2022\/11\/logo-dd-3-1536x271.png 1536w, https:\/\/dropshippingb2b.com\/wp-content\/uploads\/2022\/11\/logo-dd-3.png 1720w\" sizes=\"auto, (max-width: 1024px) 100vw, 1024px\" \/><\/figure>\n\n\n\n<p><strong>Autotrasporti Delledonne s.r.l.<\/strong><br>Via Aldo Moro, 10<br>13876 Sandigliano (BI) &#8211; ITALIA<br>P. IVA 00165250028<br>Tel +39 015 2493040<br>Fax +39 015 2493139<br><a href=\"www.delledonne.it\">www.delledonne.it<\/a><\/p>\n<\/div><figure class=\"wp-block-media-text__media\"><img loading=\"lazy\" decoding=\"async\" width=\"232\" height=\"300\" src=\"https:\/\/dropshippingb2b.com\/wp-content\/uploads\/2022\/01\/delledonne-232x300.jpg\" alt=\"\" class=\"wp-image-3339 size-medium\" style=\"object-position:50% 50%\" srcset=\"https:\/\/dropshippingb2b.com\/wp-content\/uploads\/2022\/01\/delledonne-232x300.jpg 232w, https:\/\/dropshippingb2b.com\/wp-content\/uploads\/2022\/01\/delledonne-300x387.jpg 300w, https:\/\/dropshippingb2b.com\/wp-content\/uploads\/2022\/01\/delledonne.jpg 594w\" sizes=\"auto, (max-width: 232px) 100vw, 232px\" \/><\/figure><\/div>\n\n\n\n<div style=\"height:30px\" aria-hidden=\"true\" class=\"wp-block-spacer\"><\/div>\n\n\n\n<div class=\"inherit-container-width wp-block-group has-background is-layout-constrained wp-block-group-is-layout-constrained\" style=\"background-color:#ffffff\"><div class=\"wp-block-group__inner-container\">\n<h3 class=\"wp-block-heading has-text-align-center\">Lager<\/h3>\n\n\n\n<p>Der gr\u00f6\u00dfte Teil unseres Angebot ist gelagert bei&nbsp;<a rel=\"noreferrer noopener\" href=\"http:\/\/www.delledonne.it\/\" target=\"_blank\">Autotrasporti Delledonne s.r.l.<\/a>&nbsp;. Die hier gelagerten Produkte k\u00f6nnen binnen kurzer Zeit versendet werden. Voraussetzung hierf\u00fcr ist, dass Ihre Bestellungen bis max. 12 Uhr eingehen. Die restlichen verf\u00fcgbare Produkte werden innerhalb 3-5 Werktage versendet. Innerhalb des Datenfluss finden Sie auch entsprechende Kennzeichen zu den einzelnen Lieferzeiten. <\/p>\n\n\n\n<p>Es besteht ebenfalls die M\u00f6glichkeit das Lager von&nbsp;<a target=\"_blank\" href=\"http:\/\/www.delledonne.it\/\" rel=\"noreferrer noopener\">Autotrasporti Delledonne s.r.l.<\/a>&nbsp;f\u00fcr eigene Waren \/ Posten zu nutzen. Sie k\u00f6nnen dadurch die Organisation Ihrer Versendungen vereinfachen. Bei Interesse k\u00f6nnen Sie uns gerne kontaktieren.<\/p>\n<\/div><\/div>\n<\/div><\/div>\n\n\n\n<div class=\"inherit-container-width wp-block-group alignfull has-background is-layout-constrained wp-block-group-is-layout-constrained\" style=\"background-color:#fae4d6\"><div class=\"wp-block-group__inner-container\">\n<h3 class=\"has-text-align-center wp-block-heading\">IMMER NOCH ZWEIFEL?<\/h3>\n\n\n\n<p class=\"has-text-align-center\">Sehen Sie sich die h\u00e4ufig gestellten Fragen an oder sprechen Sie mit einem von uns<\/p>\n\n\n\n<div class=\"wp-block-columns is-layout-flex wp-container-core-columns-is-layout-1 wp-block-columns-is-layout-flex\">\n<div class=\"wp-block-column is-vertically-aligned-center is-layout-flow wp-block-column-is-layout-flow\">\n<div class=\"wp-block-buttons is-horizontal is-content-justification-center is-layout-flex wp-container-core-buttons-is-layout-5 wp-block-buttons-is-layout-flex\">\n<div class=\"wp-block-button is-style-outline is-style-outline--1\"><a class=\"wp-block-button__link has-text-color\" href=\"\/de\/faq\" style=\"color:#e5742e\">BESUCHEN SIE DIE FAQ<\/a><\/div>\n\n\n\n<div class=\"wp-block-button is-style-fill button-no-outline\"><a class=\"wp-block-button__link\" href=\"\/de\/kontakt\">KONTAKTIERE UNS<\/a><\/div>\n<\/div>\n<\/div>\n<\/div>\n<\/div><\/div>\n","protected":false},"excerpt":{"rendered":"<p>Mit unserem Schl\u00fcssel fertigen Logistikpaket erhalten Sie einen Service in welchem der komplette Versand an Ihre Endkunden bearbeitet wird. In diesem Service sind inbegriffen die sichere und korrekte Verpackung Ihrer verkauften Artikel und nat\u00fcrlich letztlich die Versendung \u00fcber den von Ihnen gew\u00e4hlten Paketdienst.&nbsp; F\u00fcr diese Option werden wie folgt die Versand Bereitstellungskosten und die Versandkosten [&hellip;]<\/p>\n","protected":false},"author":1,"featured_media":0,"parent":0,"menu_order":0,"comment_status":"closed","ping_status":"closed","template":"","meta":{"inline_featured_image":false,"site-sidebar-layout":"default","site-content-layout":"plain-container","ast-site-content-layout":"normal-width-container","site-content-style":"unboxed","site-sidebar-style":"unboxed","ast-global-header-display":"","ast-banner-title-visibility":"","ast-main-header-display":"","ast-hfb-above-header-display":"","ast-hfb-below-header-display":"","ast-hfb-mobile-header-display":"","site-post-title":"disabled","ast-breadcrumbs-content":"","ast-featured-img":"","footer-sml-layout":"","theme-transparent-header-meta":"default","adv-header-id-meta":"","stick-header-meta":"","header-above-stick-meta":"","header-main-stick-meta":"","header-below-stick-meta":"","astra-migrate-meta-layouts":"set","ast-page-background-enabled":"default","ast-page-background-meta":{"desktop":{"background-color":"","background-image":"","background-repeat":"repeat","background-position":"center center","background-size":"auto","background-attachment":"scroll","background-type":"","background-media":"","overlay-type":"","overlay-color":"","overlay-opacity":"","overlay-gradient":""},"tablet":{"background-color":"","background-image":"","background-repeat":"repeat","background-position":"center center","background-size":"auto","background-attachment":"scroll","background-type":"","background-media":"","overlay-type":"","overlay-color":"","overlay-opacity":"","overlay-gradient":""},"mobile":{"background-color":"","background-image":"","background-repeat":"repeat","background-position":"center center","background-size":"auto","background-attachment":"scroll","background-type":"","background-media":"","overlay-type":"","overlay-color":"","overlay-opacity":"","overlay-gradient":""}},"ast-content-background-meta":{"desktop":{"background-color":"var(--ast-global-color-5)","background-image":"","background-repeat":"repeat","background-position":"center center","background-size":"auto","background-attachment":"scroll","background-type":"","background-media":"","overlay-type":"","overlay-color":"","overlay-opacity":"","overlay-gradient":""},"tablet":{"background-color":"var(--ast-global-color-5)","background-image":"","background-repeat":"repeat","background-position":"center center","background-size":"auto","background-attachment":"scroll","background-type":"","background-media":"","overlay-type":"","overlay-color":"","overlay-opacity":"","overlay-gradient":""},"mobile":{"background-color":"var(--ast-global-color-5)","background-image":"","background-repeat":"repeat","background-position":"center center","background-size":"auto","background-attachment":"scroll","background-type":"","background-media":"","overlay-type":"","overlay-color":"","overlay-opacity":"","overlay-gradient":""}},"footnotes":""},"class_list":["post-1450","page","type-page","status-publish","hentry"],"_links":{"self":[{"href":"https:\/\/dropshippingb2b.com\/de\/wp-json\/wp\/v2\/pages\/1450","targetHints":{"allow":["GET"]}}],"collection":[{"href":"https:\/\/dropshippingb2b.com\/de\/wp-json\/wp\/v2\/pages"}],"about":[{"href":"https:\/\/dropshippingb2b.com\/de\/wp-json\/wp\/v2\/types\/page"}],"author":[{"embeddable":true,"href":"https:\/\/dropshippingb2b.com\/de\/wp-json\/wp\/v2\/users\/1"}],"replies":[{"embeddable":true,"href":"https:\/\/dropshippingb2b.com\/de\/wp-json\/wp\/v2\/comments?post=1450"}],"version-history":[{"count":24,"href":"https:\/\/dropshippingb2b.com\/de\/wp-json\/wp\/v2\/pages\/1450\/revisions"}],"predecessor-version":[{"id":8405,"href":"https:\/\/dropshippingb2b.com\/de\/wp-json\/wp\/v2\/pages\/1450\/revisions\/8405"}],"wp:attachment":[{"href":"https:\/\/dropshippingb2b.com\/de\/wp-json\/wp\/v2\/media?parent=1450"}],"curies":[{"name":"wp","href":"https:\/\/api.w.org\/{rel}","templated":true}]}}