{"id":1316,"date":"2021-07-14T21:36:52","date_gmt":"2021-07-14T21:36:52","guid":{"rendered":"https:\/\/dsb2b.assemblyweb.net\/data-flow"},"modified":"2025-03-17T16:36:40","modified_gmt":"2025-03-17T15:36:40","slug":"daten-fluss","status":"publish","type":"page","link":"https:\/\/dropshippingb2b.com\/de\/daten-fluss","title":{"rendered":"daten-fluss"},"content":{"rendered":"\n<div class=\"wp-block-cover alignfull\" style=\"min-height:350px;aspect-ratio:unset;\"><span aria-hidden=\"true\" class=\"wp-block-cover__background has-background-dim-0 has-background-dim\"><\/span><img loading=\"lazy\" decoding=\"async\" width=\"1200\" height=\"1600\" class=\"wp-block-cover__image-background wp-image-2834\" alt=\"\" src=\"https:\/\/dropshippingb2b.com\/wp-content\/uploads\/2022\/01\/wwtech-portada-duotone.jpg\" data-object-fit=\"cover\" srcset=\"https:\/\/dropshippingb2b.com\/wp-content\/uploads\/2022\/01\/wwtech-portada-duotone.jpg 1200w, https:\/\/dropshippingb2b.com\/wp-content\/uploads\/2022\/01\/wwtech-portada-duotone-225x300.jpg 225w, https:\/\/dropshippingb2b.com\/wp-content\/uploads\/2022\/01\/wwtech-portada-duotone-768x1024.jpg 768w, https:\/\/dropshippingb2b.com\/wp-content\/uploads\/2022\/01\/wwtech-portada-duotone-1152x1536.jpg 1152w, https:\/\/dropshippingb2b.com\/wp-content\/uploads\/2022\/01\/wwtech-portada-duotone-300x400.jpg 300w\" sizes=\"auto, (max-width: 1200px) 100vw, 1200px\" \/><div class=\"wp-block-cover__inner-container is-layout-flow wp-block-cover-is-layout-flow\">\n<h2 class=\"wp-block-heading has-text-color has-huge-font-size\" style=\"color:#ffffff\">Daten &amp; API Schnittstelle<\/h2>\n<\/div><\/div>\n\n\n\n<div class=\"inherit-container-width wp-block-group alignfull has-background is-layout-constrained wp-block-group-is-layout-constrained\" style=\"background-color:#f6f6f6\"><div class=\"wp-block-group__inner-container\">\n<div class=\"inherit-container-width wp-block-group mt--50 has-background is-layout-constrained wp-block-group-is-layout-constrained\" style=\"background-color:#ffffff\"><div class=\"wp-block-group__inner-container\">\n<p>Durch die gesamte Erfassung der Kataloge, die sowohl manuell (statischer Ablauf: CSV- oder XML- und JSON-Exportdatei) als auch automatisch (Live-Ablauf: API-Integration) heruntergeladen werden k\u00f6nnen, k\u00f6nnen f\u00fcr jede Referenz im Katalog die folgenden obligatorischen Informationen abgerufen werden:<\/p>\n\n\n\n<ul class=\"wp-block-list custom-list\">\n<li>Marke<\/li>\n\n\n\n<li>Produktcode\/SKU<\/li>\n\n\n\n<li>verf\u00fcgbare Menge<\/li>\n\n\n\n<li>UVP (<em>unverbindliche Preisempfehlung<\/em>)<\/li>\n\n\n\n<li>Ihr Rabatt<\/li>\n\n\n\n<li>Nettopreis<\/li>\n\n\n\n<li>Bearbeitungszeiten&nbsp;<\/li>\n\n\n\n<li>Ungef\u00e4hres Gewicht<\/li>\n\n\n\n<li>Doppelbild-Link: ein 120 x 120 Pixel gro\u00dfes Symbol und ein hochaufl\u00f6sendes Bild (in der Regel 300 bis 800 Pixel): Beide Bilder haben den gleichen Inhalt, wenn das Produkt in der Standardverpackung ohne Gadgets \/ Zubeh\u00f6r verkauft wird. Wenn das Produkt stattdessen eine bestimmte Verpackung oder ein bestimmtes Gadget hat, sind die beiden Bilder unterschiedlich (das Icon enth\u00e4lt nur das Produkt, das gro\u00dfe Bild enth\u00e4lt auch das Gadget). Dar\u00fcber hinaus haben einige Marken gro\u00dfe Icons im Bild mit den spezifischen Eigenschaften des Produkts<\/li>\n\n\n\n<li>Gruppe, zu der das Produkt geh\u00f6rt<\/li>\n\n\n\n<li>Kategorie, zu der das Produkt geh\u00f6rt<\/li>\n<\/ul>\n\n\n\n<p>und die folgenden optionalen Informationen:<\/p>\n\n\n\n<ul class=\"wp-block-list\">\n<li>EAN (Europ\u00e4ische Artikelnummer)<\/li>\n\n\n\n<li>Attribute: d.h. die Hauptmerkmale des Produkts, wie z. B.: &#8222;Geschlecht&#8220;, &#8222;Geh\u00e4usematerial&#8220;, &#8222;Armbandmaterial&#8220;, &#8222;wasserdicht&#8220; usw. Diese Werte sind f\u00fcr alle Produkte verf\u00fcgbar, welche in unserem Lager vorr\u00e4tig sind (Lieferant &#8222;68&#8220;). F\u00fcr Produkte, welche in einem externen Lagern gelagert werden, sind die Attribute nur verf\u00fcgbar wenn der Lieferant diese Daten mitliefert.<\/li>\n\n\n\n<li>GPSR anforderungen: hersteller und verantwortlicher hersteller<\/li>\n<\/ul>\n<\/div><\/div>\n\n\n\n<div style=\"height:30px\" aria-hidden=\"true\" class=\"wp-block-spacer\"><\/div>\n\n\n\n<div class=\"inherit-container-width wp-block-group has-background is-layout-constrained wp-block-group-is-layout-constrained\" style=\"background-color:#ffffff\"><div class=\"wp-block-group__inner-container\">\n<h3 class=\"wp-block-heading has-text-align-center\">Hier unten sind die wichtigsten Unterschiede zwischen unseren Integrationssysteme:<\/h3>\n\n\n\n<figure class=\"wp-block-image aligncenter size-full\"><img decoding=\"async\" src=\"https:\/\/dropshippingb2b.com\/wp-content\/uploads\/2022\/09\/api_schema_de_01.png\" alt=\"\" class=\"wp-image-5759\"\/><\/figure>\n<\/div><\/div>\n\n\n\n<div style=\"height:30px\" aria-hidden=\"true\" class=\"wp-block-spacer\"><\/div>\n\n\n\n<div class=\"inherit-container-width wp-block-group has-background is-layout-constrained wp-block-group-is-layout-constrained\" style=\"background-color:#ffffff\"><div class=\"wp-block-group__inner-container\">\n<h3 class=\"wp-block-heading has-text-align-center\"><strong>INTEGRATION \u00dcBER API<\/strong><\/h3>\n\n\n\n<p>Die Kommunikation ist bidirektional. D.h. es erlaubt folgendes:<\/p>\n\n\n\n<ul class=\"wp-block-list\">\n<li>das Auslesen der Lagerbest\u00e4nde in Echtzeit<\/li>\n\n\n\n<li>Inserieren der Produkte in den Warenkorb mit der darauf folgenden Bestellbest\u00e4tigung<\/li>\n<\/ul>\n\n\n\n<figure class=\"wp-block-image aligncenter size-full\"><img decoding=\"async\" src=\"https:\/\/dropshippingb2b.com\/wp-content\/uploads\/2022\/09\/api_schema_de_02.png\" alt=\"\" class=\"wp-image-5772\"\/><\/figure>\n\n\n\n<p>Dieser Web Service wurde so konzepiert um mit jeglicher Software integriert werden zu k\u00f6nnen, welche Daten im Format Json lesen und schreiben kann. Dies kann unabh\u00e4ngig von Sprache und Betriebssystem genutzt werden.<\/p>\n\n\n\n<figure class=\"wp-block-image aligncenter size-full\"><img loading=\"lazy\" decoding=\"async\" width=\"735\" height=\"193\" src=\"https:\/\/dropshippingb2b.com\/wp-content\/uploads\/2022\/09\/api_schema1.jpeg\" alt=\"\" class=\"wp-image-4324\" srcset=\"https:\/\/dropshippingb2b.com\/wp-content\/uploads\/2022\/09\/api_schema1.jpeg 735w, https:\/\/dropshippingb2b.com\/wp-content\/uploads\/2022\/09\/api_schema1-300x79.jpeg 300w\" sizes=\"auto, (max-width: 735px) 100vw, 735px\" \/><\/figure>\n\n\n\n<p>Eine vollst\u00e4ndige Anleitung zur vollst\u00e4ndigen Integration finden Sie unter folgendem Link:<\/p>\n\n\n\n<div class=\"wp-block-buttons is-horizontal is-content-justification-center is-layout-flex wp-container-core-buttons-is-layout-1 wp-block-buttons-is-layout-flex\">\n<div class=\"wp-block-button\"><a class=\"wp-block-button__link wp-element-button\" href=\"https:\/\/dropshippingb2b.com\/api\/guide\/en\/\" target=\"_blank\" rel=\"noreferrer noopener\">PR\u00dcFEN SIE DIE DOKUMENTATION &gt;<\/a><\/div>\n<\/div>\n<\/div><\/div>\n\n\n\n<div style=\"height:30px\" aria-hidden=\"true\" class=\"wp-block-spacer\"><\/div>\n\n\n\n<div class=\"inherit-container-width wp-block-group has-background is-layout-constrained wp-block-group-is-layout-constrained\" style=\"background-color:#ffffff\"><div class=\"wp-block-group__inner-container\">\n<h3 class=\"wp-block-heading has-text-align-center\">CSV EXPORT<\/h3>\n\n\n\n<p>Neben der API Integration (web server), steht auch ein CSV (<em>Comma Separated Values<\/em>) file export zur Verf\u00fcgung. Sie k\u00f6nnen hiermit den kompletten Katalog manuel downloaden.<\/p>\n\n\n\n<div style=\"height:20px\" aria-hidden=\"true\" class=\"wp-block-spacer\"><\/div>\n\n\n\n<p><meta charset=\"utf-8\">Unser System aktualisiert diese Datei alle zwei Stunden und wird in der unten genannten Struktur dargestellt:<\/p>\n\n\n\n<figure class=\"wp-block-image size-large\"><img loading=\"lazy\" decoding=\"async\" width=\"1024\" height=\"75\" src=\"https:\/\/dropshippingb2b.com\/wp-content\/uploads\/2022\/01\/export_file-1024x75.png\" alt=\"\" class=\"wp-image-3272\" srcset=\"https:\/\/dropshippingb2b.com\/wp-content\/uploads\/2022\/01\/export_file-1024x75.png 1024w, https:\/\/dropshippingb2b.com\/wp-content\/uploads\/2022\/01\/export_file-300x22.png 300w, https:\/\/dropshippingb2b.com\/wp-content\/uploads\/2022\/01\/export_file-768x56.png 768w, https:\/\/dropshippingb2b.com\/wp-content\/uploads\/2022\/01\/export_file.png 1200w\" sizes=\"auto, (max-width: 1024px) 100vw, 1024px\" \/><\/figure>\n\n\n\n<p><meta charset=\"utf-8\">Nach Unterzeichnung des ausgew\u00e4hlten Abo, liefern wir Ihnen User Name und Password um den entsprechenden Katalog herunterladen zu k\u00f6nnen<\/p>\n\n\n\n<ol class=\"wp-block-list\">\n<li>Manuel kann dies \u00fcber folgenden Link&nbsp;<a href=\"https:\/\/dropshippingb2b.com\/export\/\">https:\/\/dropshippingb2b.com\/export\/<\/a><a href=\"https:\/\/www.dropshippingb2b.com\/de\/export\/\"><\/a>&nbsp;vollzogen werden.<\/li>\n\n\n\n<li>Sie k\u00f6nnen nat\u00fcrlich diesen auch automatisch abrufen. Hierzu ist eine simple CURL Programmierung notwendig.<\/li>\n<\/ol>\n\n\n\n<div style=\"height:30px\" aria-hidden=\"true\" class=\"wp-block-spacer\"><\/div>\n\n\n\n<h4 class=\"wp-block-heading has-text-align-left\"><strong>CURL call Beispiel<\/strong><\/h4>\n\n\n\n<pre class=\"wp-block-code\"><code lang=\"bash\" class=\"language-bash\">curl -k --data \"data=username%3DUSERNAME%26password%3DPASSWORD%26pid%3Dpid\" \nhttps:\/\/dropshippingb2b.com\/export\/csv.php     <\/code><\/pre>\n\n\n\n<div style=\"height:30px\" aria-hidden=\"true\" class=\"wp-block-spacer\"><\/div>\n\n\n\n<h4 class=\"wp-block-heading has-text-align-left\">PHP Beispiel<\/h4>\n\n\n\n<pre class=\"wp-block-code\"><code lang=\"php\" class=\"language-php\">&lt;?php\n\n$params = array(\"username\" =&gt; \"YOUR USERNAME\",\n                \"password\" =&gt; \"YOUR PASSWORD\",\n                \"pid\"      =&gt; \"YOUR PORTAL ID NUMBER\");\n   \n\/*  PORTAL ID\n1    wwt.it\n2    b2buhren.de\n4    marcaspararevenda.com\n6    marcasalmayor.es\n7    b2bwatches.co.uk\n8    b2bhodinky.cz\n9    b2bmontres.fr\n10   b2bhorloges.nl\n11   emporiorologion.gr\n13   atacadodemarcas.com.br\n14   b2bsk.sk\n15   klockorb2b.se\n16   markihurt.pl\n*\/   \n   \n$params = http_build_query($params);\n$data = array('data' =&gt; $params);\n$ch = curl_init();\n\ncurl_setopt($ch, CURLOPT_URL, 'https:\/\/dropshippingb2b.com\/export\/csv.php');\ncurl_setopt($ch, CURLOPT_SSLVERSION , CURL_SSLVERSION_TLSv1_2);\ncurl_setopt($ch, CURLOPT_SSL_VERIFYPEER,FALSE);\ncurl_setopt($ch, CURLOPT_SSL_VERIFYHOST,2);\ncurl_setopt($ch, CURLOPT_POST, 1);\ncurl_setopt($ch, CURLOPT_RETURNTRANSFER, 1);\ncurl_setopt($ch, CURLOPT_POSTFIELDS, $data);\n\n$ce = curl_exec($ch); \/\/ $ce contain call response\ncurl_close($ch);   \necho $ce; \n?&gt; <\/code><\/pre>\n\n\n\n<div style=\"height:30px\" aria-hidden=\"true\" class=\"wp-block-spacer\"><\/div>\n\n\n\n<h4 class=\"wp-block-heading has-text-align-left\">VB .NET Beispiel<\/h4>\n\n\n\n<pre class=\"wp-block-code\"><code lang=\"visual-basic\" class=\"language-visual-basic\">Imports System\nImports System.Net\nImports System.Web\n\n\nPublic Module Module1\n    Public Sub Main()\n         Using client As New WebClient\n            Dim result As String\n            client.Encoding = System.Text.Encoding.UTF8\n            client.Headers.Add(\"Content-Type\", \"application\/x-www-form-urlencoded\")\n            result = client.UploadString(\"https:\/\/dropshippingb2b.com\/export\/csv.php\", \"data=\"\n + HttpUtility.UrlEncode(\"username=USERNAME&amp;password=PASSWORD&amp;pid=PORTAL ID\"))\n            Console.WriteLine(result)\n        End Using\n    End Sub\nEnd Module<\/code><\/pre>\n\n\n\n<p>Hinweis: Die CSV-Datei enth\u00e4lt ein Feld in der letzten Spalte &#8222;speed_shipping&#8220;. Dieses Feld zeigt die Liefergeschwindigkeit f\u00fcr jedes Produkt an.<\/p>\n\n\n\n<ul class=\"wp-block-list\">\n<li><strong>0 &#8211; <strong>Langsamer Versand<\/strong><\/strong><\/li>\n<\/ul>\n\n\n\n<p>Dieses Produkt wird auf Bestellung beim offiziellen Distributor bestellt, es kann kann hundertprozentige Auslieferung garantiert werden. Die Bearbeitung erfordert bis zu 10 Werktage um die Verf\u00fcgbarkeit zu erfahren.Wir empfehlen daher allen Dropshipping Einzelh\u00e4ndler diese Produkte NICHT in ihre Kataloge zu integrieren.<\/p>\n\n\n\n<ul class=\"wp-block-list\">\n<li><strong><strong>1 &#8211; Standard Versand<\/strong><\/strong><\/li>\n<\/ul>\n\n\n\n<p>Dieses Produkt ist in einem externen Lager gelagert. Es lagert nicht im Lager vom Lagerdienstleister Delledonne Logistics. Die Sendung ben\u00f6tigt durchschnittlich 3-4 Werktage Bearbeitungszeit. Die durchschnittliche Ausweichrate liegt bei 90%. D.h. in 90% der F\u00e4lle ist das bestellte Produkt verf\u00fcgbar.&nbsp;Als Produkt externer Lieferanten ist der Bestand in Echtzeit nicht vollst\u00e4ndig steuerbar. Wir empfehlen daher allen&nbsp;Dropshipping-H\u00e4ndlern nur Produkte in Ihrem Shop anzuzeigen welche einen gewissen Bestand aufweisen. Beispiel Filter \u201c&gt;X\u201d&nbsp;&nbsp; &#8211; \u201cX&#8220; steht f\u00fcr eine verf\u00fcgbare Menge \/ Anzahl. Anzeigen von Produkt wenn Bestand gr\u00f6\u00dfer als einen bestimmten Wert ist.<\/p>\n\n\n\n<ul class=\"wp-block-list\">\n<li><strong><strong>2 &#8211; Schneller Versand<\/strong><\/strong><\/li>\n<\/ul>\n\n\n\n<p>Dieser Artikel wird in 24 &#8211; 48 Stunden versendet.&nbsp;Die Verf\u00fcrbarkeitsrate ist 100%.&nbsp;&nbsp;Nicht nur, alle Bestellungen bis 12:00 Uhr k\u00f6nnen noch am gleichen Tag versendet werden!<\/p>\n\n\n\n<p>F\u00fcr Kunden, welche auf Plattformen verkaufen welche sehr strikte Regeln zur Auslieferung von Artikeln haben (Bsp. Amazon, ebay) empfehlen wir die Mengen in reduzierter Form zu nutzen. Dies bringt Sie in die&nbsp;komfortable Situation nicht in Lieferengp\u00e4sse zu fallen. Bsp. Artikel X verf\u00fcgbar 10 St\u00fcck, Sie inserieren auf den Plattformen nur 5-7 St\u00fcck. Somit haben Sie einen Puffer. In den Spalten M (id_supplier) und P (speed_shipping) k\u00f6nnen Sie diese Daten \u00fcberpr\u00fcfen.&nbsp;Bitte kontaktieren Sie uns auch f\u00fcr Tipps, wie Sie Ihre Daten nach Ihren Bed\u00fcrfnissen filtern k\u00f6nnen.<\/p>\n<\/div><\/div>\n<\/div><\/div>\n\n\n\n<div class=\"inherit-container-width wp-block-group alignfull has-background is-layout-constrained wp-block-group-is-layout-constrained\" style=\"background-color:#fae4d6\"><div class=\"wp-block-group__inner-container\">\n<h3 class=\"has-text-align-center wp-block-heading\">IMMER NOCH ZWEIFEL?<\/h3>\n\n\n\n<p class=\"has-text-align-center\">Sehen Sie sich die h\u00e4ufig gestellten Fragen an oder sprechen Sie mit einem von uns<\/p>\n\n\n\n<div class=\"wp-block-columns is-layout-flex wp-container-core-columns-is-layout-1 wp-block-columns-is-layout-flex\">\n<div class=\"wp-block-column is-vertically-aligned-center is-layout-flow wp-block-column-is-layout-flow\">\n<div class=\"wp-block-buttons is-horizontal is-content-justification-center is-layout-flex wp-container-core-buttons-is-layout-2 wp-block-buttons-is-layout-flex\">\n<div class=\"wp-block-button is-style-outline is-style-outline--1\"><a class=\"wp-block-button__link has-text-color\" href=\"\/de\/faq\" style=\"color:#e5742e\">BESUCHEN SIE DIE FAQ<\/a><\/div>\n\n\n\n<div class=\"wp-block-button is-style-fill button-no-outline\"><a class=\"wp-block-button__link\" href=\"\/de\/kontakt\">KONTAKTIERE UNS<\/a><\/div>\n<\/div>\n<\/div>\n<\/div>\n<\/div><\/div>\n","protected":false},"excerpt":{"rendered":"<p>Durch die gesamte Erfassung der Kataloge, die sowohl manuell (statischer Ablauf: CSV- oder XML- und JSON-Exportdatei) als auch automatisch (Live-Ablauf: API-Integration) heruntergeladen werden k\u00f6nnen, k\u00f6nnen f\u00fcr jede Referenz im Katalog die folgenden obligatorischen Informationen abgerufen werden: und die folgenden optionalen Informationen: Hier unten sind die wichtigsten Unterschiede zwischen unseren Integrationssysteme: INTEGRATION \u00dcBER API Die Kommunikation [&hellip;]<\/p>\n","protected":false},"author":1,"featured_media":0,"parent":0,"menu_order":0,"comment_status":"closed","ping_status":"closed","template":"","meta":{"inline_featured_image":false,"site-sidebar-layout":"default","site-content-layout":"plain-container","ast-site-content-layout":"normal-width-container","site-content-style":"unboxed","site-sidebar-style":"unboxed","ast-global-header-display":"","ast-banner-title-visibility":"","ast-main-header-display":"","ast-hfb-above-header-display":"","ast-hfb-below-header-display":"","ast-hfb-mobile-header-display":"","site-post-title":"disabled","ast-breadcrumbs-content":"","ast-featured-img":"","footer-sml-layout":"","theme-transparent-header-meta":"default","adv-header-id-meta":"","stick-header-meta":"","header-above-stick-meta":"","header-main-stick-meta":"","header-below-stick-meta":"","astra-migrate-meta-layouts":"set","ast-page-background-enabled":"default","ast-page-background-meta":{"desktop":{"background-color":"","background-image":"","background-repeat":"repeat","background-position":"center center","background-size":"auto","background-attachment":"scroll","background-type":"","background-media":"","overlay-type":"","overlay-color":"","overlay-opacity":"","overlay-gradient":""},"tablet":{"background-color":"","background-image":"","background-repeat":"repeat","background-position":"center center","background-size":"auto","background-attachment":"scroll","background-type":"","background-media":"","overlay-type":"","overlay-color":"","overlay-opacity":"","overlay-gradient":""},"mobile":{"background-color":"","background-image":"","background-repeat":"repeat","background-position":"center center","background-size":"auto","background-attachment":"scroll","background-type":"","background-media":"","overlay-type":"","overlay-color":"","overlay-opacity":"","overlay-gradient":""}},"ast-content-background-meta":{"desktop":{"background-color":"var(--ast-global-color-5)","background-image":"","background-repeat":"repeat","background-position":"center center","background-size":"auto","background-attachment":"scroll","background-type":"","background-media":"","overlay-type":"","overlay-color":"","overlay-opacity":"","overlay-gradient":""},"tablet":{"background-color":"var(--ast-global-color-5)","background-image":"","background-repeat":"repeat","background-position":"center center","background-size":"auto","background-attachment":"scroll","background-type":"","background-media":"","overlay-type":"","overlay-color":"","overlay-opacity":"","overlay-gradient":""},"mobile":{"background-color":"var(--ast-global-color-5)","background-image":"","background-repeat":"repeat","background-position":"center center","background-size":"auto","background-attachment":"scroll","background-type":"","background-media":"","overlay-type":"","overlay-color":"","overlay-opacity":"","overlay-gradient":""}},"footnotes":""},"class_list":["post-1316","page","type-page","status-publish","hentry"],"_links":{"self":[{"href":"https:\/\/dropshippingb2b.com\/de\/wp-json\/wp\/v2\/pages\/1316","targetHints":{"allow":["GET"]}}],"collection":[{"href":"https:\/\/dropshippingb2b.com\/de\/wp-json\/wp\/v2\/pages"}],"about":[{"href":"https:\/\/dropshippingb2b.com\/de\/wp-json\/wp\/v2\/types\/page"}],"author":[{"embeddable":true,"href":"https:\/\/dropshippingb2b.com\/de\/wp-json\/wp\/v2\/users\/1"}],"replies":[{"embeddable":true,"href":"https:\/\/dropshippingb2b.com\/de\/wp-json\/wp\/v2\/comments?post=1316"}],"version-history":[{"count":9,"href":"https:\/\/dropshippingb2b.com\/de\/wp-json\/wp\/v2\/pages\/1316\/revisions"}],"predecessor-version":[{"id":8198,"href":"https:\/\/dropshippingb2b.com\/de\/wp-json\/wp\/v2\/pages\/1316\/revisions\/8198"}],"wp:attachment":[{"href":"https:\/\/dropshippingb2b.com\/de\/wp-json\/wp\/v2\/media?parent=1316"}],"curies":[{"name":"wp","href":"https:\/\/api.w.org\/{rel}","templated":true}]}}