{"id":2478,"date":"2021-08-02T07:19:35","date_gmt":"2021-08-02T07:19:35","guid":{"rendered":"https:\/\/dsb2b.assemblyweb.net\/product\/dropshipping-service"},"modified":"2022-09-25T21:56:04","modified_gmt":"2022-09-25T21:56:04","slug":"dropshipping-service","status":"publish","type":"product","link":"https:\/\/dropshippingb2b.com\/cs\/product\/dropshipping-service","title":{"rendered":"Dropshipping service"},"content":{"rendered":"<p>Na\u0161e z\u00e1kladn\u00ed slu\u017eba: v r\u00e1mci t\u00e9to slu\u017eby Reseller z\u00edsk\u00e1v\u00e1 pov\u011b\u0159en\u00ed pro tok p\u0159\u00edstupov\u00fdch dat na\u0161eho katalogu (reference, k\u00f3dy, n\u00e1zvy, ceny, obr\u00e1zky). Jedn\u00e1 se o datovou slu\u017ebu pouze pro \u010dten\u00ed, kter\u00e1 umo\u017e\u0148uje nap\u0159\u00edklad naplnit vlastn\u00ed web elektronick\u00e9ho obchodu nebo extern\u00ed platformy, jako je eBay a Amazon.<\/p>\n<p>To zahrnuje:<\/p>\n<p>\u2013 tok dat v\u0161ech produkt\u016f dostupn\u00fdch v na\u0161\u00ed integrovan\u00e9 datab\u00e1zi dodavatel\u016f.<\/p>\n<p>\u2013 manipula\u010dn\u00ed sleva: pokud prodejce nedos\u00e1hne minim\u00e1ln\u00ed objedn\u00e1vky po\u017eadovan\u00e9 dodavatelem\/dropshipperem, st\u00e1le m\u016f\u017ee potvrdit objedn\u00e1vku a z\u00edskat slevu 50 % z manipula\u010dn\u00edho poplatku<\/p>\n<p>\u2013 bezplatn\u00e1 slu\u017eba: p\u0159i m\u011bs\u00ed\u010dn\u00edm prodeji pouze 1 000,00 \u20ac* obdr\u017e\u00edte na konci \u010dtvrtlet\u00ed n\u00e1hradu za zakoupen\u00e9 zbo\u017e\u00ed ve v\u00fd\u0161i ceny p\u0159edplacen\u00e9 slu\u017eby (150,00 \u20ac\/ netto za \u010dtvrtlet\u00ed)<\/p>\n<p>(*\u010d\u00e1stka na \u010dtvrtletn\u00ed b\u00e1zi, bez DPH a dal\u0161\u00edch n\u00e1klad\u016f.)<\/p>\n","protected":false},"excerpt":{"rendered":"<p>Na\u0161e z\u00e1kladn\u00ed slu\u017eba: v r\u00e1mci t\u00e9to slu\u017eby Reseller z\u00edsk\u00e1v\u00e1 pov\u011b\u0159en\u00ed pro tok p\u0159\u00edstupov\u00fdch dat na\u0161eho katalogu (reference, k\u00f3dy, n\u00e1zvy, ceny, obr\u00e1zky). Jedn\u00e1 se o datovou slu\u017ebu pouze pro \u010dten\u00ed, kter\u00e1 umo\u017e\u0148uje nap\u0159\u00edklad naplnit vlastn\u00ed web elektronick\u00e9ho obchodu nebo extern\u00ed platformy, jako je eBay a Amazon. To zahrnuje: \u2013 tok dat v\u0161ech produkt\u016f dostupn\u00fdch v na\u0161\u00ed [&hellip;]<\/p>\n","protected":false},"featured_media":2466,"template":"","meta":{"inline_featured_image":false,"site-sidebar-layout":"default","site-content-layout":"default","ast-site-content-layout":"default","site-content-style":"default","site-sidebar-style":"default","ast-global-header-display":"","ast-banner-title-visibility":"","ast-main-header-display":"","ast-hfb-above-header-display":"","ast-hfb-below-header-display":"","ast-hfb-mobile-header-display":"","site-post-title":"","ast-breadcrumbs-content":"","ast-featured-img":"","footer-sml-layout":"","theme-transparent-header-meta":"default","adv-header-id-meta":"","stick-header-meta":"","header-above-stick-meta":"","header-main-stick-meta":"","header-below-stick-meta":"","astra-migrate-meta-layouts":"default","ast-page-background-enabled":"default","ast-page-background-meta":{"desktop":{"background-color":"","background-image":"","background-repeat":"repeat","background-position":"center center","background-size":"auto","background-attachment":"scroll","background-type":"","background-media":"","overlay-type":"","overlay-color":"","overlay-opacity":"","overlay-gradient":""},"tablet":{"background-color":"","background-image":"","background-repeat":"repeat","background-position":"center center","background-size":"auto","background-attachment":"scroll","background-type":"","background-media":"","overlay-type":"","overlay-color":"","overlay-opacity":"","overlay-gradient":""},"mobile":{"background-color":"","background-image":"","background-repeat":"repeat","background-position":"center center","background-size":"auto","background-attachment":"scroll","background-type":"","background-media":"","overlay-type":"","overlay-color":"","overlay-opacity":"","overlay-gradient":""}},"ast-content-background-meta":{"desktop":{"background-color":"var(--ast-global-color-5)","background-image":"","background-repeat":"repeat","background-position":"center center","background-size":"auto","background-attachment":"scroll","background-type":"","background-media":"","overlay-type":"","overlay-color":"","overlay-opacity":"","overlay-gradient":""},"tablet":{"background-color":"var(--ast-global-color-5)","background-image":"","background-repeat":"repeat","background-position":"center center","background-size":"auto","background-attachment":"scroll","background-type":"","background-media":"","overlay-type":"","overlay-color":"","overlay-opacity":"","overlay-gradient":""},"mobile":{"background-color":"var(--ast-global-color-5)","background-image":"","background-repeat":"repeat","background-position":"center center","background-size":"auto","background-attachment":"scroll","background-type":"","background-media":"","overlay-type":"","overlay-color":"","overlay-opacity":"","overlay-gradient":""}}},"product_cat":[101],"product_tag":[],"class_list":["post-2478","product","type-product","status-publish","has-post-thumbnail","hentry","product_cat-quarterly-payment-cs","desktop-align-left","tablet-align-left","mobile-align-left"],"_links":{"self":[{"href":"https:\/\/dropshippingb2b.com\/cs\/wp-json\/wp\/v3\/product\/2478","targetHints":{"allow":["GET"]}}],"collection":[{"href":"https:\/\/dropshippingb2b.com\/cs\/wp-json\/wp\/v3\/product"}],"about":[{"href":"https:\/\/dropshippingb2b.com\/cs\/wp-json\/wp\/v2\/types\/product"}],"wp:featuredmedia":[{"embeddable":true,"href":"https:\/\/dropshippingb2b.com\/cs\/wp-json\/wp\/v2\/media\/2466"}],"wp:attachment":[{"href":"https:\/\/dropshippingb2b.com\/cs\/wp-json\/wp\/v2\/media?parent=2478"}],"wp:term":[{"taxonomy":"product_cat","embeddable":true,"href":"https:\/\/dropshippingb2b.com\/cs\/wp-json\/wp\/v2\/product_cat?post=2478"},{"taxonomy":"product_tag","embeddable":true,"href":"https:\/\/dropshippingb2b.com\/cs\/wp-json\/wp\/v2\/product_tag?post=2478"}],"curies":[{"name":"wp","href":"https:\/\/api.w.org\/{rel}","templated":true}]}}