{"id":821,"date":"2021-07-06T20:25:00","date_gmt":"2021-07-06T20:25:00","guid":{"rendered":"https:\/\/dsb2b.assemblyweb.net\/chi-siamo"},"modified":"2022-10-08T14:06:41","modified_gmt":"2022-10-08T14:06:41","slug":"o-nas","status":"publish","type":"page","link":"https:\/\/dropshippingb2b.com\/cs\/o-nas","title":{"rendered":"O n\u00e1s\ufffc"},"content":{"rendered":"\n<div class=\"wp-block-cover alignfull\" style=\"min-height:350px;aspect-ratio:unset;\"><span aria-hidden=\"true\" class=\"wp-block-cover__background has-u-002-du-002-dast-global-color-5-background-color has-background-dim-0 has-background-dim\"><\/span><img loading=\"lazy\" decoding=\"async\" width=\"1200\" height=\"1600\" class=\"wp-block-cover__image-background wp-image-2834\" alt=\"\" src=\"https:\/\/dropshippingb2b.com\/wp-content\/uploads\/2022\/01\/wwtech-portada-duotone.jpg\" data-object-fit=\"cover\" srcset=\"https:\/\/dropshippingb2b.com\/wp-content\/uploads\/2022\/01\/wwtech-portada-duotone.jpg 1200w, https:\/\/dropshippingb2b.com\/wp-content\/uploads\/2022\/01\/wwtech-portada-duotone-225x300.jpg 225w, https:\/\/dropshippingb2b.com\/wp-content\/uploads\/2022\/01\/wwtech-portada-duotone-768x1024.jpg 768w, https:\/\/dropshippingb2b.com\/wp-content\/uploads\/2022\/01\/wwtech-portada-duotone-1152x1536.jpg 1152w, https:\/\/dropshippingb2b.com\/wp-content\/uploads\/2022\/01\/wwtech-portada-duotone-300x400.jpg 300w\" sizes=\"auto, (max-width: 1200px) 100vw, 1200px\" \/><div class=\"wp-block-cover__inner-container is-layout-flow wp-block-cover-is-layout-flow\">\n<h2 class=\"has-text-color wp-block-heading\" style=\"color:#ffffff\">O n\u00e1s<\/h2>\n<\/div><\/div>\n\n\n\n<div class=\"inherit-container-width wp-block-group alignfull has-background is-layout-constrained wp-block-group-is-layout-constrained\" style=\"background-color:#f6f6f6\"><div class=\"wp-block-group__inner-container\">\n<div class=\"inherit-container-width wp-block-group mt--50 has-background is-layout-constrained wp-block-group-is-layout-constrained\" style=\"background-color:#ffffff\"><div class=\"wp-block-group__inner-container\">\n<div class=\"wp-block-columns is-layout-flex wp-container-core-columns-is-layout-1 wp-block-columns-is-layout-flex\">\n<div class=\"wp-block-column is-layout-flow wp-block-column-is-layout-flow\" style=\"flex-basis:33.33%\">\n<figure class=\"wp-block-image aligncenter size-full is-resized\"><img loading=\"lazy\" decoding=\"async\" src=\"https:\/\/dropshippingb2b.com\/wp-content\/uploads\/2022\/01\/pingu-hi_it.gif\" alt=\"\" class=\"wp-image-3442\" width=\"266\" height=\"266\"\/><\/figure>\n<\/div>\n\n\n\n<div class=\"wp-block-column is-vertically-aligned-center is-layout-flow wp-block-column-is-layout-flow\" style=\"flex-basis:66.66%\">\n<h3 class=\"wp-block-heading\"><strong>Ahoj, jak se m\u00e1\u0161?<\/strong><\/h3>\n\n\n\n<p>Jsme t\u00fdm online velkoobchodn\u00edk\u016f a IT v\u00fdvoj\u00e1\u0159\u016f, kte\u0159\u00ed nashrom\u00e1\u017edili sv\u00e9 s\u00edly, aby ka\u017ed\u00e9mu nab\u00eddli mo\u017enost provozovat e-commerce obchod, <strong>kter\u00fd prod\u00e1v\u00e1 spoustu zbo\u017e\u00ed bez kapit\u00e1lov\u00fdch investic do skladu.<\/strong><\/p>\n<\/div>\n<\/div>\n\n\n\n<div class=\"wp-block-columns is-layout-flex wp-container-core-columns-is-layout-2 wp-block-columns-is-layout-flex\">\n<div class=\"wp-block-column is-vertically-aligned-center is-layout-flow wp-block-column-is-layout-flow\" style=\"flex-basis:66.66%\">\n<p class=\"has-medium-font-size\"><strong>20 let zku\u0161enost\u00ed <\/strong>a<strong>\u00a011\u00a0pobo\u010dek po cel\u00e9 Evrop\u011b<\/strong> jsou v\u00e1m k\u00a0dispozici, abyste z\u00edskali pr\u00e9miovou slu\u017ebu.<\/p>\n<\/div>\n\n\n\n<div class=\"wp-block-column is-layout-flow wp-block-column-is-layout-flow\" style=\"flex-basis:33.33%\">\n<figure class=\"wp-block-image size-full\"><img loading=\"lazy\" decoding=\"async\" width=\"600\" height=\"400\" src=\"https:\/\/dropshippingb2b.com\/wp-content\/uploads\/2022\/01\/pingu_mappa.png\" alt=\"\" class=\"wp-image-3455\" srcset=\"https:\/\/dropshippingb2b.com\/wp-content\/uploads\/2022\/01\/pingu_mappa.png 600w, https:\/\/dropshippingb2b.com\/wp-content\/uploads\/2022\/01\/pingu_mappa-300x200.png 300w\" sizes=\"auto, (max-width: 600px) 100vw, 600px\" \/><\/figure>\n<\/div>\n<\/div>\n<\/div><\/div>\n\n\n\n<div style=\"height:30px\" aria-hidden=\"true\" class=\"wp-block-spacer\"><\/div>\n\n\n\n<div class=\"inherit-container-width wp-block-group has-background is-layout-constrained wp-block-group-is-layout-constrained\" style=\"background-color:#ffffff\"><div class=\"wp-block-group__inner-container\">\n<figure class=\"wp-block-image aligncenter size-full is-resized\"><img decoding=\"async\" src=\"https:\/\/dropshippingb2b.com\/wp-content\/uploads\/2022\/01\/pingu_worker_wwt.jpg\" alt=\"\" class=\"wp-image-3468\" width=\"-461\" height=\"-282\" srcset=\"https:\/\/dropshippingb2b.com\/wp-content\/uploads\/2022\/01\/pingu_worker_wwt.jpg 700w, https:\/\/dropshippingb2b.com\/wp-content\/uploads\/2022\/01\/pingu_worker_wwt-300x184.jpg 300w\" sizes=\"(max-width: 700px) 100vw, 700px\" \/><\/figure>\n\n\n\n<p>DropshippingB2B je platforma vytvo\u0159en\u00e1 spole\u010dnost\u00ed WWTech s.r.l., spole\u010dnost\u00ed se s\u00eddlem v Mil\u00e1n\u011b, kter\u00e1 poskytuje z\u00e1kazn\u00edk\u016fm <strong>200.000 produkt\u016f<\/strong> ka\u017ed\u00fd den ve v\u00edce ne\u017e <strong>50.000 r\u016fzn\u00fdch referenc\u00edch<\/strong>. N\u00e1\u0161 rozs\u00e1hl\u00fd katalog je k vid\u011bn\u00ed na webu <a href=\"https:\/\/www.b2bhodinky.cz\/\" target=\"_blank\" rel=\"noreferrer noopener\">b2bhodinky.cz.<\/a><\/p>\n\n\n\n<p>Na\u0161i z\u00e1kazn\u00edci jsou na\u0161\u00edm st\u0159edem a na\u0161\u00ed filozofi\u00ed je chovat se ke ka\u017ed\u00e9mu, jako by byl jedin\u00fd: tento p\u0159\u00edstup n\u00e1s vedl k tomu, abychom se stali p\u0159edn\u00edm online distributorem m\u00f3dn\u00edch hodinek v Evrop\u011b.<\/p>\n\n\n\n<div style=\"height:20px\" aria-hidden=\"true\" class=\"wp-block-spacer\"><\/div>\n\n\n\n<h3 class=\"has-text-align-center wp-block-heading\"><strong><strong>Sv\u011bt dropshippingu se m\u011bn\u00ed: zm\u011b\u0148te se s n\u00e1mi!<\/strong><\/strong><\/h3>\n\n\n\n<div class=\"wp-block-buttons is-horizontal is-content-justification-center is-layout-flex wp-container-core-buttons-is-layout-1 wp-block-buttons-is-layout-flex\">\n<div class=\"wp-block-button\"><a class=\"wp-block-button__link\" href=\"\/cs\/nase-sluzby\" target=\"_blank\" rel=\"noreferrer noopener\">ZA\u010cN\u011aTE HNED!<\/a><\/div>\n<\/div>\n\n\n\n<div style=\"height:30px\" aria-hidden=\"true\" class=\"wp-block-spacer\"><\/div>\n<\/div><\/div>\n<\/div><\/div>\n\n\n\n<div class=\"inherit-container-width wp-block-group alignfull has-background is-layout-constrained wp-block-group-is-layout-constrained\" style=\"background-color:#fae4d6\"><div class=\"wp-block-group__inner-container\">\n<h3 class=\"has-text-align-center wp-block-heading\">ST\u00c1LE POCHYBNOSTI?<\/h3>\n\n\n\n<p class=\"has-text-align-center\">Pod\u00edvejte se na \u010dasto kladen\u00e9 ot\u00e1zky nebo si promluvte s jedn\u00edm z n\u00e1s<\/p>\n\n\n\n<div class=\"wp-block-columns is-layout-flex wp-container-core-columns-is-layout-3 wp-block-columns-is-layout-flex\">\n<div class=\"wp-block-column is-vertically-aligned-center is-layout-flow wp-block-column-is-layout-flow\">\n<div class=\"wp-block-buttons is-horizontal is-content-justification-center is-layout-flex wp-container-core-buttons-is-layout-2 wp-block-buttons-is-layout-flex\">\n<div class=\"wp-block-button is-style-outline is-style-outline--1\"><a class=\"wp-block-button__link has-text-color\" href=\"\/cz\/faq\" style=\"color:#e5742e\">NAV\u0160TIVTE \u010cAST\u00c9 OT\u00c1ZKY<\/a><\/div>\n\n\n\n<div class=\"wp-block-button is-style-fill\"><a class=\"wp-block-button__link\" href=\"\/cz\/kontakt\">KONTAKTUJTE N\u00c1S<\/a><\/div>\n<\/div>\n<\/div>\n<\/div>\n<\/div><\/div>\n","protected":false},"excerpt":{"rendered":"<p>Ahoj, jak se m\u00e1\u0161? Jsme t\u00fdm online velkoobchodn\u00edk\u016f a IT v\u00fdvoj\u00e1\u0159\u016f, kte\u0159\u00ed nashrom\u00e1\u017edili sv\u00e9 s\u00edly, aby ka\u017ed\u00e9mu nab\u00eddli mo\u017enost provozovat e-commerce obchod, kter\u00fd prod\u00e1v\u00e1 spoustu zbo\u017e\u00ed bez kapit\u00e1lov\u00fdch investic do skladu. 20 let zku\u0161enost\u00ed a\u00a011\u00a0pobo\u010dek po cel\u00e9 Evrop\u011b jsou v\u00e1m k\u00a0dispozici, abyste z\u00edskali pr\u00e9miovou slu\u017ebu. DropshippingB2B je platforma vytvo\u0159en\u00e1 spole\u010dnost\u00ed WWTech s.r.l., spole\u010dnost\u00ed se s\u00eddlem [&hellip;]<\/p>\n","protected":false},"author":1,"featured_media":0,"parent":0,"menu_order":0,"comment_status":"closed","ping_status":"closed","template":"","meta":{"inline_featured_image":false,"site-sidebar-layout":"default","site-content-layout":"plain-container","ast-site-content-layout":"","site-content-style":"default","site-sidebar-style":"default","ast-global-header-display":"","ast-banner-title-visibility":"","ast-main-header-display":"","ast-hfb-above-header-display":"","ast-hfb-below-header-display":"","ast-hfb-mobile-header-display":"","site-post-title":"disabled","ast-breadcrumbs-content":"","ast-featured-img":"","footer-sml-layout":"","theme-transparent-header-meta":"default","adv-header-id-meta":"","stick-header-meta":"","header-above-stick-meta":"","header-main-stick-meta":"","header-below-stick-meta":"","astra-migrate-meta-layouts":"default","ast-page-background-enabled":"default","ast-page-background-meta":{"desktop":{"background-color":"","background-image":"","background-repeat":"repeat","background-position":"center center","background-size":"auto","background-attachment":"scroll","background-type":"","background-media":"","overlay-type":"","overlay-color":"","overlay-opacity":"","overlay-gradient":""},"tablet":{"background-color":"","background-image":"","background-repeat":"repeat","background-position":"center center","background-size":"auto","background-attachment":"scroll","background-type":"","background-media":"","overlay-type":"","overlay-color":"","overlay-opacity":"","overlay-gradient":""},"mobile":{"background-color":"","background-image":"","background-repeat":"repeat","background-position":"center center","background-size":"auto","background-attachment":"scroll","background-type":"","background-media":"","overlay-type":"","overlay-color":"","overlay-opacity":"","overlay-gradient":""}},"ast-content-background-meta":{"desktop":{"background-color":"var(--ast-global-color-5)","background-image":"","background-repeat":"repeat","background-position":"center center","background-size":"auto","background-attachment":"scroll","background-type":"","background-media":"","overlay-type":"","overlay-color":"","overlay-opacity":"","overlay-gradient":""},"tablet":{"background-color":"var(--ast-global-color-5)","background-image":"","background-repeat":"repeat","background-position":"center center","background-size":"auto","background-attachment":"scroll","background-type":"","background-media":"","overlay-type":"","overlay-color":"","overlay-opacity":"","overlay-gradient":""},"mobile":{"background-color":"var(--ast-global-color-5)","background-image":"","background-repeat":"repeat","background-position":"center center","background-size":"auto","background-attachment":"scroll","background-type":"","background-media":"","overlay-type":"","overlay-color":"","overlay-opacity":"","overlay-gradient":""}},"footnotes":""},"class_list":["post-821","page","type-page","status-publish","hentry"],"_links":{"self":[{"href":"https:\/\/dropshippingb2b.com\/cs\/wp-json\/wp\/v2\/pages\/821","targetHints":{"allow":["GET"]}}],"collection":[{"href":"https:\/\/dropshippingb2b.com\/cs\/wp-json\/wp\/v2\/pages"}],"about":[{"href":"https:\/\/dropshippingb2b.com\/cs\/wp-json\/wp\/v2\/types\/page"}],"author":[{"embeddable":true,"href":"https:\/\/dropshippingb2b.com\/cs\/wp-json\/wp\/v2\/users\/1"}],"replies":[{"embeddable":true,"href":"https:\/\/dropshippingb2b.com\/cs\/wp-json\/wp\/v2\/comments?post=821"}],"version-history":[{"count":4,"href":"https:\/\/dropshippingb2b.com\/cs\/wp-json\/wp\/v2\/pages\/821\/revisions"}],"predecessor-version":[{"id":5757,"href":"https:\/\/dropshippingb2b.com\/cs\/wp-json\/wp\/v2\/pages\/821\/revisions\/5757"}],"wp:attachment":[{"href":"https:\/\/dropshippingb2b.com\/cs\/wp-json\/wp\/v2\/media?parent=821"}],"curies":[{"name":"wp","href":"https:\/\/api.w.org\/{rel}","templated":true}]}}