{"id":4899,"date":"2022-09-20T19:49:58","date_gmt":"2022-09-20T19:49:58","guid":{"rendered":"https:\/\/dsb2b.assemblyweb.net\/dropshipping"},"modified":"2022-10-07T14:33:03","modified_gmt":"2022-10-07T14:33:03","slug":"dropshipping","status":"publish","type":"page","link":"https:\/\/dropshippingb2b.com\/cs\/dropshipping","title":{"rendered":"Dropshipping"},"content":{"rendered":"\n<div class=\"wp-block-cover alignfull\" style=\"min-height:350px;aspect-ratio:unset;\"><span aria-hidden=\"true\" class=\"wp-block-cover__background has-background-dim-0 has-background-dim\"><\/span><img loading=\"lazy\" decoding=\"async\" width=\"1200\" height=\"1600\" class=\"wp-block-cover__image-background wp-image-2834\" alt=\"\" src=\"https:\/\/dropshippingb2b.com\/wp-content\/uploads\/2022\/01\/wwtech-portada-duotone.jpg\" data-object-fit=\"cover\" srcset=\"https:\/\/dropshippingb2b.com\/wp-content\/uploads\/2022\/01\/wwtech-portada-duotone.jpg 1200w, https:\/\/dropshippingb2b.com\/wp-content\/uploads\/2022\/01\/wwtech-portada-duotone-225x300.jpg 225w, https:\/\/dropshippingb2b.com\/wp-content\/uploads\/2022\/01\/wwtech-portada-duotone-768x1024.jpg 768w, https:\/\/dropshippingb2b.com\/wp-content\/uploads\/2022\/01\/wwtech-portada-duotone-1152x1536.jpg 1152w, https:\/\/dropshippingb2b.com\/wp-content\/uploads\/2022\/01\/wwtech-portada-duotone-300x400.jpg 300w\" sizes=\"auto, (max-width: 1200px) 100vw, 1200px\" \/><div class=\"wp-block-cover__inner-container is-layout-flow wp-block-cover-is-layout-flow\">\n<h2 class=\"has-text-color has-huge-font-size wp-block-heading\" style=\"color:#ffffff\"><strong>Co je to dropshipping?<\/strong><\/h2>\n\n\n\n<h4 class=\"has-text-color has-huge-font-size wp-block-heading\" style=\"color:#ffffff\">Praktick\u00fd a rychl\u00fd pr\u016fvodce, jak zjistit, co je to dropshipping a jak funguje<\/h4>\n<\/div><\/div>\n\n\n\n<div class=\"inherit-container-width wp-block-group alignfull has-background is-layout-constrained wp-block-group-is-layout-constrained\" style=\"background-color:#f6f6f6\"><div class=\"wp-block-group__inner-container\">\n<div class=\"inherit-container-width wp-block-group has-background is-layout-constrained wp-block-group-is-layout-constrained\" style=\"background-color:#ffffff\"><div class=\"wp-block-group__inner-container\">\n<p>Dropshipping je obchodn\u00ed model, kter\u00fd umo\u017e\u0148uje B2C prodejci nab\u00edzet zbo\u017e\u00ed s \u017e\u00e1dnou investic\u00ed do skladov\u00fdch z\u00e1sob a ani\u017e by se musel vypo\u0159\u00e1dat s logistikou a ot\u00e1zkou p\u0159epravy.<\/p>\n\n\n\n<p>B2Bhodinky.cz v\u00e1m nab\u00edz\u00ed oboj\u00ed: katalog se 30.000 model\u016f zbo\u017e\u00ed ke sta\u017een\u00ed (CSV, XML, JSON) a webovou platformu pro spr\u00e1vu dropshippingov\u00fdch objedn\u00e1vek pro va\u0161e koncov\u00e9 z\u00e1kazn\u00edky.<\/p>\n\n\n\n<figure class=\"wp-block-embed is-type-video is-provider-youtube wp-block-embed-youtube wp-embed-aspect-16-9 wp-has-aspect-ratio\"><div class=\"wp-block-embed__wrapper\">\n<div class=\"ast-oembed-container \" style=\"height: 100%;\"><iframe loading=\"lazy\" title=\"\u200bDropshipping orologi, bigiotteria &amp; accessori moda by WWT\" width=\"500\" height=\"281\" src=\"https:\/\/www.youtube.com\/embed\/RHtsBEoeL9U?feature=oembed\" frameborder=\"0\" allow=\"accelerometer; autoplay; clipboard-write; encrypted-media; gyroscope; picture-in-picture; web-share\" referrerpolicy=\"strict-origin-when-cross-origin\" allowfullscreen><\/iframe><\/div>\n<\/div><\/figure>\n<\/div><\/div>\n\n\n\n<div style=\"height:20px\" aria-hidden=\"true\" class=\"wp-block-spacer\"><\/div>\n\n\n\n<div class=\"inherit-container-width wp-block-group has-background is-layout-constrained wp-block-group-is-layout-constrained\" style=\"background-color:#ffffff\"><div class=\"wp-block-group__inner-container\">\n<h3 class=\"has-text-align-center wp-block-heading\"><strong>JAK SLU\u017dBA DROPSHIPPING FUNGUJE?<\/strong><\/h3>\n\n\n\n<h4 class=\"has-white-color has-text-color has-background wp-block-heading\" style=\"background-color:#e5742e\"><strong>1. <strong><strong>Vyberte si p\u0159edplatn\u00e9, kter\u00e9 v\u00e1m vyhovuje<\/strong><\/strong><\/strong><\/h4>\n\n\n\n<p>Na\u0161e p\u0159edplatn\u00e9 je navr\u017eeno&nbsp;tak, aby vyhov\u011blo jak po\u017eadavk\u016fm men\u0161\u00edch online obchod\u016f, za\u010d\u00ednaj\u00edc\u00edm podnik\u016fm, tak velk\u00fdm a n\u00e1ro\u010dn\u011bj\u0161\u00edm klient\u016fm, kter\u00fdm poskytujeme komplexn\u00ed bal\u00edk slu\u017eeb.<br>Krom\u011b mo\u017enosti snadno roz\u0161\u00ed\u0159it svou nab\u00eddku produkt\u016f, tak\u00e9 nab\u00edz\u00edme mo\u017enost pln\u011b integrovat logistiku a dopravu s c\u00edlem poskytnout rychlou a profesion\u00e1ln\u00ed slu\u017ebu va\u0161im kone\u010dn\u00fdm z\u00e1kazn\u00edk\u016fm.<\/p>\n\n\n\n<div style=\"height:50px\" aria-hidden=\"true\" class=\"wp-block-spacer\"><\/div>\n\n\n\n<h4 class=\"has-white-color has-text-color has-background wp-block-heading\" style=\"background-color:#e5742e\"><strong><strong><strong>2.&nbsp;<strong>St\u00e1hn\u011bte si n\u00e1\u0161 katalog a importujte produkty na v\u00e1\u0161 online obchod<\/strong><\/strong><\/strong><\/strong><\/h4>\n\n\n\n<p>Nab\u00edz\u00edme v\u00e1m cel\u00fd n\u00e1\u0161 katalog produkt\u016f (30.000 polo\u017eek) a mo\u017enost naimportovat je k v\u00e1m manu\u00e1ln\u011b (CSV feed, v\u010detn\u011b odkaz\u016f na obr\u00e1zky, aktualizovan\u00e9 ka\u017ed\u00e9 2 hodiny) nebo automaticky* (prost\u0159ednictv\u00edm API, aktualizovan\u00e9 v re\u00e1ln\u00e9m \u010dase).<\/p>\n\n\n\n<div style=\"height:50px\" aria-hidden=\"true\" class=\"wp-block-spacer\"><\/div>\n\n\n\n<h4 class=\"has-white-color has-text-color has-background wp-block-heading\" style=\"background-color:#e5742e\"><strong><strong><strong><strong>3. <strong>P\u0159ed\u00e1vejte sv\u00e9 objedn\u00e1vky<\/strong><\/strong><\/strong><\/strong><\/strong><\/h4>\n\n\n\n<p>P\u0159es na\u0161i platformu vkl\u00e1d\u00e1te produkty z paraleln\u00edho dodavatelsk\u00e9ho velkoobchodn\u00edho katalogu s t\u011bmito v\u00fdhodami:<br>&#8211; n\u00e1kupn\u00ed ko\u0161\u00edk: vlo\u017een\u00e9 produkty se automaticky ode\u010dtou z dostupnosti dodavatelsk\u00e9ho katalogu s c\u00edlem zajistit vy\u0161\u0161\u00ed procentu \u00fasp\u011b\u0161n\u00fdch obchod\u016f, p\u0159edch\u00e1zen\u00edm n\u00e1kupu stejn\u00e9ho zbo\u017e\u00ed jin\u00fdmi klienty, kdy klient \u010dek\u00e1 na potvrzen\u00ed objedn\u00e1vky. Tato operace je vratn\u00e1: zbo\u017e\u00ed, kter\u00e9 bylo ode\u010dteno z katalogu, je op\u011bt navr\u00e1ceno po vymaz\u00e1ni z ko\u0161e;<br>&#8211; mo\u017enost vlo\u017eit adresu pro doru\u010den\u00ed pro ka\u017edou B2C objedn\u00e1vku a p\u0159ilo\u017een\u00ed dokument\u016f (nap\u0159. faktura, propaga\u010dn\u00ed kup\u00f3n, blahop\u0159\u00e1n\u00ed,&#8230;), pro ka\u017edou objedn\u00e1vku je k dispozici intern\u00ed komunikace prost\u0159ednictv\u00edm zpr\u00e1v pro komunikaci s logistikou.<\/p>\n\n\n\n<div style=\"height:50px\" aria-hidden=\"true\" class=\"wp-block-spacer\"><\/div>\n\n\n\n<h4 class=\"has-white-color has-text-color has-background wp-block-heading\" style=\"background-color:#e5742e\"><strong><strong><strong><strong><strong>4. <strong>Fakturace<\/strong><\/strong><\/strong><\/strong><\/strong><\/strong><\/h4>\n\n\n\n<p>V\u0161echny va\u0161e B2C objedn\u00e1vky jsou seskupeny do jedin\u00e9 B2B objedn\u00e1vky, co\u017e v\u00e1m umo\u017en\u00ed z\u00edskat jednu fakturu pro va\u0161e potvrzen\u00e9 objedn\u00e1vky (nebo podle va\u0161ich pot\u0159eb), s c\u00edlem zjednodu\u0161it \u00fa\u010detnictv\u00ed a zajistit rychlou p\u0159epravu.<\/p>\n\n\n\n<p>*slu\u017ebu chyst\u00e1me<\/p>\n<\/div><\/div>\n\n\n\n<div style=\"height:20px\" aria-hidden=\"true\" class=\"wp-block-spacer\"><\/div>\n\n\n\n<div class=\"inherit-container-width wp-block-group has-background is-layout-constrained wp-block-group-is-layout-constrained\" style=\"background-color:#ffffff\"><div class=\"wp-block-group__inner-container\">\n<h2 class=\"has-text-align-center wp-block-heading\">Prestashop<\/h2>\n\n\n\n<figure class=\"wp-block-image aligncenter size-full is-resized\"><img loading=\"lazy\" decoding=\"async\" src=\"https:\/\/dropshippingb2b.com\/wp-content\/uploads\/2022\/01\/logo_prestashop.jpg\" alt=\"\" class=\"wp-image-3503\" width=\"175\" height=\"113\" srcset=\"https:\/\/dropshippingb2b.com\/wp-content\/uploads\/2022\/01\/logo_prestashop.jpg 700w, https:\/\/dropshippingb2b.com\/wp-content\/uploads\/2022\/01\/logo_prestashop-300x193.jpg 300w\" sizes=\"auto, (max-width: 175px) 100vw, 175px\" \/><\/figure>\n\n\n\n<p>M\u016f\u017eeme vyvinout v\u00e1\u0161 prvn\u00ed eCommerce projekt pomoc\u00ed jednoho z nejlep\u0161\u00edch a nejpopul\u00e1rn\u011bj\u0161\u00edch CMS v Evrop\u011b: PrestaShop.<br>Pom\u016f\u017eeme v\u00e1m uspo\u0159\u00e1dat va\u0161e str\u00e1nky tak, aby spr\u00e1va va\u0161ich kontakt\u016f a prodeje byla rychl\u00e1 a snadn\u00e1.<br>Nebudete se muset o nic starat, d\u016fv\u011b\u0159ujte n\u00e1m a obdr\u017e\u00edte kompletn\u00ed bal\u00ed\u010dek pro zah\u00e1jen\u00ed pou\u017e\u00edv\u00e1n\u00ed va\u0161eho eCommerce.<br>K dispozici je tak\u00e9 v\u00fdvoj plugin\u016f pro integraci v\u0161ech produkt\u016f z katalogu WWT na va\u0161e str\u00e1nky.<\/p>\n\n\n\n<p>Pokud ji\u017e m\u00e1te eCommerce vyvinut\u00fd na b\u00e1zi PrestaShopu (jak ve verzi 1.6, tak 1.7), mo\u017en\u00e1 v\u00e1s bude zaj\u00edmat, \u017ee jsme ji\u017e d\u0159\u00edve m\u011bli dva integra\u010dn\u00ed moduly vyvinut\u00e9 extern\u00ed spole\u010dnost\u00ed, kter\u00e9 v\u00e1m umo\u017e\u0148uj\u00ed snadno IMPORTOVAT v\u0161echny produkty, automaticky EXPORTOVAT objedn\u00e1vky dodavateli a spravujte viditelnost katalog\u016f, slevy, ziskov\u00e9 mar\u017ee a mnoho dal\u0161\u00edho!<\/p>\n<\/div><\/div>\n<\/div><\/div>\n\n\n\n<div class=\"inherit-container-width wp-block-group alignfull has-background is-layout-constrained wp-block-group-is-layout-constrained\" style=\"background-color:#fae4d6\"><div class=\"wp-block-group__inner-container\">\n<h3 class=\"has-text-align-center wp-block-heading\">ST\u00c1LE POCHYBNOSTI?<\/h3>\n\n\n\n<p class=\"has-text-align-center\">Pod\u00edvejte se na \u010dasto kladen\u00e9 ot\u00e1zky nebo si promluvte s jedn\u00edm z n\u00e1s<\/p>\n\n\n\n<div class=\"wp-block-columns is-layout-flex wp-container-core-columns-is-layout-1 wp-block-columns-is-layout-flex\">\n<div class=\"wp-block-column is-vertically-aligned-center is-layout-flow wp-block-column-is-layout-flow\">\n<div class=\"wp-block-buttons is-horizontal is-content-justification-center is-layout-flex wp-container-core-buttons-is-layout-1 wp-block-buttons-is-layout-flex\">\n<div class=\"wp-block-button is-style-outline is-style-outline--1\"><a class=\"wp-block-button__link has-text-color\" href=\"\/cz\/faq\" style=\"color:#e5742e\">NAV\u0160TIVTE \u010cAST\u00c9 OT\u00c1ZKY<\/a><\/div>\n\n\n\n<div class=\"wp-block-button is-style-fill\"><a class=\"wp-block-button__link\" href=\"\/cz\/kontakt\">KONTAKTUJTE N\u00c1S<\/a><\/div>\n<\/div>\n<\/div>\n<\/div>\n<\/div><\/div>\n","protected":false},"excerpt":{"rendered":"<p>Dropshipping je obchodn\u00ed model, kter\u00fd umo\u017e\u0148uje B2C prodejci nab\u00edzet zbo\u017e\u00ed s \u017e\u00e1dnou investic\u00ed do skladov\u00fdch z\u00e1sob a ani\u017e by se musel vypo\u0159\u00e1dat s logistikou a ot\u00e1zkou p\u0159epravy. B2Bhodinky.cz v\u00e1m nab\u00edz\u00ed oboj\u00ed: katalog se 30.000 model\u016f zbo\u017e\u00ed ke sta\u017een\u00ed (CSV, XML, JSON) a webovou platformu pro spr\u00e1vu dropshippingov\u00fdch objedn\u00e1vek pro va\u0161e koncov\u00e9 z\u00e1kazn\u00edky. JAK SLU\u017dBA DROPSHIPPING [&hellip;]<\/p>\n","protected":false},"author":1,"featured_media":0,"parent":0,"menu_order":0,"comment_status":"closed","ping_status":"closed","template":"","meta":{"inline_featured_image":false,"site-sidebar-layout":"default","site-content-layout":"page-builder","ast-site-content-layout":"","site-content-style":"default","site-sidebar-style":"default","ast-global-header-display":"","ast-banner-title-visibility":"","ast-main-header-display":"","ast-hfb-above-header-display":"","ast-hfb-below-header-display":"","ast-hfb-mobile-header-display":"","site-post-title":"disabled","ast-breadcrumbs-content":"","ast-featured-img":"","footer-sml-layout":"","theme-transparent-header-meta":"","adv-header-id-meta":"","stick-header-meta":"","header-above-stick-meta":"","header-main-stick-meta":"","header-below-stick-meta":"","astra-migrate-meta-layouts":"default","ast-page-background-enabled":"default","ast-page-background-meta":{"desktop":{"background-color":"","background-image":"","background-repeat":"repeat","background-position":"center center","background-size":"auto","background-attachment":"scroll","background-type":"","background-media":"","overlay-type":"","overlay-color":"","overlay-opacity":"","overlay-gradient":""},"tablet":{"background-color":"","background-image":"","background-repeat":"repeat","background-position":"center center","background-size":"auto","background-attachment":"scroll","background-type":"","background-media":"","overlay-type":"","overlay-color":"","overlay-opacity":"","overlay-gradient":""},"mobile":{"background-color":"","background-image":"","background-repeat":"repeat","background-position":"center center","background-size":"auto","background-attachment":"scroll","background-type":"","background-media":"","overlay-type":"","overlay-color":"","overlay-opacity":"","overlay-gradient":""}},"ast-content-background-meta":{"desktop":{"background-color":"var(--ast-global-color-5)","background-image":"","background-repeat":"repeat","background-position":"center center","background-size":"auto","background-attachment":"scroll","background-type":"","background-media":"","overlay-type":"","overlay-color":"","overlay-opacity":"","overlay-gradient":""},"tablet":{"background-color":"var(--ast-global-color-5)","background-image":"","background-repeat":"repeat","background-position":"center center","background-size":"auto","background-attachment":"scroll","background-type":"","background-media":"","overlay-type":"","overlay-color":"","overlay-opacity":"","overlay-gradient":""},"mobile":{"background-color":"var(--ast-global-color-5)","background-image":"","background-repeat":"repeat","background-position":"center center","background-size":"auto","background-attachment":"scroll","background-type":"","background-media":"","overlay-type":"","overlay-color":"","overlay-opacity":"","overlay-gradient":""}},"footnotes":""},"class_list":["post-4899","page","type-page","status-publish","hentry"],"_links":{"self":[{"href":"https:\/\/dropshippingb2b.com\/cs\/wp-json\/wp\/v2\/pages\/4899","targetHints":{"allow":["GET"]}}],"collection":[{"href":"https:\/\/dropshippingb2b.com\/cs\/wp-json\/wp\/v2\/pages"}],"about":[{"href":"https:\/\/dropshippingb2b.com\/cs\/wp-json\/wp\/v2\/types\/page"}],"author":[{"embeddable":true,"href":"https:\/\/dropshippingb2b.com\/cs\/wp-json\/wp\/v2\/users\/1"}],"replies":[{"embeddable":true,"href":"https:\/\/dropshippingb2b.com\/cs\/wp-json\/wp\/v2\/comments?post=4899"}],"version-history":[{"count":2,"href":"https:\/\/dropshippingb2b.com\/cs\/wp-json\/wp\/v2\/pages\/4899\/revisions"}],"predecessor-version":[{"id":5600,"href":"https:\/\/dropshippingb2b.com\/cs\/wp-json\/wp\/v2\/pages\/4899\/revisions\/5600"}],"wp:attachment":[{"href":"https:\/\/dropshippingb2b.com\/cs\/wp-json\/wp\/v2\/media?parent=4899"}],"curies":[{"name":"wp","href":"https:\/\/api.w.org\/{rel}","templated":true}]}}