{"id":3666,"date":"2022-09-22T00:47:57","date_gmt":"2022-09-22T00:47:57","guid":{"rendered":"https:\/\/dsb2b.assemblyweb.net\/?page_id=3666"},"modified":"2022-10-12T04:22:09","modified_gmt":"2022-10-12T04:22:09","slug":"faq","status":"publish","type":"page","link":"https:\/\/dropshippingb2b.com\/cs\/faq","title":{"rendered":"FAQ"},"content":{"rendered":"\n<div class=\"wp-block-cover alignfull\" style=\"min-height:350px;aspect-ratio:unset;\"><span aria-hidden=\"true\" class=\"wp-block-cover__background has-u-002-du-002-dast-global-color-0-background-color has-background-dim-0 has-background-dim\"><\/span><img loading=\"lazy\" decoding=\"async\" width=\"1200\" height=\"1600\" class=\"wp-block-cover__image-background wp-image-2834\" alt=\"\" src=\"https:\/\/dropshippingb2b.com\/wp-content\/uploads\/2022\/01\/wwtech-portada-duotone.jpg\" data-object-fit=\"cover\" srcset=\"https:\/\/dropshippingb2b.com\/wp-content\/uploads\/2022\/01\/wwtech-portada-duotone.jpg 1200w, https:\/\/dropshippingb2b.com\/wp-content\/uploads\/2022\/01\/wwtech-portada-duotone-225x300.jpg 225w, https:\/\/dropshippingb2b.com\/wp-content\/uploads\/2022\/01\/wwtech-portada-duotone-768x1024.jpg 768w, https:\/\/dropshippingb2b.com\/wp-content\/uploads\/2022\/01\/wwtech-portada-duotone-1152x1536.jpg 1152w, https:\/\/dropshippingb2b.com\/wp-content\/uploads\/2022\/01\/wwtech-portada-duotone-300x400.jpg 300w\" sizes=\"auto, (max-width: 1200px) 100vw, 1200px\" \/><div class=\"wp-block-cover__inner-container is-layout-flow wp-block-cover-is-layout-flow\">\n<div class=\"inherit-container-width wp-block-group is-layout-constrained wp-block-group-is-layout-constrained\"><div class=\"wp-block-group__inner-container\">\n<h2 class=\"has-text-align-left has-white-color has-text-color wp-block-heading\"><strong>\u010cast\u00e9 dotazy<\/strong><\/h2>\n<\/div><\/div>\n<\/div><\/div>\n\n\n\n<div class=\"inherit-container-width wp-block-group alignfull has-background is-layout-constrained wp-block-group-is-layout-constrained\" style=\"background-color:#fafafa\"><div class=\"wp-block-group__inner-container\">\n<div class=\"inherit-container-width wp-block-group mt--50 has-background is-layout-constrained wp-block-group-is-layout-constrained\" style=\"background-color:#ffffff\"><div class=\"wp-block-group__inner-container\">\n<div class=\"wp-block-columns is-layout-flex wp-container-core-columns-is-layout-1 wp-block-columns-is-layout-flex\">\n<div class=\"wp-block-column is-layout-flow wp-block-column-is-layout-flow\">\n<div class=\"wp-block-pb-accordion-item c-accordion__item js-accordion-item no-js\" data-initially-open=\"false\" data-click-to-close=\"true\" data-auto-close=\"true\" data-scroll=\"false\" data-scroll-offset=\"0\"><h2 id=\"at-36660\" class=\"c-accordion__title js-accordion-controller\" role=\"button\"><strong>JAK FUNGUJE INTEGRACE KATALOGU PRODUKT\u016e?<\/strong><\/h2><div id=\"ac-36660\" class=\"c-accordion__content\">\n<p>Katalog produkt\u016f (datov\u00fd tok), kter\u00fd p\u0159ed\u00e1v\u00e1me, je standardn\u00ed a lze jej tedy integrovat s jak\u00fdmkoli syst\u00e9mem vytvo\u0159en\u00edm rozhran\u00ed.<br>Je k dispozici ve 4 form\u00e1tech: statick\u00fd soubor (CSV, XML, JSON) aktualizovan\u00fd na\u0161imi syst\u00e9my ka\u017ed\u00e9 2 hodiny; LVE stream (API) aktualizov\u00e1n v re\u00e1ln\u00e9m \u010dase<br>Obecn\u011b doporu\u010dujeme na\u0161im z\u00e1kazn\u00edk\u016fm, aby se spol\u00e9hali na IT pracovn\u00edky v jejich spole\u010dnosti nebo v\u00fdvoj\u00e1\u0159e, kter\u00fd vytvo\u0159il web, proto\u017ee ka\u017ed\u00fd syst\u00e9m m\u00e1 sv\u00e9 vlastn\u00ed funkce.<\/p>\n\n\n\n<div class=\"wp-block-buttons is-layout-flex wp-block-buttons-is-layout-flex\">\n<div class=\"wp-block-button is-style-fill\"><a class=\"wp-block-button__link\" href=\"\/cs\/datovy-tok\">Zde jsou v\u0161echny informace o tom<\/a><\/div>\n<\/div>\n<\/div><\/div>\n\n\n\n<div class=\"wp-block-pb-accordion-item c-accordion__item js-accordion-item no-js\" data-initially-open=\"false\" data-click-to-close=\"true\" data-auto-close=\"true\" data-scroll=\"false\" data-scroll-offset=\"0\"><h2 id=\"at-36661\" class=\"c-accordion__title js-accordion-controller\" role=\"button\">JAK\u00c9 JSOU N\u00c1KLADY NA DOPRAVU?<\/h2><div id=\"ac-36661\" class=\"c-accordion__content\">\n<p>P\u0159ihl\u00e1\u0161en\u00edm k p\u0159edplatn\u00e9mu <strong>DROPSHIPPING <\/strong>m\u016f\u017eete vyu\u017e\u00edt slu\u017ebu nazvanou \u201eNa kl\u00ed\u010d\u201c, jej\u00edm\u017e prost\u0159ednictv\u00edm jsou z\u00e1silky odes\u00edl\u00e1ny jm\u00e9nem a na \u00fa\u010det prodejce, ale pomoc\u00ed na\u0161ich kur\u00fdrn\u00edch k\u00f3d\u016f.<br>T\u00edmto zp\u016fsobem m\u016f\u017eete vyu\u017e\u00edt pevn\u00e9 sazby t\u00fdkaj\u00edc\u00ed se n\u00e1klad\u016f na p\u0159epravu a logistick\u00e9 zpracov\u00e1n\u00ed bal\u00edk\u016f.<\/p>\n\n\n\n<div class=\"wp-block-buttons is-layout-flex wp-block-buttons-is-layout-flex\">\n<div class=\"wp-block-button is-style-fill\"><a class=\"wp-block-button__link\" href=\"\/cs\/logistika\">Zde jsou v\u0161echny informace o tom<\/a><\/div>\n<\/div>\n<\/div><\/div>\n\n\n\n<div class=\"wp-block-pb-accordion-item c-accordion__item js-accordion-item no-js\" data-initially-open=\"false\" data-click-to-close=\"true\" data-auto-close=\"true\" data-scroll=\"false\" data-scroll-offset=\"0\"><h2 id=\"at-36662\" class=\"c-accordion__title js-accordion-controller\" role=\"button\">MUS\u00cdM SE P\u0158IHL\u00c1SIT K P\u0158EDPLATN\u00c9MU, ABYCH S V\u00c1MI PR\u00c1CE?<\/h2><div id=\"ac-36662\" class=\"c-accordion__content\">\n<p>Ano, existuj\u00ed dva typy p\u0159edplatn\u00e9ho: <strong>DATA FLOW<\/strong> a <strong>DROPSHIPPING<\/strong><br>Oba v\u00e1m umo\u017e\u0148uj\u00ed p\u0159\u00edstup do katalogu produkt\u016f, ale:<\/p>\n\n\n\n<ul class=\"wp-block-list\"><li>se slu\u017ebou <strong>DATA FLOW<\/strong> vstoup\u00edte na velkoobchodn\u00ed port\u00e1l a zad\u00e1te B2B objedn\u00e1vku sest\u00e1vaj\u00edc\u00ed ze v\u0161ech polo\u017eek, kter\u00e9 pot\u0159ebujete; zbo\u017e\u00ed je expedov\u00e1no do skladu z\u00e1kazn\u00edka a odtud bude p\u0159esm\u011brov\u00e1no ke koncov\u00fdm u\u017eivatel\u016fm<\/li><\/ul>\n\n\n\n<ul class=\"wp-block-list\"><li>s p\u0159edplatn\u00fdm <strong>DROPSHIPPING <\/strong>z\u00edsk\u00e1te p\u0159\u00edstup k online softwaru, kter\u00fd jsme vyvinuli (tzv. DROPSHIPPING PLATFORM), kter\u00fd v\u00e1m umo\u017e\u0148uje zadat jednu velkoobchodn\u00ed objedn\u00e1vku s tolika dodac\u00edmi adresami, kolik je polo\u017eek zakoupen\u00fdch v r\u00e1mci objedn\u00e1vky; ka\u017ed\u00fd jednotliv\u00fd produkt bude zasl\u00e1n koncov\u00e9mu u\u017eivateli p\u0159\u00edmo z extern\u00ed logistiky, se kterou spolupracujeme.<\/li><\/ul>\n\n\n\n<div class=\"wp-block-buttons is-layout-flex wp-block-buttons-is-layout-flex\">\n<div class=\"wp-block-button is-style-fill\"><a class=\"wp-block-button__link\" href=\"\/cs\/nase-sluzby\">Zde jsou v\u0161echny informace o tom<\/a><\/div>\n<\/div>\n\n\n\n<p>Jedn\u00edm z nejd\u016fle\u017eit\u011bj\u0161\u00edch aspekt\u016f je bezplatn\u00e1 slu\u017eba: dosa\u017een\u00edm p\u0159edem stanoven\u00e9ho minim\u00e1ln\u00edho obratu b\u011bhem p\u0159edplatitelsk\u00e9ho \u010dtvrtlet\u00ed je na zakoupen\u00e9 zbo\u017e\u00ed vystaven dobropis ve stejn\u00e9 v\u00fd\u0161i, jako jsou n\u00e1klady na slu\u017ebu.<\/p>\n<\/div><\/div>\n\n\n\n<div class=\"wp-block-buttons is-layout-flex wp-block-buttons-is-layout-flex\"><\/div>\n\n\n\n<p><br><\/p>\n<\/div>\n\n\n\n<div class=\"wp-block-column is-layout-flow wp-block-column-is-layout-flow\">\n<div class=\"wp-block-pb-accordion-item c-accordion__item js-accordion-item no-js\" data-initially-open=\"false\" data-click-to-close=\"true\" data-auto-close=\"true\" data-scroll=\"false\" data-scroll-offset=\"0\"><h2 id=\"at-36663\" class=\"c-accordion__title js-accordion-controller\" role=\"button\"><strong>JAK\u00c9 JSOU DODAC\u00cd DOBY?<\/strong><\/h2><div id=\"ac-36663\" class=\"c-accordion__content\">\n<p>Pokud jde o dodac\u00ed lh\u016fty, ty z\u00e1vis\u00ed na kur\u00fdrech; pou\u017e\u00edv\u00e1me pouze prim\u00e1rn\u00ed kur\u00fdry jako UPS, FedEx, DHL.<br>V\u00edce informac\u00ed je k dispozici na jejich webov\u00fdch str\u00e1nk\u00e1ch.<br>M\u016f\u017eeme zaru\u010dit, jak rychle polo\u017eka opust\u00ed n\u00e1\u0161 sklad; k tomu jsme rozd\u011blili produkty do t\u0159\u00ed kategori\u00ed na z\u00e1klad\u011b na\u010dasov\u00e1n\u00ed pln\u011bn\u00ed:<br><strong>Produkty Rapid <\/strong>(ikona \u010derven\u00e9 rakety na webu &#8211; speed_shipping 2 v datov\u00e9m toku) jsou skladem na na\u0161em sklad\u011b a doba zpracov\u00e1n\u00ed je 24 hodin. P\u0159i p\u0159ijet\u00ed objedn\u00e1vky do 12:00 jsou tyto produkty expedov\u00e1ny je\u0161t\u011b tent\u00fd\u017e den. Procento \u00faniku se rovn\u00e1 100 %;<br><strong>Standardn\u00ed doprava<\/strong>: tyto produkty (modr\u00e1 ikona dod\u00e1vky na webu &#8211; speed_shipping 1 v datov\u00e9m toku) jsou skladem na extern\u00edch skladech a maj\u00ed pr\u016fm\u011brnou dobu zpracov\u00e1n\u00ed 3\/5 pracovn\u00edch dn\u016f; Pr\u016fm\u011brn\u00e1 m\u00edra \u00fanik\u016f se pohybuje kolem 90 %.<br><strong>Pomal\u00e1 doprava<\/strong>: tyto produkty (ikona \u017eelvy &#8211; speed_shipping 0) je t\u0159eba objednat u mate\u0159sk\u00e9 spole\u010dnosti a maj\u00ed dobu zpracov\u00e1n\u00ed 10 pracovn\u00edch dn\u016f. Spln\u011bn\u00ed t\u011bchto produkt\u016f nen\u00ed 100% zaru\u010deno.<\/p>\n\n\n\n<div class=\"wp-block-buttons is-layout-flex wp-block-buttons-is-layout-flex\"><\/div>\n<\/div><\/div>\n\n\n\n<div class=\"wp-block-pb-accordion-item c-accordion__item js-accordion-item no-js\" data-initially-open=\"false\" data-click-to-close=\"true\" data-auto-close=\"true\" data-scroll=\"false\" data-scroll-offset=\"0\"><h2 id=\"at-36664\" class=\"c-accordion__title js-accordion-controller\" role=\"button\"><strong><strong>JAK FUNGUJE VR\u00c1CEN\u00cd?<\/strong><\/strong><\/h2><div id=\"ac-36664\" class=\"c-accordion__content\">\n<p>Je t\u0159eba m\u00edt na pam\u011bti, \u017ee pravidla vracen\u00ed B2B se li\u0161\u00ed od pravidel na trhu B2C.<\/p>\n\n\n\n<div class=\"wp-block-buttons is-layout-flex wp-block-buttons-is-layout-flex\">\n<div class=\"wp-block-button is-style-fill\"><a class=\"wp-block-button__link\" href=\"\/cs\/se-vraci\">Na\u0161e z\u00e1sady vr\u00e1cen\u00ed jsou k dispozici zde<\/a><\/div>\n<\/div>\n<\/div><\/div>\n\n\n\n<div class=\"wp-block-pb-accordion-item c-accordion__item js-accordion-item no-js\" data-initially-open=\"false\" data-click-to-close=\"true\" data-auto-close=\"true\" data-scroll=\"false\" data-scroll-offset=\"0\"><h2 id=\"at-36665\" class=\"c-accordion__title js-accordion-controller\" role=\"button\"><strong><strong>JAK\u00c9 JSOU MANIPULA\u010cN\u00cd N\u00c1KLADY?<\/strong><\/strong><\/h2><div id=\"ac-36665\" class=\"c-accordion__content\">\n<p>Jedn\u00e1 se o n\u00e1klady na spr\u00e1vu aplikovan\u00e9 na v\u0161echny velkoobchodn\u00ed objedn\u00e1vky, jejich\u017e sou\u010det je ni\u017e\u0161\u00ed ne\u017e p\u0159edem stanoven\u00e9 minimum; v na\u0161em p\u0159\u00edpad\u011b je p\u0159edem stanoven\u00e9 minimum \u20ac 300,00 a manipula\u010dn\u00ed n\u00e1klady \u20ac 20,00.<br>P\u0159ihl\u00e1\u0161en\u00edm k p\u0159edplatn\u00e9mu <strong>DATA FLOW<\/strong> jsou tyto n\u00e1klady sn\u00ed\u017eeny o 50%, zat\u00edmco se slu\u017ebou <strong>DROPSHIPPING <\/strong>o 100%.<\/p>\n\n\n\n<div class=\"wp-block-buttons is-layout-flex wp-block-buttons-is-layout-flex\"><\/div>\n<\/div><\/div>\n<\/div>\n<\/div>\n<\/div><\/div>\n<\/div><\/div>\n\n\n\n<div class=\"inherit-container-width wp-block-group alignfull has-background is-layout-constrained wp-block-group-is-layout-constrained\" style=\"background-color:#fae4d6\"><div class=\"wp-block-group__inner-container\">\n<h3 class=\"has-text-align-center wp-block-heading\">ST\u00c1LE POCHYBNOSTI?<\/h3>\n\n\n\n<p class=\"has-text-align-center\">Pod\u00edvejte se na \u010dasto kladen\u00e9 ot\u00e1zky nebo si promluvte s jedn\u00edm z n\u00e1s<\/p>\n\n\n\n<div class=\"wp-block-columns is-layout-flex wp-container-core-columns-is-layout-2 wp-block-columns-is-layout-flex\">\n<div class=\"wp-block-column is-vertically-aligned-center is-layout-flow wp-block-column-is-layout-flow\">\n<div class=\"wp-block-buttons is-horizontal is-content-justification-center is-layout-flex wp-container-core-buttons-is-layout-8 wp-block-buttons-is-layout-flex\">\n<div class=\"wp-block-button is-style-fill\"><a class=\"wp-block-button__link\" href=\"\/cz\/kontakt\">KONTAKTUJTE N\u00c1S<\/a><\/div>\n<\/div>\n<\/div>\n<\/div>\n<\/div><\/div>\n","protected":false},"excerpt":{"rendered":"<p>ST\u00c1LE POCHYBNOSTI? Pod\u00edvejte se na \u010dasto kladen\u00e9 ot\u00e1zky nebo si promluvte s jedn\u00edm z n\u00e1s<\/p>\n","protected":false},"author":1,"featured_media":0,"parent":0,"menu_order":0,"comment_status":"closed","ping_status":"closed","template":"","meta":{"inline_featured_image":false,"site-sidebar-layout":"default","site-content-layout":"plain-container","ast-site-content-layout":"","site-content-style":"default","site-sidebar-style":"default","ast-global-header-display":"","ast-banner-title-visibility":"","ast-main-header-display":"","ast-hfb-above-header-display":"","ast-hfb-below-header-display":"","ast-hfb-mobile-header-display":"","site-post-title":"disabled","ast-breadcrumbs-content":"","ast-featured-img":"","footer-sml-layout":"","theme-transparent-header-meta":"default","adv-header-id-meta":"","stick-header-meta":"","header-above-stick-meta":"","header-main-stick-meta":"","header-below-stick-meta":"","astra-migrate-meta-layouts":"default","ast-page-background-enabled":"default","ast-page-background-meta":{"desktop":{"background-color":"","background-image":"","background-repeat":"repeat","background-position":"center center","background-size":"auto","background-attachment":"scroll","background-type":"","background-media":"","overlay-type":"","overlay-color":"","overlay-opacity":"","overlay-gradient":""},"tablet":{"background-color":"","background-image":"","background-repeat":"repeat","background-position":"center center","background-size":"auto","background-attachment":"scroll","background-type":"","background-media":"","overlay-type":"","overlay-color":"","overlay-opacity":"","overlay-gradient":""},"mobile":{"background-color":"","background-image":"","background-repeat":"repeat","background-position":"center center","background-size":"auto","background-attachment":"scroll","background-type":"","background-media":"","overlay-type":"","overlay-color":"","overlay-opacity":"","overlay-gradient":""}},"ast-content-background-meta":{"desktop":{"background-color":"var(--ast-global-color-5)","background-image":"","background-repeat":"repeat","background-position":"center center","background-size":"auto","background-attachment":"scroll","background-type":"","background-media":"","overlay-type":"","overlay-color":"","overlay-opacity":"","overlay-gradient":""},"tablet":{"background-color":"var(--ast-global-color-5)","background-image":"","background-repeat":"repeat","background-position":"center center","background-size":"auto","background-attachment":"scroll","background-type":"","background-media":"","overlay-type":"","overlay-color":"","overlay-opacity":"","overlay-gradient":""},"mobile":{"background-color":"var(--ast-global-color-5)","background-image":"","background-repeat":"repeat","background-position":"center center","background-size":"auto","background-attachment":"scroll","background-type":"","background-media":"","overlay-type":"","overlay-color":"","overlay-opacity":"","overlay-gradient":""}},"footnotes":""},"class_list":["post-3666","page","type-page","status-publish","hentry"],"_links":{"self":[{"href":"https:\/\/dropshippingb2b.com\/cs\/wp-json\/wp\/v2\/pages\/3666","targetHints":{"allow":["GET"]}}],"collection":[{"href":"https:\/\/dropshippingb2b.com\/cs\/wp-json\/wp\/v2\/pages"}],"about":[{"href":"https:\/\/dropshippingb2b.com\/cs\/wp-json\/wp\/v2\/types\/page"}],"author":[{"embeddable":true,"href":"https:\/\/dropshippingb2b.com\/cs\/wp-json\/wp\/v2\/users\/1"}],"replies":[{"embeddable":true,"href":"https:\/\/dropshippingb2b.com\/cs\/wp-json\/wp\/v2\/comments?post=3666"}],"version-history":[{"count":5,"href":"https:\/\/dropshippingb2b.com\/cs\/wp-json\/wp\/v2\/pages\/3666\/revisions"}],"predecessor-version":[{"id":6053,"href":"https:\/\/dropshippingb2b.com\/cs\/wp-json\/wp\/v2\/pages\/3666\/revisions\/6053"}],"wp:attachment":[{"href":"https:\/\/dropshippingb2b.com\/cs\/wp-json\/wp\/v2\/media?parent=3666"}],"curies":[{"name":"wp","href":"https:\/\/api.w.org\/{rel}","templated":true}]}}