{"id":2043,"date":"2021-07-16T19:14:59","date_gmt":"2021-07-16T19:14:59","guid":{"rendered":"https:\/\/dsb2b.assemblyweb.net\/contact-us"},"modified":"2022-10-25T07:39:33","modified_gmt":"2022-10-25T07:39:33","slug":"kontakt","status":"publish","type":"page","link":"https:\/\/dropshippingb2b.com\/cs\/kontakt","title":{"rendered":"Kontakt"},"content":{"rendered":"\n<div class=\"wp-block-cover alignfull is-light\" style=\"min-height:350px;aspect-ratio:unset;\"><span aria-hidden=\"true\" class=\"wp-block-cover__background has-u-002-du-002-dast-global-color-0-background-color has-background-dim-0 has-background-dim\"><\/span><img loading=\"lazy\" decoding=\"async\" width=\"1200\" height=\"1600\" class=\"wp-block-cover__image-background wp-image-2834\" alt=\"\" src=\"https:\/\/dropshippingb2b.com\/wp-content\/uploads\/2022\/01\/wwtech-portada-duotone.jpg\" data-object-fit=\"cover\" srcset=\"https:\/\/dropshippingb2b.com\/wp-content\/uploads\/2022\/01\/wwtech-portada-duotone.jpg 1200w, https:\/\/dropshippingb2b.com\/wp-content\/uploads\/2022\/01\/wwtech-portada-duotone-225x300.jpg 225w, https:\/\/dropshippingb2b.com\/wp-content\/uploads\/2022\/01\/wwtech-portada-duotone-768x1024.jpg 768w, https:\/\/dropshippingb2b.com\/wp-content\/uploads\/2022\/01\/wwtech-portada-duotone-1152x1536.jpg 1152w, https:\/\/dropshippingb2b.com\/wp-content\/uploads\/2022\/01\/wwtech-portada-duotone-300x400.jpg 300w\" sizes=\"auto, (max-width: 1200px) 100vw, 1200px\" \/><div class=\"wp-block-cover__inner-container is-layout-flow wp-block-cover-is-layout-flow\">\n<div class=\"inherit-container-width wp-block-group is-layout-constrained wp-block-group-is-layout-constrained\"><div class=\"wp-block-group__inner-container\">\n<h2 class=\"has-text-align-left has-white-color has-text-color wp-block-heading\"><strong>Kontakt<\/strong><\/h2>\n<\/div><\/div>\n<\/div><\/div>\n\n\n\n<div class=\"inherit-container-width wp-block-group alignfull has-background is-layout-constrained wp-block-group-is-layout-constrained\" style=\"background-color:#fafafa\"><div class=\"wp-block-group__inner-container\">\n<div class=\"inherit-container-width wp-block-group mt--50 has-background is-layout-constrained wp-block-group-is-layout-constrained\" style=\"background-color:#ffffff\"><div class=\"wp-block-group__inner-container\">\n<div class=\"wp-block-columns is-layout-flex wp-container-core-columns-is-layout-1 wp-block-columns-is-layout-flex\">\n<div class=\"wp-block-column is-layout-flow wp-block-column-is-layout-flow\"><\/div>\n\n\n\n<div class=\"wp-block-column is-layout-flow wp-block-column-is-layout-flow\">\n<h4 class=\"wp-block-heading\">Kontakty<\/h4>\n\n\n\n<p>+39-02-87.15.68.53 Internovat 4<br>Slu\u017eby z\u00e1kazn\u00edk\u016fm<\/p>\n\n\n\n<h4 class=\"wp-block-heading\">Skype<\/h4>\n\n\n\n<p>dropshipping.wwtech<\/p>\n\n\n\n<h4 class=\"wp-block-heading\">Na\u0161e e-maily<\/h4>\n\n\n\n<p><a href=\"mailto:dropshipping@wwt.it\" target=\"_blank\" rel=\"noreferrer noopener\">dropshipping@wwt.it<\/a><br><a href=\"mailto:dropshipping2@wwt.it\" target=\"_blank\" rel=\"noreferrer noopener\">dropshipping2@wwt.it<\/a><\/p>\n<\/div>\n\n\n\n<div class=\"wp-block-column is-layout-flow wp-block-column-is-layout-flow\">\n<h4 class=\"wp-block-heading\">Registrovan\u00e1 kancel\u00e1\u0159<\/h4>\n\n\n\n<p>WWTech s.r.l. Via Roncaglia, 14 20146 Milano (MI) \u2013 ITALIA <br>P. IVA 08720940967 | REA MI-2044511<\/p>\n\n\n\n<h4 class=\"wp-block-heading\">Hlavn\u00ed s\u00eddlo<\/h4>\n\n\n\n<p>WWTech s.r.l. c\/o\u00a0<img decoding=\"async\" class=\"footer-sellalab\" src=\"https:\/\/dropshippingb2b.com\/wp-content\/uploads\/2022\/09\/logo-sellalab-nuovo-positivo.png\" alt=\"\"><br>Via Corradino Sella, 10 <br>13900 Biella (BI) \u2013 ITALIA <br>www.sellalab.net<\/p>\n\n\n\n<h4 class=\"wp-block-heading\">Hodiny<\/h4>\n\n\n\n<p>9.00 &#8211; 13.00<br>14.00 &#8211; 18.00 CET pond\u011bl\u00ed \/ p\u00e1tek<\/p>\n<\/div>\n<\/div>\n\n\n\n<div class=\"wp-block-columns is-layout-flex wp-container-core-columns-is-layout-2 wp-block-columns-is-layout-flex\">\n<div class=\"wp-block-column is-vertically-aligned-center is-layout-flow wp-block-column-is-layout-flow\">\n<iframe src=\"https:\/\/www.google.com\/maps\/embed?pb=!1m18!1m12!1m3!1d35182.06034632223!2d8.051698446651104!3d45.57229153303953!2m3!1f0!2f0!3f0!3m2!1i1024!2i768!4f13.1!3m3!1m2!1s0x478620e351890a8b%3A0xc97075872de0b51!2sSellalab%20-%20Biella!5e0!3m2!1sit!2sar!4v1641935324119!5m2!1sit!2sar\" width=\"100%\" height=\"450\" style=\"border:0;\" allowfullscreen=\"\" loading=\"lazy\"><\/iframe>\n<\/div>\n<\/div>\n<\/div><\/div>\n<\/div><\/div>\n","protected":false},"excerpt":{"rendered":"<p>Kontakty +39-02-87.15.68.53 Internovat 4Slu\u017eby z\u00e1kazn\u00edk\u016fm Skype dropshipping.wwtech Na\u0161e e-maily dropshipping@wwt.itdropshipping2@wwt.it Registrovan\u00e1 kancel\u00e1\u0159 WWTech s.r.l. Via Roncaglia, 14 20146 Milano (MI) \u2013 ITALIA P. IVA 08720940967 | REA MI-2044511 Hlavn\u00ed s\u00eddlo WWTech s.r.l. c\/o\u00a0Via Corradino Sella, 10 13900 Biella (BI) \u2013 ITALIA www.sellalab.net Hodiny 9.00 &#8211; 13.0014.00 &#8211; 18.00 CET pond\u011bl\u00ed \/ p\u00e1tek<\/p>\n","protected":false},"author":1,"featured_media":0,"parent":0,"menu_order":0,"comment_status":"closed","ping_status":"closed","template":"","meta":{"inline_featured_image":false,"site-sidebar-layout":"default","site-content-layout":"plain-container","ast-site-content-layout":"","site-content-style":"default","site-sidebar-style":"default","ast-global-header-display":"","ast-banner-title-visibility":"","ast-main-header-display":"","ast-hfb-above-header-display":"","ast-hfb-below-header-display":"","ast-hfb-mobile-header-display":"","site-post-title":"disabled","ast-breadcrumbs-content":"","ast-featured-img":"","footer-sml-layout":"","theme-transparent-header-meta":"default","adv-header-id-meta":"","stick-header-meta":"","header-above-stick-meta":"","header-main-stick-meta":"","header-below-stick-meta":"","astra-migrate-meta-layouts":"default","ast-page-background-enabled":"default","ast-page-background-meta":{"desktop":{"background-color":"","background-image":"","background-repeat":"repeat","background-position":"center center","background-size":"auto","background-attachment":"scroll","background-type":"","background-media":"","overlay-type":"","overlay-color":"","overlay-opacity":"","overlay-gradient":""},"tablet":{"background-color":"","background-image":"","background-repeat":"repeat","background-position":"center center","background-size":"auto","background-attachment":"scroll","background-type":"","background-media":"","overlay-type":"","overlay-color":"","overlay-opacity":"","overlay-gradient":""},"mobile":{"background-color":"","background-image":"","background-repeat":"repeat","background-position":"center center","background-size":"auto","background-attachment":"scroll","background-type":"","background-media":"","overlay-type":"","overlay-color":"","overlay-opacity":"","overlay-gradient":""}},"ast-content-background-meta":{"desktop":{"background-color":"var(--ast-global-color-5)","background-image":"","background-repeat":"repeat","background-position":"center center","background-size":"auto","background-attachment":"scroll","background-type":"","background-media":"","overlay-type":"","overlay-color":"","overlay-opacity":"","overlay-gradient":""},"tablet":{"background-color":"var(--ast-global-color-5)","background-image":"","background-repeat":"repeat","background-position":"center center","background-size":"auto","background-attachment":"scroll","background-type":"","background-media":"","overlay-type":"","overlay-color":"","overlay-opacity":"","overlay-gradient":""},"mobile":{"background-color":"var(--ast-global-color-5)","background-image":"","background-repeat":"repeat","background-position":"center center","background-size":"auto","background-attachment":"scroll","background-type":"","background-media":"","overlay-type":"","overlay-color":"","overlay-opacity":"","overlay-gradient":""}},"footnotes":""},"class_list":["post-2043","page","type-page","status-publish","hentry"],"_links":{"self":[{"href":"https:\/\/dropshippingb2b.com\/cs\/wp-json\/wp\/v2\/pages\/2043","targetHints":{"allow":["GET"]}}],"collection":[{"href":"https:\/\/dropshippingb2b.com\/cs\/wp-json\/wp\/v2\/pages"}],"about":[{"href":"https:\/\/dropshippingb2b.com\/cs\/wp-json\/wp\/v2\/types\/page"}],"author":[{"embeddable":true,"href":"https:\/\/dropshippingb2b.com\/cs\/wp-json\/wp\/v2\/users\/1"}],"replies":[{"embeddable":true,"href":"https:\/\/dropshippingb2b.com\/cs\/wp-json\/wp\/v2\/comments?post=2043"}],"version-history":[{"count":18,"href":"https:\/\/dropshippingb2b.com\/cs\/wp-json\/wp\/v2\/pages\/2043\/revisions"}],"predecessor-version":[{"id":6386,"href":"https:\/\/dropshippingb2b.com\/cs\/wp-json\/wp\/v2\/pages\/2043\/revisions\/6386"}],"wp:attachment":[{"href":"https:\/\/dropshippingb2b.com\/cs\/wp-json\/wp\/v2\/media?parent=2043"}],"curies":[{"name":"wp","href":"https:\/\/api.w.org\/{rel}","templated":true}]}}