{"id":1446,"date":"2021-07-14T21:42:39","date_gmt":"2021-07-14T21:42:39","guid":{"rendered":"https:\/\/dsb2b.assemblyweb.net\/logistics"},"modified":"2026-02-20T17:25:28","modified_gmt":"2026-02-20T16:25:28","slug":"logistika","status":"publish","type":"page","link":"https:\/\/dropshippingb2b.com\/cs\/logistika","title":{"rendered":"Logistika"},"content":{"rendered":"\n<div class=\"wp-block-cover alignfull\" style=\"min-height:350px;aspect-ratio:unset;\"><span aria-hidden=\"true\" class=\"wp-block-cover__background has-background-dim-0 has-background-dim\" style=\"background-color:#000000\"><\/span><img loading=\"lazy\" decoding=\"async\" width=\"1200\" height=\"1600\" class=\"wp-block-cover__image-background wp-image-2834\" alt=\"\" src=\"https:\/\/dropshippingb2b.com\/wp-content\/uploads\/2022\/01\/wwtech-portada-duotone.jpg\" data-object-fit=\"cover\" srcset=\"https:\/\/dropshippingb2b.com\/wp-content\/uploads\/2022\/01\/wwtech-portada-duotone.jpg 1200w, https:\/\/dropshippingb2b.com\/wp-content\/uploads\/2022\/01\/wwtech-portada-duotone-225x300.jpg 225w, https:\/\/dropshippingb2b.com\/wp-content\/uploads\/2022\/01\/wwtech-portada-duotone-768x1024.jpg 768w, https:\/\/dropshippingb2b.com\/wp-content\/uploads\/2022\/01\/wwtech-portada-duotone-1152x1536.jpg 1152w, https:\/\/dropshippingb2b.com\/wp-content\/uploads\/2022\/01\/wwtech-portada-duotone-300x400.jpg 300w\" sizes=\"auto, (max-width: 1200px) 100vw, 1200px\" \/><div class=\"wp-block-cover__inner-container is-layout-flow wp-block-cover-is-layout-flow\">\n<h2 class=\"wp-block-heading alignwide has-text-color\" style=\"color:#ffffff\">Logistika a p\u0159eprava<\/h2>\n<\/div><\/div>\n\n\n\n<div class=\"inherit-container-width wp-block-group alignfull has-background is-layout-constrained wp-block-group-is-layout-constrained\" style=\"background-color:#f6f6f6\"><div class=\"wp-block-group__inner-container\">\n<div class=\"inherit-container-width wp-block-group mt--50 has-background is-layout-constrained wp-block-group-is-layout-constrained\" style=\"background-color:#ffffff\"><div class=\"wp-block-group__inner-container\">\n<p>S na\u0161\u00edm<strong> &#8222;Slu\u017ebou na kl\u00ed\u010d&#8220;<\/strong> p\u0159iprav\u00edme a ode\u0161leme polo\u017eky Logistics p\u0159\u00edmo va\u0161im kone\u010dn\u00fdm z\u00e1kazn\u00edk\u016fm. Tato mo\u017enost zahrnuje logistiku a odesl\u00e1n\u00ed jedn\u00edm z na\u0161ich kur\u00fdr\u016f (FeDex, DHL, UPS).<\/p>\n\n\n\n<p>N\u00e1klady na &#8222;slu\u017ebu na kl\u00ed\u010d&#8220;:<\/p>\n\n\n\n<figure class=\"wp-block-table\"><table><tbody><tr><td><strong><strong>DESTINATION<\/strong><\/strong><\/td><td><strong><strong>COST<\/strong><\/strong><\/td><td><strong><strong>COURIER<\/strong><\/strong><\/td><\/tr><tr><td>It\u00e1lie<\/td><td>(6,50\u20ac + 3,90\u20ac) 10,40\u20ac<\/td><td>DHL \u2013 GLS &#8211; TNT<\/td><\/tr><tr><td>Z\u00e1padn\u00ed EU (AT, BE, DE, DK, ES, FI, FR, GR, IE, LU, NL, PT, SE)<\/td><td>(12,50\u20ac + 3,90\u20ac) 16,40\u20ac<\/td><td>DHL \u2013 FedEx<br>UPS &#8211; GLS<\/td><\/tr><tr><td>V\u00fdchodn\u00ed EU (BG, CY, CZ, EE, HR, HU, LT, LV, MT, PL, RO, SK, SI)<\/td><td>(14,00\u20ac + 3,90\u20ac) 17,90\u20ac<\/td><td>DHL \u2013 FedEx<br>UPS &#8211; GLS<\/td><\/tr><tr><td>USA\/Kanada + evropsk\u00e9 zem\u011b NEZAHRNUT\u00c9 do EU (AD, CH, GB, GI, IS, LI, NO)&nbsp;<\/td><td>(17,00\u20ac + 4,00\u20ac + 3,90\u20ac) 24,90\u20ac<\/td><td>DHL \u2013 FedEx &#8211; UPS<\/td><\/tr><tr><td>Severn\u00ed Afrika (DZ, EG, LY, MA, TN), st\u0159edn\u00ed v\u00fdchod (AE, KW, OM, QA, SA), Mexiko, Singapur, HK, Japonsko<\/td><td><br>(26,00\u20ac + 4,00\u20ac + 3,90\u20ac) 33,90\u20ac<\/td><td>DHL \u2013 FedEx \u2013 UPS<\/td><\/tr><tr><td>V\u00fdchodoevropsk\u00e9 zem\u011b NEJSOU sou\u010d\u00e1st\u00ed EU (AL, BA, MD, ME, MK, RS, TR, UA, XK)<\/td><td>(29,00\u20ac + 4,00\u20ac + 3,90\u20ac) 36,90\u20ac<\/td><td>DHL \u2013 FedEx \u2013 UPS<\/td><\/tr><tr><td>Zbytek sv\u011bta (s v\u00fdjimkou Rusk\u00e9 federace a B\u011bloruska)<\/td><td>(36,00\u20ac + 4,00\u20ac + 3,90\u20ac) 43,90\u20ac<\/td><td>DHL \u2013 FedEx \u2013 UPS<\/td><\/tr><\/tbody><\/table><\/figure>\n<\/div><\/div>\n\n\n\n<div style=\"height:30px\" aria-hidden=\"true\" class=\"wp-block-spacer\"><\/div>\n\n\n\n<div class=\"inherit-container-width wp-block-group has-background is-layout-constrained wp-block-group-is-layout-constrained\" style=\"background-color:#ffffff\"><div class=\"wp-block-group__inner-container\">\n<h3 class=\"wp-block-heading has-text-align-center\">Standardn\u00ed manipulace<\/h3>\n\n\n\n<p>Logistick\u00e1 manipulace spo\u010d\u00edv\u00e1 v p\u0159\u00edprav\u011b bal\u00edku pro kone\u010dn\u00e9ho z\u00e1kazn\u00edka; Logistika se bude zab\u00fdvat balen\u00edm ka\u017ed\u00e9ho produktu, p\u0159\u00edpravou kur\u00fdra AWB a p\u0159ed\u00e1n\u00edm z\u00e1silky jednomu z na\u0161ich kur\u00fdr\u016f.<\/p>\n\n\n\n<ol class=\"wp-block-list\">\n<li><strong>Balen\u00ed produktu<\/strong> pomoc\u00ed trojit\u00e9 b\u00edl\u00e9 karikatury, v\u00fdb\u011br z r\u016fzn\u00fdch velikost\u00ed sady s prod\u00e1van\u00fdmi produkty, aby se minimalizoval objem a optimalizovaly n\u00e1klady na dopravu;<\/li>\n\n\n\n<li><strong>P\u0159\u00edprava kur\u00fdra AWB<\/strong><\/li>\n\n\n\n<li><strong>Tepeln\u011b tepeln\u011b <\/strong>uzav\u0159en\u00fd ka\u017ed\u00fd bal\u00ed\u010dek<\/li>\n\n\n\n<li><strong>Odevzdejte bal\u00ed\u010dek <\/strong>kur\u00fdrovi.<\/li>\n\n\n\n<li><strong>P\u0159idejte sledovac\u00ed \u010d\u00edslo <\/strong>na platform\u011b dropshipping a zkontrolujte z\u00e1silku<\/li>\n<\/ol>\n\n\n\n<p>Ka\u017ed\u00e1 dal\u0161\u00ed polo\u017eka sm\u011b\u0159uj\u00edc\u00ed do stejn\u00e9ho c\u00edle je <strong>zpoplatn\u011bna 50 %.<\/strong><\/p>\n\n\n\n<div style=\"height:50px\" aria-hidden=\"true\" class=\"wp-block-spacer\"><\/div>\n\n\n\n<p class=\"has-text-align-center has-text-color has-background\" style=\"color:#e5742e;background-color:#fae3d4\"><strong>Krom\u011b standardn\u00edho procesu si m\u016f\u017eete vy\u017e\u00e1dat dal\u0161\u00ed slu\u017eby pro p\u0159izp\u016fsoben\u00ed va\u0161ich z\u00e1silek.<\/strong><\/p>\n\n\n\n<div style=\"height:20px\" aria-hidden=\"true\" class=\"wp-block-spacer\"><\/div>\n\n\n\n<div class=\"wp-block-buttons is-horizontal is-content-justification-center is-layout-flex wp-container-core-buttons-is-layout-1 wp-block-buttons-is-layout-flex\">\n<div class=\"wp-block-button\"><a class=\"wp-block-button__link wp-element-button\" href=\"\/wp-content\/uploads\/2022\/09\/personalized_logistic_options_eng.pdf\" target=\"_blank\" rel=\"noreferrer noopener\">P\u0158IZP\u016eSOBEN\u00c9 MO\u017dNOSTI<\/a><\/div>\n<\/div>\n\n\n\n<div style=\"height:30px\" aria-hidden=\"true\" class=\"wp-block-spacer\"><\/div>\n<\/div><\/div>\n\n\n\n<div style=\"height:30px\" aria-hidden=\"true\" class=\"wp-block-spacer\"><\/div>\n\n\n\n<div class=\"inherit-container-width wp-block-group has-background is-layout-constrained wp-block-group-is-layout-constrained\" style=\"background-color:#ffffff\"><div class=\"wp-block-group__inner-container\">\n<h3 class=\"wp-block-heading has-text-align-center\"><strong>Boxy pou\u017e\u00edvan\u00e9 na\u0161\u00ed logistikou<\/strong><\/h3>\n\n\n\n<figure class=\"wp-block-image aligncenter size-full\"><img loading=\"lazy\" decoding=\"async\" width=\"537\" height=\"612\" src=\"https:\/\/dropshippingb2b.com\/wp-content\/uploads\/2022\/01\/boxbrick.png\" alt=\"\" class=\"wp-image-3327\" srcset=\"https:\/\/dropshippingb2b.com\/wp-content\/uploads\/2022\/01\/boxbrick.png 537w, https:\/\/dropshippingb2b.com\/wp-content\/uploads\/2022\/01\/boxbrick-300x342.png 300w, https:\/\/dropshippingb2b.com\/wp-content\/uploads\/2022\/01\/boxbrick-263x300.png 263w\" sizes=\"auto, (max-width: 537px) 100vw, 537px\" \/><\/figure>\n<\/div><\/div>\n\n\n\n<div style=\"height:30px\" aria-hidden=\"true\" class=\"wp-block-spacer\"><\/div>\n\n\n\n<div class=\"inherit-container-width wp-block-group has-background is-layout-constrained wp-block-group-is-layout-constrained\" style=\"background-color:#ffffff\"><div class=\"wp-block-group__inner-container\">\n<div style=\"height:30px\" aria-hidden=\"true\" class=\"wp-block-spacer\"><\/div>\n\n\n\n<h3 class=\"wp-block-heading has-text-align-center\"><strong>Zde si st\u00e1hn\u011bte p\u0159\u00edklad komunikace, kterou m\u016f\u017eete p\u0159idat do sv\u00fdch bal\u00ed\u010dk\u016f.<\/strong><\/h3>\n\n\n\n<p>Jsou to mal\u00e9 v\u011bci, kter\u00e9 d\u011blaj\u00ed rozd\u00edl: proaktivn\u011b komunikujte se sv\u00fdmi z\u00e1kazn\u00edky a p\u0159edv\u00eddejte jejich pot\u0159eby. Pom\u00e1h\u00e1 budovat loajalitu z\u00e1kazn\u00edk\u016f, zvy\u0161ovat d\u016fv\u011bru, sni\u017eovat v\u00fdnosy, zlep\u0161ovat procento z\u00e1kazn\u00edk\u016f, kte\u0159\u00ed se vracej\u00ed k objedn\u00e1vce od v\u00e1s: sd\u00edl\u00edme na\u0161e odborn\u00e9 znalosti, abychom v\u00e1m pomohli zv\u00fd\u0161it v\u00e1\u0161 v\u00fdkon!<\/p>\n\n\n\n<div class=\"wp-block-buttons is-horizontal is-content-justification-center is-layout-flex wp-container-core-buttons-is-layout-2 wp-block-buttons-is-layout-flex\">\n<div class=\"wp-block-button\"><a class=\"wp-block-button__link wp-element-button\" href=\"https:\/\/dropshippingb2b.com\/wp-content\/uploads\/2024\/04\/dichiarazione-libera-esportazione-inglese-MARZO-2024.pdf\">P\u0158\u00cdKLAD KOMUNIKACE<\/a><\/div>\n<\/div>\n\n\n\n<div style=\"height:20px\" aria-hidden=\"true\" class=\"wp-block-spacer\"><\/div>\n<\/div><\/div>\n\n\n\n<div style=\"height:20px\" aria-hidden=\"true\" class=\"wp-block-spacer\"><\/div>\n\n\n\n<div class=\"inherit-container-width wp-block-group has-background is-layout-constrained wp-block-group-is-layout-constrained\" style=\"background-color:#ffffff\"><div class=\"wp-block-group__inner-container\">\n<div style=\"height:20px\" aria-hidden=\"true\" class=\"wp-block-spacer\"><\/div>\n\n\n\n<h3 class=\"wp-block-heading has-text-align-center\"><strong>St\u00e1hn\u011bte si italsk\u00e9 celn\u00ed prohl\u00e1\u0161en\u00ed po\u017eadovan\u00e9 pro va\u0161e z\u00e1silky mimo EU!<\/strong><\/h3>\n\n\n\n<div class=\"wp-block-buttons is-horizontal is-content-justification-center is-layout-flex wp-container-core-buttons-is-layout-3 wp-block-buttons-is-layout-flex\">\n<div class=\"wp-block-button\"><a class=\"wp-block-button__link wp-element-button\" href=\"https:\/\/dropshippingb2b.com\/wp-content\/uploads\/2024\/04\/ENG-dichiarazione-libera-esportazione-MARZO-2024.pdf\" target=\"_blank\" rel=\"noreferrer noopener\">ST\u00c1HN\u011aTE SI PROHL\u00c1\u0160EN\u00cd<\/a><\/div>\n<\/div>\n\n\n\n<div style=\"height:50px\" aria-hidden=\"true\" class=\"wp-block-spacer\"><\/div>\n\n\n\n<h3 class=\"wp-block-heading has-text-align-center\">Sta\u017een\u00ed dokumentace nutn\u00e9 pro esportazioni v USA<\/h3>\n\n\n\n<div class=\"wp-block-buttons is-horizontal is-content-justification-center is-layout-flex wp-container-core-buttons-is-layout-4 wp-block-buttons-is-layout-flex\">\n<div class=\"wp-block-button\"><a class=\"wp-block-button__link wp-element-button\" href=\"\/wp-content\/uploads\/2022\/09\/drop_ball_usa.pdf\" target=\"_blank\" rel=\"noreferrer noopener\">DROPP BALL (Br\u00fdle)<\/a><\/div>\n\n\n\n<div class=\"wp-block-button is-style-fill\"><a class=\"wp-block-button__link wp-element-button\" href=\"\/wp-content\/uploads\/2022\/09\/breakdown_value_model.pdf\" target=\"_blank\" rel=\"noreferrer noopener\">BREAKDOWN VALUE (Hodinky)<\/a><\/div>\n<\/div>\n\n\n\n<div style=\"height:20px\" aria-hidden=\"true\" class=\"wp-block-spacer\"><\/div>\n<\/div><\/div>\n\n\n\n<div style=\"height:30px\" aria-hidden=\"true\" class=\"wp-block-spacer\"><\/div>\n\n\n\n<div class=\"wp-block-media-text alignwide has-media-on-the-right is-stacked-on-mobile is-image-fill-element has-background\" style=\"background-color:#ffffff;grid-template-columns:auto 29%\"><div class=\"wp-block-media-text__content\">\n<p>Alternativn\u011b k bal\u00edku \u201ena kl\u00ed\u010d\u201c si m\u016f\u017eete domluvit zpracov\u00e1n\u00ed sv\u00fdch objedn\u00e1vek p\u0159\u00edmo s Logistics a p\u0159i kone\u010dn\u00e9 z\u00e1silce se spolehnout na sv\u00e9ho d\u016fv\u011bryhodn\u00e9ho kur\u00fdra. Toto \u0159e\u0161en\u00ed m\u016f\u017ee b\u00fdt platn\u00e9 pro prodejce s velk\u00fdmi objemy a zv\u00fdhodn\u011bn\u00fdmi cenami.<\/p>\n\n\n\n<p class=\"mt-0\">Na\u0161i logistiku \u0159\u00edd\u00ed:<\/p>\n\n\n\n<figure class=\"wp-block-image size-large is-resized\"><img loading=\"lazy\" decoding=\"async\" width=\"1024\" height=\"180\" src=\"https:\/\/dropshippingb2b.com\/wp-content\/uploads\/2022\/11\/logo-dd-8-1024x180.png\" alt=\"\" class=\"wp-image-6811\" style=\"width:450px;height:90px\" srcset=\"https:\/\/dropshippingb2b.com\/wp-content\/uploads\/2022\/11\/logo-dd-8-1024x180.png 1024w, https:\/\/dropshippingb2b.com\/wp-content\/uploads\/2022\/11\/logo-dd-8-300x53.png 300w, https:\/\/dropshippingb2b.com\/wp-content\/uploads\/2022\/11\/logo-dd-8-768x135.png 768w, https:\/\/dropshippingb2b.com\/wp-content\/uploads\/2022\/11\/logo-dd-8-1536x271.png 1536w, https:\/\/dropshippingb2b.com\/wp-content\/uploads\/2022\/11\/logo-dd-8.png 1720w\" sizes=\"auto, (max-width: 1024px) 100vw, 1024px\" \/><\/figure>\n\n\n\n<p><strong>Autotrasporti Delledonne s.r.l.<\/strong><br>Via Aldo Moro, 10<br>13876 Sandigliano (BI) &#8211; ITALIA<br>P. IVA 00165250028<br>Tel +39 015 2493040<br>Fax +39 015 2493139<br><a href=\"www.delledonne.it\">www.delledonne.it<\/a><\/p>\n<\/div><figure class=\"wp-block-media-text__media\"><img loading=\"lazy\" decoding=\"async\" width=\"232\" height=\"300\" src=\"https:\/\/dropshippingb2b.com\/wp-content\/uploads\/2022\/01\/delledonne-232x300.jpg\" alt=\"\" class=\"wp-image-3339 size-medium\" style=\"object-position:50% 50%\" srcset=\"https:\/\/dropshippingb2b.com\/wp-content\/uploads\/2022\/01\/delledonne-232x300.jpg 232w, https:\/\/dropshippingb2b.com\/wp-content\/uploads\/2022\/01\/delledonne-300x387.jpg 300w, https:\/\/dropshippingb2b.com\/wp-content\/uploads\/2022\/01\/delledonne.jpg 594w\" sizes=\"auto, (max-width: 232px) 100vw, 232px\" \/><\/figure><\/div>\n\n\n\n<div style=\"height:30px\" aria-hidden=\"true\" class=\"wp-block-spacer\"><\/div>\n\n\n\n<div class=\"inherit-container-width wp-block-group has-background is-layout-constrained wp-block-group-is-layout-constrained\" style=\"background-color:#ffffff\"><div class=\"wp-block-group__inner-container\">\n<h3 class=\"wp-block-heading has-text-align-center\">Sklad<\/h3>\n\n\n\n<p>A\u017e 90% produkt\u016f z katalog\u016f jsou u n\u00e1s na sklad\u011b. To n\u00e1m umo\u017e\u0148uje expedovat zbo\u017e\u00ed v nejrychlej\u0161\u00ed mo\u017en\u00e9 dob\u011b, obvykle 3-5 pracovn\u00ed dny.&nbsp;V r\u00e1mci na\u0161\u00ed platformy najdete tak\u00e9 konkr\u00e9tn\u00ed dodac\u00ed lh\u016fty<\/p>\n<\/div><\/div>\n<\/div><\/div>\n\n\n\n<div class=\"inherit-container-width wp-block-group alignfull has-background is-layout-constrained wp-block-group-is-layout-constrained\" style=\"background-color:#fae4d6\"><div class=\"wp-block-group__inner-container\">\n<h3 class=\"has-text-align-center wp-block-heading\">ST\u00c1LE POCHYBNOSTI?<\/h3>\n\n\n\n<p class=\"has-text-align-center\">Pod\u00edvejte se na \u010dasto kladen\u00e9 ot\u00e1zky nebo si promluvte s jedn\u00edm z n\u00e1s<\/p>\n\n\n\n<div class=\"wp-block-columns is-layout-flex wp-container-core-columns-is-layout-1 wp-block-columns-is-layout-flex\">\n<div class=\"wp-block-column is-vertically-aligned-center is-layout-flow wp-block-column-is-layout-flow\">\n<div class=\"wp-block-buttons is-horizontal is-content-justification-center is-layout-flex wp-container-core-buttons-is-layout-5 wp-block-buttons-is-layout-flex\">\n<div class=\"wp-block-button is-style-outline is-style-outline--1\"><a class=\"wp-block-button__link has-text-color\" href=\"\/cz\/faq\" style=\"color:#e5742e\">NAV\u0160TIVTE \u010cAST\u00c9 OT\u00c1ZKY<\/a><\/div>\n\n\n\n<div class=\"wp-block-button is-style-fill\"><a class=\"wp-block-button__link\" href=\"\/cz\/kontakt\">KONTAKTUJTE N\u00c1S<\/a><\/div>\n<\/div>\n<\/div>\n<\/div>\n<\/div><\/div>\n","protected":false},"excerpt":{"rendered":"<p>S na\u0161\u00edm &#8222;Slu\u017ebou na kl\u00ed\u010d&#8220; p\u0159iprav\u00edme a ode\u0161leme polo\u017eky Logistics p\u0159\u00edmo va\u0161im kone\u010dn\u00fdm z\u00e1kazn\u00edk\u016fm. Tato mo\u017enost zahrnuje logistiku a odesl\u00e1n\u00ed jedn\u00edm z na\u0161ich kur\u00fdr\u016f (FeDex, DHL, UPS). N\u00e1klady na &#8222;slu\u017ebu na kl\u00ed\u010d&#8220;: DESTINATION COST COURIER It\u00e1lie (6,50\u20ac + 3,90\u20ac) 10,40\u20ac DHL \u2013 GLS &#8211; TNT Z\u00e1padn\u00ed EU (AT, BE, DE, DK, ES, FI, FR, GR, [&hellip;]<\/p>\n","protected":false},"author":1,"featured_media":0,"parent":0,"menu_order":0,"comment_status":"closed","ping_status":"closed","template":"","meta":{"inline_featured_image":false,"site-sidebar-layout":"default","site-content-layout":"plain-container","ast-site-content-layout":"normal-width-container","site-content-style":"unboxed","site-sidebar-style":"unboxed","ast-global-header-display":"","ast-banner-title-visibility":"","ast-main-header-display":"","ast-hfb-above-header-display":"","ast-hfb-below-header-display":"","ast-hfb-mobile-header-display":"","site-post-title":"disabled","ast-breadcrumbs-content":"","ast-featured-img":"","footer-sml-layout":"","theme-transparent-header-meta":"default","adv-header-id-meta":"","stick-header-meta":"","header-above-stick-meta":"","header-main-stick-meta":"","header-below-stick-meta":"","astra-migrate-meta-layouts":"set","ast-page-background-enabled":"default","ast-page-background-meta":{"desktop":{"background-color":"","background-image":"","background-repeat":"repeat","background-position":"center center","background-size":"auto","background-attachment":"scroll","background-type":"","background-media":"","overlay-type":"","overlay-color":"","overlay-opacity":"","overlay-gradient":""},"tablet":{"background-color":"","background-image":"","background-repeat":"repeat","background-position":"center center","background-size":"auto","background-attachment":"scroll","background-type":"","background-media":"","overlay-type":"","overlay-color":"","overlay-opacity":"","overlay-gradient":""},"mobile":{"background-color":"","background-image":"","background-repeat":"repeat","background-position":"center center","background-size":"auto","background-attachment":"scroll","background-type":"","background-media":"","overlay-type":"","overlay-color":"","overlay-opacity":"","overlay-gradient":""}},"ast-content-background-meta":{"desktop":{"background-color":"var(--ast-global-color-5)","background-image":"","background-repeat":"repeat","background-position":"center center","background-size":"auto","background-attachment":"scroll","background-type":"","background-media":"","overlay-type":"","overlay-color":"","overlay-opacity":"","overlay-gradient":""},"tablet":{"background-color":"var(--ast-global-color-5)","background-image":"","background-repeat":"repeat","background-position":"center center","background-size":"auto","background-attachment":"scroll","background-type":"","background-media":"","overlay-type":"","overlay-color":"","overlay-opacity":"","overlay-gradient":""},"mobile":{"background-color":"var(--ast-global-color-5)","background-image":"","background-repeat":"repeat","background-position":"center center","background-size":"auto","background-attachment":"scroll","background-type":"","background-media":"","overlay-type":"","overlay-color":"","overlay-opacity":"","overlay-gradient":""}},"footnotes":""},"class_list":["post-1446","page","type-page","status-publish","hentry"],"_links":{"self":[{"href":"https:\/\/dropshippingb2b.com\/cs\/wp-json\/wp\/v2\/pages\/1446","targetHints":{"allow":["GET"]}}],"collection":[{"href":"https:\/\/dropshippingb2b.com\/cs\/wp-json\/wp\/v2\/pages"}],"about":[{"href":"https:\/\/dropshippingb2b.com\/cs\/wp-json\/wp\/v2\/types\/page"}],"author":[{"embeddable":true,"href":"https:\/\/dropshippingb2b.com\/cs\/wp-json\/wp\/v2\/users\/1"}],"replies":[{"embeddable":true,"href":"https:\/\/dropshippingb2b.com\/cs\/wp-json\/wp\/v2\/comments?post=1446"}],"version-history":[{"count":21,"href":"https:\/\/dropshippingb2b.com\/cs\/wp-json\/wp\/v2\/pages\/1446\/revisions"}],"predecessor-version":[{"id":8409,"href":"https:\/\/dropshippingb2b.com\/cs\/wp-json\/wp\/v2\/pages\/1446\/revisions\/8409"}],"wp:attachment":[{"href":"https:\/\/dropshippingb2b.com\/cs\/wp-json\/wp\/v2\/media?parent=1446"}],"curies":[{"name":"wp","href":"https:\/\/api.w.org\/{rel}","templated":true}]}}