{"id":1312,"date":"2021-07-14T21:36:52","date_gmt":"2021-07-14T21:36:52","guid":{"rendered":"https:\/\/dsb2b.assemblyweb.net\/data-flow"},"modified":"2025-03-18T16:17:45","modified_gmt":"2025-03-18T15:17:45","slug":"datovy-tok","status":"publish","type":"page","link":"https:\/\/dropshippingb2b.com\/cs\/datovy-tok","title":{"rendered":"Datov\u00fd tok\ufffc"},"content":{"rendered":"\n<div class=\"wp-block-cover alignfull\" style=\"min-height:350px;aspect-ratio:unset;\"><span aria-hidden=\"true\" class=\"wp-block-cover__background has-background-dim-0 has-background-dim\"><\/span><img loading=\"lazy\" decoding=\"async\" width=\"1200\" height=\"1600\" class=\"wp-block-cover__image-background wp-image-2834\" alt=\"\" src=\"https:\/\/dropshippingb2b.com\/wp-content\/uploads\/2022\/01\/wwtech-portada-duotone.jpg\" data-object-fit=\"cover\" srcset=\"https:\/\/dropshippingb2b.com\/wp-content\/uploads\/2022\/01\/wwtech-portada-duotone.jpg 1200w, https:\/\/dropshippingb2b.com\/wp-content\/uploads\/2022\/01\/wwtech-portada-duotone-225x300.jpg 225w, https:\/\/dropshippingb2b.com\/wp-content\/uploads\/2022\/01\/wwtech-portada-duotone-768x1024.jpg 768w, https:\/\/dropshippingb2b.com\/wp-content\/uploads\/2022\/01\/wwtech-portada-duotone-1152x1536.jpg 1152w, https:\/\/dropshippingb2b.com\/wp-content\/uploads\/2022\/01\/wwtech-portada-duotone-300x400.jpg 300w\" sizes=\"auto, (max-width: 1200px) 100vw, 1200px\" \/><div class=\"wp-block-cover__inner-container is-layout-flow wp-block-cover-is-layout-flow\">\n<h2 class=\"wp-block-heading has-text-color has-huge-font-size\" style=\"color:#ffffff\">Datov\u00fd tok<\/h2>\n<\/div><\/div>\n\n\n\n<div class=\"inherit-container-width wp-block-group alignfull has-background is-layout-constrained wp-block-group-is-layout-constrained\" style=\"background-color:#f6f6f6\"><div class=\"wp-block-group__inner-container\">\n<div class=\"inherit-container-width wp-block-group mt--50 has-background is-layout-constrained wp-block-group-is-layout-constrained\" style=\"background-color:#ffffff\"><div class=\"wp-block-group__inner-container\">\n<p>N\u00e1\u0161 katalog je k dispozici ke sta\u017een\u00ed manu\u00e1ln\u011b (statick\u00fd tok: CSV, XML, JSON export v\u010dertn\u011b odkaz\u016f na obr\u00e1zky produkt\u016f) nebo automaticky (\u017eiv\u00fd p\u0159enos: API integrace, aktualizov\u00e1n v re\u00e1ln\u00e9m \u010dase).<\/p>\n\n\n\n<p>Ka\u017ed\u00e1 polo\u017eka obsahuje n\u00e1sleduj\u00edc\u00ed informace:<\/p>\n\n\n\n<ul class=\"wp-block-list custom-list\">\n<li>Zna\u010dka<\/li>\n\n\n\n<li>SKU\/ID produktu<\/li>\n\n\n\n<li>Skladov\u00e1 z\u00e1soba<\/li>\n\n\n\n<li>SRP (Suggested Retail Price &#8211; Doporu\u010den\u00e1 maloobchodn\u00ed cena)<\/li>\n\n\n\n<li>Sleva<\/li>\n\n\n\n<li>Dodac\u00ed doba<\/li>\n\n\n\n<li>P\u0159ibli\u017en\u00e1 v\u00e1ha<\/li>\n\n\n\n<li>Odkaz na obr\u00e1zky: thumbnail 120x120px a obr\u00e1zek ve vysok\u00e9m rozli\u0161en\u00ed (min. 200x300px, max. 500x700px)<\/li>\n\n\n\n<li>Skupina: (p\u0159esn\u011b jak m\u016f\u017eete vid\u011bt na na\u0161ich velkoobchodn\u00edch str\u00e1nk\u00e1ch) Hodinky, \u0160perky, Slune\u010dn\u00ed br\u00fdle a P\u0159\u00edslu\u0161enstv\u00ed<\/li>\n\n\n\n<li>Kategorie: Hotov\u00e9 hodinky, Hotov\u00e9 \u0161perky<\/li>\n<\/ul>\n\n\n\n<p>a n\u00e1sleduj\u00edc\u00ed voliteln\u00e1 pole:<\/p>\n\n\n\n<ul class=\"wp-block-list\">\n<li>K\u00f3d EAN (European Article Number), pokud je k dispozici<\/li>\n\n\n\n<li>Atributy: hlavn\u00ed vlastnosti produktu jako \u201egender\u201c, \u201emateri\u00e1l pouzdra\u201c, \u201evodot\u011bsnost\u201c atd. jsou k dispozici pro v\u0161echny polo\u017eky \u201e\u010derven\u00e1 raketa\u201c (id_dodavatele: 68), zat\u00edmco pro produkty extern\u00edch dodavatel\u016f (odli\u0161n\u00e9 od dodavatele_id 68) budou k dispozici jedine\u010dn\u011b, pokud\/kdy n\u00e1m je dodavatel p\u0159ed\u00e1 ve sv\u00e9m datov\u00e9m toku.<\/li>\n\n\n\n<li>Po\u017eadavky GPSR: v\u00fdrobce a v\u00fdrobce_responsible<\/li>\n<\/ul>\n<\/div><\/div>\n\n\n\n<div style=\"height:30px\" aria-hidden=\"true\" class=\"wp-block-spacer\"><\/div>\n\n\n\n<div class=\"inherit-container-width wp-block-group has-background is-layout-constrained wp-block-group-is-layout-constrained\" style=\"background-color:#ffffff\"><div class=\"wp-block-group__inner-container\">\n<h3 class=\"wp-block-heading has-text-align-center\">N\u00ed\u017ee jsou popsan\u00e9 jednotliv\u00e9 rozd\u00edly mezi manu\u00e1ln\u00edm a automatick\u00e9m stahov\u00e1n\u00edm dat:<\/h3>\n\n\n\n<figure class=\"wp-block-image aligncenter size-full\"><img loading=\"lazy\" decoding=\"async\" width=\"432\" height=\"346\" src=\"https:\/\/dropshippingb2b.com\/wp-content\/uploads\/2022\/09\/api_vs_csv_en.png\" alt=\"\" class=\"wp-image-4295\" srcset=\"https:\/\/dropshippingb2b.com\/wp-content\/uploads\/2022\/09\/api_vs_csv_en.png 432w, https:\/\/dropshippingb2b.com\/wp-content\/uploads\/2022\/09\/api_vs_csv_en-300x240.png 300w\" sizes=\"auto, (max-width: 432px) 100vw, 432px\" \/><\/figure>\n<\/div><\/div>\n\n\n\n<div style=\"height:30px\" aria-hidden=\"true\" class=\"wp-block-spacer\"><\/div>\n\n\n\n<div class=\"inherit-container-width wp-block-group has-background is-layout-constrained wp-block-group-is-layout-constrained\" style=\"background-color:#ffffff\"><div class=\"wp-block-group__inner-container\">\n<h3 class=\"wp-block-heading has-text-align-center\">API INTEGRACE<\/h3>\n\n\n\n<p>Jedn\u00e1 se o obousm\u011brn\u00fd tok dat, kter\u00fd umo\u017e\u0148uje:<\/p>\n\n\n\n<ul class=\"wp-block-list\">\n<li>\u010c\u00edst v\u0161echny polo\u017eky\/produkty a denn\u011b aktualizovat<\/li>\n\n\n\n<li>Automaticky vkl\u00e1dat nov\u00e9 polo\u017eky do va\u0161eho n\u00e1kupn\u00edho ko\u0161\u00edku a n\u00e1sledn\u011b je potvrzovat s unik\u00e1tn\u00ed velkoobchodn\u00ed objedn\u00e1vkou Dodavatele<\/li>\n<\/ul>\n\n\n\n<figure class=\"wp-block-image aligncenter size-full\"><img loading=\"lazy\" decoding=\"async\" width=\"601\" height=\"210\" src=\"https:\/\/dropshippingb2b.com\/wp-content\/uploads\/2022\/09\/schema_api_eng.jpeg\" alt=\"\" class=\"wp-image-4311\" srcset=\"https:\/\/dropshippingb2b.com\/wp-content\/uploads\/2022\/09\/schema_api_eng.jpeg 601w, https:\/\/dropshippingb2b.com\/wp-content\/uploads\/2022\/09\/schema_api_eng-300x105.jpeg 300w\" sizes=\"auto, (max-width: 601px) 100vw, 601px\" \/><\/figure>\n\n\n\n<p>Tento integra\u010dn\u00ed syst\u00e9m byl vytvo\u0159en jako slu\u017eba, kter\u00e1 m\u016f\u017ee b\u00fdt implementov\u00e1na s jak\u00fdkoliv softwarem v JSON form\u00e1tu,&nbsp;bez ohledu na lokalizaci syst\u00e9mu.<\/p>\n\n\n\n<figure class=\"wp-block-image aligncenter size-full\"><img loading=\"lazy\" decoding=\"async\" width=\"735\" height=\"193\" src=\"https:\/\/dropshippingb2b.com\/wp-content\/uploads\/2022\/09\/api_schema1.jpeg\" alt=\"\" class=\"wp-image-4324\" srcset=\"https:\/\/dropshippingb2b.com\/wp-content\/uploads\/2022\/09\/api_schema1.jpeg 735w, https:\/\/dropshippingb2b.com\/wp-content\/uploads\/2022\/09\/api_schema1-300x79.jpeg 300w\" sizes=\"auto, (max-width: 735px) 100vw, 735px\" \/><\/figure>\n\n\n\n<p>Kompletn\u00ed pr\u016fvodce pro plnou integraci je k dispozici na n\u00e1sleduj\u00edc\u00edm odkazu:<\/p>\n\n\n\n<div class=\"wp-block-buttons is-horizontal is-content-justification-center is-layout-flex wp-container-core-buttons-is-layout-1 wp-block-buttons-is-layout-flex\">\n<div class=\"wp-block-button\"><a class=\"wp-block-button__link wp-element-button\" href=\"https:\/\/dropshippingb2b.com\/api\/guide\/en\/\" target=\"_blank\" rel=\"noreferrer noopener\">ZKONTROLUJTE DOKUMENTACE &gt;<\/a><\/div>\n<\/div>\n<\/div><\/div>\n\n\n\n<div style=\"height:30px\" aria-hidden=\"true\" class=\"wp-block-spacer\"><\/div>\n\n\n\n<div class=\"inherit-container-width wp-block-group has-background is-layout-constrained wp-block-group-is-layout-constrained\" style=\"background-color:#ffffff\"><div class=\"wp-block-group__inner-container\">\n<h3 class=\"wp-block-heading has-text-align-center\">EXPORT CSV<\/h3>\n\n\n\n<p>Krom\u011b automatick\u00e9ho API syst\u00e9mu, m\u00e1me k dispozici i CSV export (hodnoty odd\u011blen\u00e9 st\u0159edn\u00edkem), kter\u00fd v\u00e1m umo\u017en\u00ed st\u00e1hnout katalog ru\u010dn\u011b.<\/p>\n\n\n\n<div style=\"height:20px\" aria-hidden=\"true\" class=\"wp-block-spacer\"><\/div>\n\n\n\n<p><meta charset=\"utf-8\">Export je aktualizov\u00e1n ka\u017ed\u00e9 2 hodiny:<\/p>\n\n\n\n<figure class=\"wp-block-image size-large\"><img loading=\"lazy\" decoding=\"async\" width=\"1024\" height=\"75\" src=\"https:\/\/dropshippingb2b.com\/wp-content\/uploads\/2022\/01\/export_file-1024x75.png\" alt=\"\" class=\"wp-image-3272\" srcset=\"https:\/\/dropshippingb2b.com\/wp-content\/uploads\/2022\/01\/export_file-1024x75.png 1024w, https:\/\/dropshippingb2b.com\/wp-content\/uploads\/2022\/01\/export_file-300x22.png 300w, https:\/\/dropshippingb2b.com\/wp-content\/uploads\/2022\/01\/export_file-768x56.png 768w, https:\/\/dropshippingb2b.com\/wp-content\/uploads\/2022\/01\/export_file.png 1200w\" sizes=\"auto, (max-width: 1024px) 100vw, 1024px\" \/><\/figure>\n\n\n\n<p><meta charset=\"utf-8\"><\/p>\n\n\n\n<p>Po registraci p\u0159edplatn\u00e9ho z\u00edsk\u00e1te od n\u00e1s U\u017eivatelsk\u00e9 jm\u00e9no a Heslo pro p\u0159\u00edstup ke katalogu.<\/p>\n\n\n\n<p>Jsou 2 mo\u017enosti sta\u017een\u00ed souboru:<\/p>\n\n\n\n<ol class=\"wp-block-list\">\n<li>Manu\u00e1ln\u011b p\u0159es odkaz&nbsp;<a rel=\"noreferrer noopener\" href=\"https:\/\/dropshippingb2b.com\/export\/\" target=\"_blank\">https:\/\/dropshippingb2b.com\/export\/<\/a><\/li>\n\n\n\n<li>Automaticky prost\u0159ednictv\u00ed CURL p\u0159\u00edkazu (pro v\u00fdvoj\u00e1\u0159e).<\/li>\n<\/ol>\n\n\n\n<div style=\"height:30px\" aria-hidden=\"true\" class=\"wp-block-spacer\"><\/div>\n\n\n\n<h4 class=\"wp-block-heading has-text-align-left\"><strong>P\u0159\u00edklad CURL p\u0159\u00edkazu<\/strong><\/h4>\n\n\n\n<pre class=\"wp-block-code\"><code lang=\"bash\" class=\"language-bash\">curl -k --data \"data=username%3DUSERNAME%26password%3DPASSWORD%26pid%3Dpid\" \nhttps:\/\/dropshippingb2b.com\/export\/csv.php     <\/code><\/pre>\n\n\n\n<div style=\"height:30px\" aria-hidden=\"true\" class=\"wp-block-spacer\"><\/div>\n\n\n\n<h4 class=\"wp-block-heading has-text-align-left\">PHP <strong>p\u0159\u00edkazu<\/strong><\/h4>\n\n\n\n<pre class=\"wp-block-code\"><code lang=\"php\" class=\"language-php\">&lt;?php\n\n$params = array(\"username\" =&gt; \"YOUR USERNAME\",\n                \"password\" =&gt; \"YOUR PASSWORD\",\n                \"pid\"      =&gt; \"YOUR PORTAL ID NUMBER\");\n   \n\/*  PORTAL ID\n1    wwt.it\n2    b2buhren.de\n4    marcaspararevenda.com\n6    marcasalmayor.es\n7    b2bwatches.co.uk\n8    b2bhodinky.cz\n9    b2bmontres.fr\n10   b2bhorloges.nl\n11   emporiorologion.gr\n13   atacadodemarcas.com.br\n14   b2bsk.sk\n15   klockorb2b.se\n16   markihurt.pl\n*\/   \n   \n$params = http_build_query($params);\n$data = array('data' =&gt; $params);\n$ch = curl_init();\n\ncurl_setopt($ch, CURLOPT_URL, 'https:\/\/dropshippingb2b.com\/export\/csv.php');\ncurl_setopt($ch, CURLOPT_SSLVERSION , CURL_SSLVERSION_TLSv1_2);\ncurl_setopt($ch, CURLOPT_SSL_VERIFYPEER,FALSE);\ncurl_setopt($ch, CURLOPT_SSL_VERIFYHOST,2);\ncurl_setopt($ch, CURLOPT_POST, 1);\ncurl_setopt($ch, CURLOPT_RETURNTRANSFER, 1);\ncurl_setopt($ch, CURLOPT_POSTFIELDS, $data);\n\n$ce = curl_exec($ch); \/\/ $ce contain call response\ncurl_close($ch);   \necho $ce; \n?&gt; <\/code><\/pre>\n\n\n\n<div style=\"height:30px\" aria-hidden=\"true\" class=\"wp-block-spacer\"><\/div>\n\n\n\n<h4 class=\"wp-block-heading has-text-align-left\">VB .NET <strong>p\u0159\u00edkazu<\/strong><\/h4>\n\n\n\n<pre class=\"wp-block-code\"><code lang=\"visual-basic\" class=\"language-visual-basic\">Imports System\nImports System.Net\nImports System.Web\n\n\nPublic Module Module1\n    Public Sub Main()\n         Using client As New WebClient\n            Dim result As String\n            client.Encoding = System.Text.Encoding.UTF8\n            client.Headers.Add(\"Content-Type\", \"application\/x-www-form-urlencoded\")\n            result = client.UploadString(\"https:\/\/dropshippingb2b.com\/export\/csv.php\", \"data=\"\n + HttpUtility.UrlEncode(\"username=USERNAME&amp;password=PASSWORD&amp;pid=PORTAL ID\"))\n            Console.WriteLine(result)\n        End Using\n    End Sub\nEnd Module<\/code><\/pre>\n\n\n\n<p>Nab\u00edz\u00edme pole v posledn\u00edm sloupci s n\u00e1zvem \u201erychlost_dopravy\u201c. Toto pole ud\u00e1v\u00e1 pr\u016fm\u011brnou dobu, po kterou m\u00e1 b\u00fdt produkt p\u0159ijat a pot\u00e9 znovu odesl\u00e1n.<\/p>\n\n\n\n<ul class=\"wp-block-list\">\n<li><strong>0 &#8211; Pomal\u00e1 z\u00e1silka<\/strong><\/li>\n<\/ul>\n\n\n\n<p>Tento produkt je k dispozici u ofici\u00e1ln\u00edho distributora. Tento \u010dl\u00e1nek trv\u00e1 a\u017e 10 pracovn\u00edch dn\u016f&nbsp; Doru\u010den\u00ed nen\u00ed 100%&nbsp;z\u00e1ruka. D\u016frazn\u011b doporu\u010dujeme prodejc\u016fm v dropshippingu, aby tyto produkty NEintegrovali do sv\u00fdch nab\u00eddek.<\/p>\n\n\n\n<ul class=\"wp-block-list\">\n<li><strong>1 &#8211; Standardn\u00ed z\u00e1silka<\/strong><\/li>\n<\/ul>\n\n\n\n<p>Jedn\u00e1 se o produkt ulo\u017een\u00fd v jin\u00e9m skladu ne\u017e logistika pou\u017e\u00edvan\u00e1 pro dropshipping (Delledonne&nbsp;e-commerce logistika&nbsp;https:\/\/www.delledonne.it\/logistica-per-l-ecommerce.cfm) Doprava&nbsp;trv\u00e1 pr\u016fm\u011brn\u011b&nbsp;4\u20135 pracovn\u00edch dn\u016f Pom\u011br \u201eobjedn\u00e1vka vs. doru\u010den\u00ed\u201c je kolem 95&nbsp;% Jeliko\u017e se jedn\u00e1 o&nbsp;produkty extern\u00edch partner\u016f, nen\u00ed kontrola skladu zcela v&nbsp;na\u0161ich rukou, proto v&nbsp;z\u00e1jmu zv\u00fd\u0161en\u00ed %&nbsp;doru\u010ditelnosti velmi doporu\u010dujeme prodejc\u016fm v&nbsp;re\u017eimu dropshipping pou\u017e\u00edt filtr \u201epublikovat, pokud QTY&gt;X&#8220; , kde &#8222;X&#8220; je hodnota STOCK (sloupec H v na\u0161em CSV). T\u00edm se distributor rozhodne sn\u00ed\u017eit po\u010det \u010dl\u00e1nk\u016f nab\u00edzen\u00fdch sv\u00fdm z\u00e1kazn\u00edk\u016fm, aby zv\u00fd\u0161il pom\u011br doru\u010den\u00ed.<\/p>\n\n\n\n<ul class=\"wp-block-list\">\n<li><strong>2 &#8211; Rychl\u00e9 odesl\u00e1n\u00ed<\/strong><\/li>\n<\/ul>\n\n\n\n<p>Jedn\u00e1 se o produkty z na\u0161ich vlastn\u00edch z\u00e1sob, p\u0159ipraven\u00e9 v logistice, kterou tak\u00e9 pou\u017e\u00edv\u00e1me jako sklad (Delledonne&nbsp;e-commerce logistics)&nbsp;https:\/\/www.delledonne.it\/logistica-per-l-ecommerce.cfm&nbsp;. Expedice prob\u00edh\u00e1 24h &#8211; 48h, pokud je objedn\u00e1no r\u00e1no (st\u0159edoevropsk\u00e9ho \u010dasu), obvykle expedujeme je\u0161t\u011b tent\u00fd\u017e den. Pom\u011br \u201eObjednan\u00e9 a doru\u010den\u00e9\u201c je v\u00edce ne\u017e 99,9 %.<\/p>\n\n\n\n<p>Prodejc\u016fm, kte\u0159\u00ed pou\u017e\u00edvaj\u00ed extern\u00ed tr\u017ei\u0161t\u011b &nbsp;(Amazon, eBay atd.) sp\u00ed\u0161e ne\u017e sv\u00e9 vlastn\u00ed webov\u00e9 str\u00e1nky, doporu\u010dujeme k\u0159\u00ed\u017eit hodnoty ve sloupc\u00edch &nbsp;M (id_supplier) a P (speed_shipping), abyste dos\u00e1hli lep\u0161\u00edho procenta doru\u010den\u00ed.<\/p>\n\n\n\n<p>Sellers using external marketplaces &nbsp;(Amazon, eBay, etc.) rather than their own websites, we suggest to cross column &nbsp;M (id_supplier) and column P (speed_shipping) values, in order to achieve a better deliverabilty %.&nbsp;<\/p>\n<\/div><\/div>\n<\/div><\/div>\n\n\n\n<div class=\"inherit-container-width wp-block-group alignfull has-background is-layout-constrained wp-block-group-is-layout-constrained\" style=\"background-color:#fae4d6\"><div class=\"wp-block-group__inner-container\">\n<h3 class=\"has-text-align-center wp-block-heading\">ST\u00c1LE POCHYBNOSTI?<\/h3>\n\n\n\n<p class=\"has-text-align-center\">Pod\u00edvejte se na \u010dasto kladen\u00e9 ot\u00e1zky nebo si promluvte s jedn\u00edm z n\u00e1s<\/p>\n\n\n\n<div class=\"wp-block-columns is-layout-flex wp-container-core-columns-is-layout-1 wp-block-columns-is-layout-flex\">\n<div class=\"wp-block-column is-vertically-aligned-center is-layout-flow wp-block-column-is-layout-flow\">\n<div class=\"wp-block-buttons is-horizontal is-content-justification-center is-layout-flex wp-container-core-buttons-is-layout-2 wp-block-buttons-is-layout-flex\">\n<div class=\"wp-block-button is-style-outline is-style-outline--1\"><a class=\"wp-block-button__link has-text-color\" href=\"\/cz\/faq\" style=\"color:#e5742e\">NAV\u0160TIVTE \u010cAST\u00c9 OT\u00c1ZKY<\/a><\/div>\n\n\n\n<div class=\"wp-block-button is-style-fill\"><a class=\"wp-block-button__link\" href=\"\/cz\/kontakt\">KONTAKTUJTE N\u00c1S<\/a><\/div>\n<\/div>\n<\/div>\n<\/div>\n<\/div><\/div>\n","protected":false},"excerpt":{"rendered":"<p>N\u00e1\u0161 katalog je k dispozici ke sta\u017een\u00ed manu\u00e1ln\u011b (statick\u00fd tok: CSV, XML, JSON export v\u010dertn\u011b odkaz\u016f na obr\u00e1zky produkt\u016f) nebo automaticky (\u017eiv\u00fd p\u0159enos: API integrace, aktualizov\u00e1n v re\u00e1ln\u00e9m \u010dase). Ka\u017ed\u00e1 polo\u017eka obsahuje n\u00e1sleduj\u00edc\u00ed informace: a n\u00e1sleduj\u00edc\u00ed voliteln\u00e1 pole: N\u00ed\u017ee jsou popsan\u00e9 jednotliv\u00e9 rozd\u00edly mezi manu\u00e1ln\u00edm a automatick\u00e9m stahov\u00e1n\u00edm dat: API INTEGRACE Jedn\u00e1 se o obousm\u011brn\u00fd [&hellip;]<\/p>\n","protected":false},"author":1,"featured_media":0,"parent":0,"menu_order":0,"comment_status":"closed","ping_status":"closed","template":"","meta":{"inline_featured_image":false,"site-sidebar-layout":"default","site-content-layout":"plain-container","ast-site-content-layout":"normal-width-container","site-content-style":"unboxed","site-sidebar-style":"unboxed","ast-global-header-display":"","ast-banner-title-visibility":"","ast-main-header-display":"","ast-hfb-above-header-display":"","ast-hfb-below-header-display":"","ast-hfb-mobile-header-display":"","site-post-title":"disabled","ast-breadcrumbs-content":"","ast-featured-img":"","footer-sml-layout":"","theme-transparent-header-meta":"default","adv-header-id-meta":"","stick-header-meta":"","header-above-stick-meta":"","header-main-stick-meta":"","header-below-stick-meta":"","astra-migrate-meta-layouts":"set","ast-page-background-enabled":"default","ast-page-background-meta":{"desktop":{"background-color":"","background-image":"","background-repeat":"repeat","background-position":"center center","background-size":"auto","background-attachment":"scroll","background-type":"","background-media":"","overlay-type":"","overlay-color":"","overlay-opacity":"","overlay-gradient":""},"tablet":{"background-color":"","background-image":"","background-repeat":"repeat","background-position":"center center","background-size":"auto","background-attachment":"scroll","background-type":"","background-media":"","overlay-type":"","overlay-color":"","overlay-opacity":"","overlay-gradient":""},"mobile":{"background-color":"","background-image":"","background-repeat":"repeat","background-position":"center center","background-size":"auto","background-attachment":"scroll","background-type":"","background-media":"","overlay-type":"","overlay-color":"","overlay-opacity":"","overlay-gradient":""}},"ast-content-background-meta":{"desktop":{"background-color":"var(--ast-global-color-5)","background-image":"","background-repeat":"repeat","background-position":"center center","background-size":"auto","background-attachment":"scroll","background-type":"","background-media":"","overlay-type":"","overlay-color":"","overlay-opacity":"","overlay-gradient":""},"tablet":{"background-color":"var(--ast-global-color-5)","background-image":"","background-repeat":"repeat","background-position":"center center","background-size":"auto","background-attachment":"scroll","background-type":"","background-media":"","overlay-type":"","overlay-color":"","overlay-opacity":"","overlay-gradient":""},"mobile":{"background-color":"var(--ast-global-color-5)","background-image":"","background-repeat":"repeat","background-position":"center center","background-size":"auto","background-attachment":"scroll","background-type":"","background-media":"","overlay-type":"","overlay-color":"","overlay-opacity":"","overlay-gradient":""}},"footnotes":""},"class_list":["post-1312","page","type-page","status-publish","hentry"],"_links":{"self":[{"href":"https:\/\/dropshippingb2b.com\/cs\/wp-json\/wp\/v2\/pages\/1312","targetHints":{"allow":["GET"]}}],"collection":[{"href":"https:\/\/dropshippingb2b.com\/cs\/wp-json\/wp\/v2\/pages"}],"about":[{"href":"https:\/\/dropshippingb2b.com\/cs\/wp-json\/wp\/v2\/types\/page"}],"author":[{"embeddable":true,"href":"https:\/\/dropshippingb2b.com\/cs\/wp-json\/wp\/v2\/users\/1"}],"replies":[{"embeddable":true,"href":"https:\/\/dropshippingb2b.com\/cs\/wp-json\/wp\/v2\/comments?post=1312"}],"version-history":[{"count":8,"href":"https:\/\/dropshippingb2b.com\/cs\/wp-json\/wp\/v2\/pages\/1312\/revisions"}],"predecessor-version":[{"id":8226,"href":"https:\/\/dropshippingb2b.com\/cs\/wp-json\/wp\/v2\/pages\/1312\/revisions\/8226"}],"wp:attachment":[{"href":"https:\/\/dropshippingb2b.com\/cs\/wp-json\/wp\/v2\/media?parent=1312"}],"curies":[{"name":"wp","href":"https:\/\/api.w.org\/{rel}","templated":true}]}}