{"id":1110,"date":"2021-07-13T21:57:05","date_gmt":"2021-07-13T21:57:05","guid":{"rendered":"https:\/\/dsb2b.assemblyweb.net\/web-platform"},"modified":"2022-10-07T15:01:39","modified_gmt":"2022-10-07T15:01:39","slug":"software-online","status":"publish","type":"page","link":"https:\/\/dropshippingb2b.com\/cs\/software-online","title":{"rendered":"software-online"},"content":{"rendered":"\n<div class=\"wp-block-cover alignfull\" style=\"min-height:350px;aspect-ratio:unset;\"><span aria-hidden=\"true\" class=\"wp-block-cover__background has-background-dim-0 has-background-dim\"><\/span><img loading=\"lazy\" decoding=\"async\" width=\"1200\" height=\"1600\" class=\"wp-block-cover__image-background wp-image-2834\" alt=\"\" src=\"https:\/\/dropshippingb2b.com\/wp-content\/uploads\/2022\/01\/wwtech-portada-duotone.jpg\" data-object-fit=\"cover\" srcset=\"https:\/\/dropshippingb2b.com\/wp-content\/uploads\/2022\/01\/wwtech-portada-duotone.jpg 1200w, https:\/\/dropshippingb2b.com\/wp-content\/uploads\/2022\/01\/wwtech-portada-duotone-225x300.jpg 225w, https:\/\/dropshippingb2b.com\/wp-content\/uploads\/2022\/01\/wwtech-portada-duotone-768x1024.jpg 768w, https:\/\/dropshippingb2b.com\/wp-content\/uploads\/2022\/01\/wwtech-portada-duotone-1152x1536.jpg 1152w, https:\/\/dropshippingb2b.com\/wp-content\/uploads\/2022\/01\/wwtech-portada-duotone-300x400.jpg 300w\" sizes=\"auto, (max-width: 1200px) 100vw, 1200px\" \/><div class=\"wp-block-cover__inner-container is-layout-flow wp-block-cover-is-layout-flow\">\n<h2 class=\"has-text-color has-huge-font-size wp-block-heading\" style=\"color:#ffffff\"><strong>Software online<\/strong>: Platforma<\/h2>\n<\/div><\/div>\n\n\n\n<div class=\"inherit-container-width wp-block-group alignfull has-background is-layout-constrained wp-block-group-is-layout-constrained\" style=\"background-color:#f6f6f6\"><div class=\"wp-block-group__inner-container\">\n<div class=\"inherit-container-width wp-block-group has-background is-layout-constrained wp-block-group-is-layout-constrained\" style=\"background-color:#ffffff\"><div class=\"wp-block-group__inner-container\">\n<h3 class=\"has-text-align-center wp-block-heading\">Rozd\u00edly mezi velkoobchodn\u00edm webem a platformou Dropshipping<\/h3>\n\n\n\n<figure class=\"wp-block-image aligncenter size-large\"><img loading=\"lazy\" decoding=\"async\" width=\"1024\" height=\"604\" src=\"https:\/\/dropshippingb2b.com\/wp-content\/uploads\/2022\/09\/ingrosso_vs_piattaforma_en-1024x604.png\" alt=\"\" class=\"wp-image-4264\" srcset=\"https:\/\/dropshippingb2b.com\/wp-content\/uploads\/2022\/09\/ingrosso_vs_piattaforma_en-1024x604.png 1024w, https:\/\/dropshippingb2b.com\/wp-content\/uploads\/2022\/09\/ingrosso_vs_piattaforma_en-300x177.png 300w, https:\/\/dropshippingb2b.com\/wp-content\/uploads\/2022\/09\/ingrosso_vs_piattaforma_en-768x453.png 768w, https:\/\/dropshippingb2b.com\/wp-content\/uploads\/2022\/09\/ingrosso_vs_piattaforma_en.png 1200w\" sizes=\"auto, (max-width: 1024px) 100vw, 1024px\" \/><\/figure>\n<\/div><\/div>\n\n\n\n<div style=\"height:20px\" aria-hidden=\"true\" class=\"wp-block-spacer\"><\/div>\n\n\n\n<div class=\"inherit-container-width wp-block-group has-background is-layout-constrained wp-block-group-is-layout-constrained\" style=\"background-color:#ffffff\"><div class=\"wp-block-group__inner-container\">\n<h3 class=\"has-text-align-center wp-block-heading\">Video tutori\u00e1l<\/h3>\n\n\n\n<p class=\"has-text-align-center\"><strong>V\u00ddU\u010cKOV\u00c9 VIDEO NA YOUTUBE JE V ITALSK\u00c9M JAZYCE S ANGLICK\u00ddMI TITULKY<\/strong><\/p>\n\n\n\n<figure class=\"wp-block-embed is-type-video is-provider-youtube wp-block-embed-youtube wp-embed-aspect-16-9 wp-has-aspect-ratio\"><div class=\"wp-block-embed__wrapper\">\n<div class=\"ast-oembed-container \" style=\"height: 100%;\"><iframe loading=\"lazy\" title=\"Tutorial: Software Dropshipping WWTech\" width=\"500\" height=\"281\" src=\"https:\/\/www.youtube.com\/embed\/giRg_5MZmXg?feature=oembed\" frameborder=\"0\" allow=\"accelerometer; autoplay; clipboard-write; encrypted-media; gyroscope; picture-in-picture; web-share\" referrerpolicy=\"strict-origin-when-cross-origin\" allowfullscreen><\/iframe><\/div>\n<\/div><\/figure>\n\n\n\n<p>Na\u0161e dropshipping platforma nab\u00edz\u00ed \u00faplnou kontrolu cel\u00e9ho dropshipping procesu: na jedn\u00e9 stran\u011b je \u0159\u00edzena prodejcem (v\u00e1mi) a na druh\u00e9 na\u0161\u00ed logistikou.<br>&nbsp;Prodejce vkl\u00e1d\u00e1 polo\u017eky a \u00fadaje sv\u00fdch z\u00e1kazn\u00edk\u016f, eventu\u00e1ln\u011b dokumenty (faktury, \u00fa\u010dtenky, propaga\u010dn\u00ed kup\u00f3ny, &#8230;) v digit\u00e1ln\u00edm form\u00e1tu; logistika uvid\u00ed \u017e\u00e1dosti prodejce, p\u0159iprav\u00ed pot\u0159ebn\u00e9 dokumenty, pop\u0159\u00edpad\u011b dotiskne dal\u0161\u00ed dokumenty na v\u00e1\u0161 p\u0159\u00edkaz a vlo\u017e\u00ed do bal\u00edku; nakonec bal\u00ed\u010dek bezpe\u010dn\u011b zabal\u00ed a ut\u011bsn\u00ed a po\u0161le va\u0161emu z\u00e1kazn\u00edkovi.<\/p>\n\n\n\n<div class=\"wp-block-media-text alignwide is-stacked-on-mobile webplatform-mediatext\" style=\"grid-template-columns:15% auto\"><figure class=\"wp-block-media-text__media\"><img loading=\"lazy\" decoding=\"async\" width=\"202\" height=\"103\" src=\"https:\/\/dropshippingb2b.com\/wp-content\/uploads\/2022\/01\/icona_dashboard.jpg\" alt=\"\" class=\"wp-image-3128 size-medium\" srcset=\"https:\/\/dropshippingb2b.com\/wp-content\/uploads\/2022\/01\/icona_dashboard.jpg 202w, https:\/\/dropshippingb2b.com\/wp-content\/uploads\/2022\/01\/icona_dashboard-200x103.jpg 200w\" sizes=\"auto, (max-width: 202px) 100vw, 202px\" \/><\/figure><div class=\"wp-block-media-text__content\">\n<p class=\"mt-0 has-medium-font-size\"><strong>The Dashboard<\/strong>:<\/p>\n\n\n\n<p>tituln\u00ed strana platformy: obsahuje shrnut\u00ed hlavn\u00edch dat a p\u0159\u00edkaz\u016f (graf prodej\u016f, n\u00e1kupn\u00ed ko\u0161\u00edk, po\u010det nov\u00fdch a vy\u0159\u00edzen\u00fdch objedn\u00e1vek, nep\u0159e\u010dten\u00fdch zpr\u00e1v, atd.)<\/p>\n<\/div><\/div>\n\n\n\n<hr class=\"wp-block-separator has-css-opacity alignwide custom-line\"\/>\n\n\n\n<div class=\"wp-block-media-text alignwide is-stacked-on-mobile webplatform-mediatext\" style=\"grid-template-columns:15% auto\"><figure class=\"wp-block-media-text__media\"><img loading=\"lazy\" decoding=\"async\" width=\"190\" height=\"89\" src=\"https:\/\/dropshippingb2b.com\/wp-content\/uploads\/2022\/01\/icona_shopping_cart.jpg\" alt=\"\" class=\"wp-image-3141 size-medium\"\/><\/figure><div class=\"wp-block-media-text__content\">\n<p class=\"mt-0 has-medium-font-size\"><strong>Shopping Cart<\/strong>:<\/p>\n\n\n\n<p>umo\u017e\u0148uje prodejci vkl\u00e1dat zbo\u017e\u00ed do jeho ko\u0161\u00edku pro n\u00e1sledn\u00fd n\u00e1kup.<\/p>\n<\/div><\/div>\n\n\n\n<hr class=\"wp-block-separator has-css-opacity alignfull custom-line\"\/>\n\n\n\n<div class=\"wp-block-media-text alignwide is-stacked-on-mobile webplatform-mediatext\" style=\"grid-template-columns:15% auto\"><figure class=\"wp-block-media-text__media\"><img loading=\"lazy\" decoding=\"async\" width=\"149\" height=\"72\" src=\"https:\/\/dropshippingb2b.com\/wp-content\/uploads\/2022\/01\/order.jpg\" alt=\"\" class=\"wp-image-3154 size-medium\"\/><\/figure><div class=\"wp-block-media-text__content\">\n<p class=\"mt-0 has-medium-font-size\"><strong>Order<\/strong>:<\/p>\n\n\n\n<p>obsahuje ve\u0161ker\u00e9 B2C potvrzen\u00e9 objedn\u00e1vky a spr\u00e1vu z\u00e1kaznick\u00fdch \u00fadaju s logistikou.<\/p>\n<\/div><\/div>\n\n\n\n<hr class=\"wp-block-separator has-css-opacity alignwide custom-line\"\/>\n\n\n\n<div class=\"wp-block-media-text alignwide is-stacked-on-mobile webplatform-mediatext\" style=\"grid-template-columns:15% auto\"><figure class=\"wp-block-media-text__media\"><img loading=\"lazy\" decoding=\"async\" width=\"191\" height=\"92\" src=\"https:\/\/dropshippingb2b.com\/wp-content\/uploads\/2022\/01\/icona_messages.jpg\" alt=\"\" class=\"wp-image-3167 size-medium\"\/><\/figure><div class=\"wp-block-media-text__content\">\n<p class=\"mt-0 has-medium-font-size\"><strong>Messages<\/strong>:<\/p>\n\n\n\n<p>u ka\u017ed\u00e9 objednan\u00e9ho zbo\u017e\u00ed je k dispozici chat, kter\u00fd umo\u017e\u0148uje prodejci komunikovat p\u0159\u00edmo s logistikou. Je tak\u00e9 mo\u017en\u00e9 p\u0159ipojit soubory ke ka\u017ed\u00e9 jednotliv\u00e9 B2C objedn\u00e1vce (nap\u0159. fakturu z\u00e1kazn\u00edka, propaga\u010dn\u00ed kup\u00f3ny, blahop\u0159\u00e1n\u00ed, atd.).<\/p>\n<\/div><\/div>\n\n\n\n<div style=\"height:70px\" aria-hidden=\"true\" class=\"wp-block-spacer\"><\/div>\n\n\n\n<figure class=\"wp-block-image aligncenter size-large\"><img loading=\"lazy\" decoding=\"async\" width=\"1024\" height=\"595\" src=\"https:\/\/dropshippingb2b.com\/wp-content\/uploads\/2022\/01\/dropshipping_admin-1024x595.jpg\" alt=\"\" class=\"wp-image-3191\" srcset=\"https:\/\/dropshippingb2b.com\/wp-content\/uploads\/2022\/01\/dropshipping_admin-1024x595.jpg 1024w, https:\/\/dropshippingb2b.com\/wp-content\/uploads\/2022\/01\/dropshipping_admin-300x174.jpg 300w, https:\/\/dropshippingb2b.com\/wp-content\/uploads\/2022\/01\/dropshipping_admin-768x446.jpg 768w, https:\/\/dropshippingb2b.com\/wp-content\/uploads\/2022\/01\/dropshipping_admin.jpg 1200w\" sizes=\"auto, (max-width: 1024px) 100vw, 1024px\" \/><\/figure>\n\n\n\n<p class=\"has-text-align-center\">Na\u0161e platforma je responzivn\u00ed a vyhovuje v\u0161em za\u0159\u00edzen\u00edm. Do platformy vstupujete zad\u00e1n\u00edm P\u0159ihla\u0161ovac\u00edho jm\u00e9na a Hesla na n\u00e1sleduj\u00edc\u00edm odkazu<\/p>\n\n\n\n<div class=\"wp-block-buttons is-horizontal is-content-justification-center is-layout-flex wp-container-core-buttons-is-layout-1 wp-block-buttons-is-layout-flex\">\n<div class=\"wp-block-button\"><a class=\"wp-block-button__link\" href=\"https:\/\/www.dropshippingb2b.com\/admin\/\" target=\"_blank\" rel=\"noreferrer noopener\">Objevit platformu<\/a><\/div>\n<\/div>\n\n\n\n<figure class=\"wp-block-image aligncenter size-full\"><img loading=\"lazy\" decoding=\"async\" width=\"963\" height=\"682\" src=\"https:\/\/dropshippingb2b.com\/wp-content\/uploads\/2022\/01\/admin_2.png\" alt=\"\" class=\"wp-image-3204\" srcset=\"https:\/\/dropshippingb2b.com\/wp-content\/uploads\/2022\/01\/admin_2.png 963w, https:\/\/dropshippingb2b.com\/wp-content\/uploads\/2022\/01\/admin_2-300x212.png 300w, https:\/\/dropshippingb2b.com\/wp-content\/uploads\/2022\/01\/admin_2-768x544.png 768w\" sizes=\"auto, (max-width: 963px) 100vw, 963px\" \/><\/figure>\n\n\n\n<div class=\"wp-block-buttons is-horizontal is-content-justification-center is-layout-flex wp-container-core-buttons-is-layout-2 wp-block-buttons-is-layout-flex\">\n<div class=\"wp-block-button\"><a class=\"wp-block-button__link\" href=\"\/wp-content\/uploads\/2022\/09\/dropshippingb2b_user_guide_eng.pdf\" target=\"_blank\" rel=\"noreferrer noopener\">St\u00e1hn\u011bte si &nbsp;n\u00e1s n\u00e1vod ve form\u00e1tu PDF<\/a><\/div>\n<\/div>\n<\/div><\/div>\n<\/div><\/div>\n\n\n\n<div class=\"inherit-container-width wp-block-group alignfull has-background is-layout-constrained wp-block-group-is-layout-constrained\" style=\"background-color:#fae4d6\"><div class=\"wp-block-group__inner-container\">\n<h3 class=\"has-text-align-center wp-block-heading\">ST\u00c1LE POCHYBNOSTI?<\/h3>\n\n\n\n<p class=\"has-text-align-center\">Pod\u00edvejte se na \u010dasto kladen\u00e9 ot\u00e1zky nebo si promluvte s jedn\u00edm z n\u00e1s<\/p>\n\n\n\n<div class=\"wp-block-columns is-layout-flex wp-container-core-columns-is-layout-1 wp-block-columns-is-layout-flex\">\n<div class=\"wp-block-column is-vertically-aligned-center is-layout-flow wp-block-column-is-layout-flow\">\n<div class=\"wp-block-buttons is-horizontal is-content-justification-center is-layout-flex wp-container-core-buttons-is-layout-3 wp-block-buttons-is-layout-flex\">\n<div class=\"wp-block-button is-style-outline is-style-outline--1\"><a class=\"wp-block-button__link has-text-color\" href=\"\/cz\/faq\" style=\"color:#e5742e\">NAV\u0160TIVTE \u010cAST\u00c9 OT\u00c1ZKY<\/a><\/div>\n\n\n\n<div class=\"wp-block-button is-style-fill\"><a class=\"wp-block-button__link\" href=\"\/cz\/kontakt\">KONTAKTUJTE N\u00c1S<\/a><\/div>\n<\/div>\n<\/div>\n<\/div>\n<\/div><\/div>\n","protected":false},"excerpt":{"rendered":"<p>Rozd\u00edly mezi velkoobchodn\u00edm webem a platformou Dropshipping Video tutori\u00e1l V\u00ddU\u010cKOV\u00c9 VIDEO NA YOUTUBE JE V ITALSK\u00c9M JAZYCE S ANGLICK\u00ddMI TITULKY Na\u0161e dropshipping platforma nab\u00edz\u00ed \u00faplnou kontrolu cel\u00e9ho dropshipping procesu: na jedn\u00e9 stran\u011b je \u0159\u00edzena prodejcem (v\u00e1mi) a na druh\u00e9 na\u0161\u00ed logistikou.&nbsp;Prodejce vkl\u00e1d\u00e1 polo\u017eky a \u00fadaje sv\u00fdch z\u00e1kazn\u00edk\u016f, eventu\u00e1ln\u011b dokumenty (faktury, \u00fa\u010dtenky, propaga\u010dn\u00ed kup\u00f3ny, &#8230;) v [&hellip;]<\/p>\n","protected":false},"author":1,"featured_media":0,"parent":0,"menu_order":0,"comment_status":"closed","ping_status":"closed","template":"","meta":{"inline_featured_image":false,"site-sidebar-layout":"default","site-content-layout":"plain-container","ast-site-content-layout":"","site-content-style":"default","site-sidebar-style":"default","ast-global-header-display":"","ast-banner-title-visibility":"","ast-main-header-display":"","ast-hfb-above-header-display":"","ast-hfb-below-header-display":"","ast-hfb-mobile-header-display":"","site-post-title":"disabled","ast-breadcrumbs-content":"","ast-featured-img":"","footer-sml-layout":"","theme-transparent-header-meta":"default","adv-header-id-meta":"","stick-header-meta":"","header-above-stick-meta":"","header-main-stick-meta":"","header-below-stick-meta":"","astra-migrate-meta-layouts":"default","ast-page-background-enabled":"default","ast-page-background-meta":{"desktop":{"background-color":"","background-image":"","background-repeat":"repeat","background-position":"center center","background-size":"auto","background-attachment":"scroll","background-type":"","background-media":"","overlay-type":"","overlay-color":"","overlay-opacity":"","overlay-gradient":""},"tablet":{"background-color":"","background-image":"","background-repeat":"repeat","background-position":"center center","background-size":"auto","background-attachment":"scroll","background-type":"","background-media":"","overlay-type":"","overlay-color":"","overlay-opacity":"","overlay-gradient":""},"mobile":{"background-color":"","background-image":"","background-repeat":"repeat","background-position":"center center","background-size":"auto","background-attachment":"scroll","background-type":"","background-media":"","overlay-type":"","overlay-color":"","overlay-opacity":"","overlay-gradient":""}},"ast-content-background-meta":{"desktop":{"background-color":"var(--ast-global-color-5)","background-image":"","background-repeat":"repeat","background-position":"center center","background-size":"auto","background-attachment":"scroll","background-type":"","background-media":"","overlay-type":"","overlay-color":"","overlay-opacity":"","overlay-gradient":""},"tablet":{"background-color":"var(--ast-global-color-5)","background-image":"","background-repeat":"repeat","background-position":"center center","background-size":"auto","background-attachment":"scroll","background-type":"","background-media":"","overlay-type":"","overlay-color":"","overlay-opacity":"","overlay-gradient":""},"mobile":{"background-color":"var(--ast-global-color-5)","background-image":"","background-repeat":"repeat","background-position":"center center","background-size":"auto","background-attachment":"scroll","background-type":"","background-media":"","overlay-type":"","overlay-color":"","overlay-opacity":"","overlay-gradient":""}},"footnotes":""},"class_list":["post-1110","page","type-page","status-publish","hentry"],"_links":{"self":[{"href":"https:\/\/dropshippingb2b.com\/cs\/wp-json\/wp\/v2\/pages\/1110","targetHints":{"allow":["GET"]}}],"collection":[{"href":"https:\/\/dropshippingb2b.com\/cs\/wp-json\/wp\/v2\/pages"}],"about":[{"href":"https:\/\/dropshippingb2b.com\/cs\/wp-json\/wp\/v2\/types\/page"}],"author":[{"embeddable":true,"href":"https:\/\/dropshippingb2b.com\/cs\/wp-json\/wp\/v2\/users\/1"}],"replies":[{"embeddable":true,"href":"https:\/\/dropshippingb2b.com\/cs\/wp-json\/wp\/v2\/comments?post=1110"}],"version-history":[{"count":8,"href":"https:\/\/dropshippingb2b.com\/cs\/wp-json\/wp\/v2\/pages\/1110\/revisions"}],"predecessor-version":[{"id":5619,"href":"https:\/\/dropshippingb2b.com\/cs\/wp-json\/wp\/v2\/pages\/1110\/revisions\/5619"}],"wp:attachment":[{"href":"https:\/\/dropshippingb2b.com\/cs\/wp-json\/wp\/v2\/media?parent=1110"}],"curies":[{"name":"wp","href":"https:\/\/api.w.org\/{rel}","templated":true}]}}